{"id":907,"date":"2023-01-31T16:03:28","date_gmt":"2023-01-31T15:03:28","guid":{"rendered":"http:\/\/bbbweco.cluster031.hosting.ovh.net\/editionsastarte\/contact\/"},"modified":"2023-01-31T16:12:51","modified_gmt":"2023-01-31T15:12:51","slug":"contact","status":"publish","type":"page","link":"https:\/\/www.editionsastarte.com\/en\/contact\/","title":{"rendered":"Contact"},"content":{"rendered":"\n\n  <div class=\"banner has-hover\" id=\"banner-45351317\">\n          <div class=\"banner-inner fill\">\n        <div class=\"banner-bg fill\" >\n            <div class=\"bg fill bg-fill \"><\/div>\n                        <div class=\"overlay\"><\/div>            \n                    <\/div>\n\t\t\n        <div class=\"banner-layers container\">\n            <div class=\"fill banner-link\"><\/div>            \n   <div id=\"text-box-670116876\" class=\"text-box banner-layer x95 md-x95 lg-x95 y90 md-y90 lg-y90 res-text\">\n              <div data-parallax=\"-1\" data-parallax-fade=\"true\">                  <div class=\"text-box-content text box-shadow-5 box-shadow-3-hover dark\">\n              \n              <div class=\"text-inner text-center\">\n                  \n\t<div id=\"text-2416365136\" class=\"text\">\n\t\t\n<h3 class=\"uppercase\"><strong>\u00c9ditions Astart\u00e9<\/strong><\/h3>\n<p>58, rue Amelot<br \/>75011 PARIS<\/p>\n<p>Ouvert uniquement sur rendez-vous<\/p>\n<p><strong>Mobile :<\/strong> <a href=\"tel:00331 43 38 33 43\">06.09.81.65.57<\/a><br \/><strong>Fixe :<\/strong> <a href=\"tel:0033609816557\">01.43.38.33.43<\/a><\/p>\n<p><strong>Mail :<\/strong><span style=\"color: #666666;\">\u00a0<\/span><a href=\"mailto:contact@editionsastarte.com\">contact@editionsastarte.com<\/a><\/p>\n\t\t\n<style>\n#text-2416365136 {\n  text-align: left;\n  color: rgb(0, 0, 0);\n}\n#text-2416365136 > * {\n  color: rgb(0, 0, 0);\n}\n<\/style>\n\t<\/div>\n\t\n              <\/div>\n           <\/div>\n              <\/div>              \n<style>\n#text-box-670116876 .text-box-content {\n  background-color: rgba(255, 255, 255, 0.895);\n  border-radius: 15px;\n  font-size: 100%;\n}\n#text-box-670116876 .text-inner {\n  padding: 10px 20px 10px 20px;\n}\n#text-box-670116876 {\n  width: 50%;\n}\n<\/style>\n    <\/div>\n \n        <\/div>\n      <\/div>\n\n            \n<style>\n#banner-45351317 {\n  padding-top: 500px;\n}\n#banner-45351317 .bg.bg-loaded {\n  background-image: url(https:\/\/www.editionsastarte.com\/wp-content\/uploads\/2023\/01\/AO1.jpg);\n}\n#banner-45351317 .overlay {\n  background-color: rgba(0, 0, 0, 0);\n}\n#banner-45351317 .bg {\n  background-position: 28% 30%;\n}\n<\/style>\n  <\/div>\n\n\n<div class=\"row\"  id=\"row-2079224361\">\n\n\t<div id=\"col-1978814873\" class=\"col medium-6 large-6\"  >\n\t\t\t\t<div class=\"col-inner\"  >\n\t\t\t\n\t\t\t\n<div class=\"container section-title-container\" ><h3 class=\"section-title section-title-normal\"><b><\/b><span class=\"section-title-main\" >Foire aux questions<\/span><b><\/b><\/h3><\/div>\n<p class=\"lead\">En qu\u00eate de certaines informations ? Peut-\u00eatre les trouverez-vous ci-dessous. Sinon, n&#8217;h\u00e9sitez pas \u00e0 utiliser le formulaire ci-contre.<\/p>\n<div class=\"accordion\">\n\t<div id=\"accordion-3871049636\" class=\"accordion-item\">\n\t\t<a id=\"accordion-3871049636-label\" class=\"accordion-title plain\" href=\"#accordion-item-quels_sont_les_co\u00fbts_de_livraison_?\" aria-expanded=\"false\" aria-controls=\"accordion-3871049636-content\" >\n\t\t\t<button class=\"toggle\" aria-label=\"Toggle\"><i class=\"icon-angle-down\"><\/i><\/button>\n\t\t\t<span>Quels sont les co\u00fbts de livraison ?<\/span>\n\t\t<\/a>\n\t\t<div id=\"accordion-3871049636-content\" class=\"accordion-inner\" aria-labelledby=\"accordion-3871049636-label\" >\n\t\t\t\n<p>La participation forfaitaire aux frais de port s&#8217;\u00e9l\u00e8ve \u00e0 :<\/p>\n<li>8 \u20ac pour la France m\u00e9tropole<\/li>\n<li>15 \u20ac pour l\u2019\u00c9tranger et l&#8217;Outre-Mer<\/li>\n<p>Toutefois la livraison est offerte pour les commandes dont le montant est sup\u00e9rieur \u00e0 :<\/p>\n<li>90 \u20ac pour les exp\u00e9ditions en France m\u00e9tropole<\/li>\n<li>120 \u20ac dans le reste du monde<\/li>\n<\/ul>\n\t\t<\/div>\n\t<\/div>\n\t\n\t<div id=\"accordion-2141161709\" class=\"accordion-item\">\n\t\t<a id=\"accordion-2141161709-label\" class=\"accordion-title plain\" href=\"#accordion-item-la_livraison_est-elle_gratuite_?\" aria-expanded=\"false\" aria-controls=\"accordion-2141161709-content\" >\n\t\t\t<button class=\"toggle\" aria-label=\"Toggle\"><i class=\"icon-angle-down\"><\/i><\/button>\n\t\t\t<span>La livraison est-elle gratuite ?<\/span>\n\t\t<\/a>\n\t\t<div id=\"accordion-2141161709-content\" class=\"accordion-inner\" aria-labelledby=\"accordion-2141161709-label\" >\n\t\t\t\n<p>Oui, pour les commandes  exp\u00e9di\u00e9es en France m\u00e9tropole d\u00e8s 90 \u20ac et exp\u00e9di\u00e9es dans le reste du monde d\u00e8s 120 \u20ac <\/p>\n\t\t<\/div>\n\t<\/div>\n\t\n\t<div id=\"accordion-2118319683\" class=\"accordion-item\">\n\t\t<a id=\"accordion-2118319683-label\" class=\"accordion-title plain\" href=\"#accordion-item-quels_syst\u00e8mes_de_paiement_acceptez-vous_?\" aria-expanded=\"false\" aria-controls=\"accordion-2118319683-content\" >\n\t\t\t<button class=\"toggle\" aria-label=\"Toggle\"><i class=\"icon-angle-down\"><\/i><\/button>\n\t\t\t<span>Quels syst\u00e8mes de paiement acceptez-vous ?<\/span>\n\t\t<\/a>\n\t\t<div id=\"accordion-2118319683-content\" class=\"accordion-inner\" aria-labelledby=\"accordion-2118319683-label\" >\n\t\t\t\n<p>Nous acceptons les paiements :<\/p>\n<ul>\n<li>via Paypal<\/li>\n<li>par carte bancaire via Paypal<\/li>\n<li>par ch\u00e8que \u00e0 l&#8217;ordre de : \u00c9DITIONS ASTART\u00c9<br \/>58, rue Amelot 75011 PARIS<\/li>\n<li>\n<p>ou par virement bancaire :<br \/>COMPTE ASTART\u00c9 SOCI\u00c9T\u00c9 G\u00c9N\u00c9RALE PARIS-SAINT-AMBROISE<br \/>IBAN : FR76 30003 03152 00020029116 83<br \/>Adresse Swift : SOGEFRPP<\/p>\n<\/li>\n<\/ul>\n\t\t<\/div>\n\t<\/div>\n\t\n\t<div id=\"accordion-109537606\" class=\"accordion-item\">\n\t\t<a id=\"accordion-109537606-label\" class=\"accordion-title plain\" href=\"#accordion-item-tout_votre_stock_est-il_en_ligne_?\" aria-expanded=\"false\" aria-controls=\"accordion-109537606-content\" >\n\t\t\t<button class=\"toggle\" aria-label=\"Toggle\"><i class=\"icon-angle-down\"><\/i><\/button>\n\t\t\t<span>Tout votre stock est-il en ligne ?<\/span>\n\t\t<\/a>\n\t\t<div id=\"accordion-109537606-content\" class=\"accordion-inner\" aria-labelledby=\"accordion-109537606-label\" >\n\t\t\t\n<p>Non ! Bien au contraire. N&#8217;h\u00e9sitez pas \u00e0 nous faire part de vos desiderata. Nous vous r\u00e9pondrons dans les plus brefs d\u00e9lais.<\/p>\n\t\t<\/div>\n\t<\/div>\n\t\n<\/div>\n\t\t<\/div>\n\t\t\t\t\t<\/div>\n\n\t\n\n\t<div id=\"col-1077026413\" class=\"col medium-6 large-6\"  >\n\t\t\t\t<div class=\"col-inner\"  >\n\t\t\t\n\t\t\t\n<div class=\"container section-title-container\" ><h3 class=\"section-title section-title-normal\"><b><\/b><span class=\"section-title-main\" >Contactez-nous<\/span><b><\/b><\/h3><\/div>\n\n<div class=\"wpcf7 no-js\" id=\"wpcf7-f480-o1\" lang=\"fr-FR\" dir=\"ltr\" data-wpcf7-id=\"480\">\n<div class=\"screen-reader-response\"><p role=\"status\" aria-live=\"polite\" aria-atomic=\"true\"><\/p> <ul><\/ul><\/div>\n<form action=\"\/en\/wp-json\/wp\/v2\/pages\/907#wpcf7-f480-o1\" method=\"post\" class=\"wpcf7-form init\" aria-label=\"Formulaire de contact\" novalidate=\"novalidate\" data-status=\"init\">\n<fieldset class=\"hidden-fields-container\"><input type=\"hidden\" name=\"_wpcf7\" value=\"480\" \/><input type=\"hidden\" name=\"_wpcf7_version\" value=\"6.1.5\" \/><input type=\"hidden\" name=\"_wpcf7_locale\" value=\"fr_FR\" \/><input type=\"hidden\" name=\"_wpcf7_unit_tag\" value=\"wpcf7-f480-o1\" \/><input type=\"hidden\" name=\"_wpcf7_container_post\" value=\"0\" \/><input type=\"hidden\" name=\"_wpcf7_posted_data_hash\" value=\"\" \/><input type=\"hidden\" name=\"_wpcf7_recaptcha_response\" value=\"\" \/>\n<\/fieldset>\n<p><label>Nom et pr\u00e9nom <\/label><br \/>\n<span class=\"wpcf7-form-control-wrap\" data-name=\"your-name\"><input size=\"40\" maxlength=\"400\" class=\"wpcf7-form-control wpcf7-text wpcf7-validates-as-required\" aria-required=\"true\" aria-invalid=\"false\" value=\"\" type=\"text\" name=\"your-name\" \/><\/span>\n<\/p>\n<p><label> Email<\/label><br \/>\n<span class=\"wpcf7-form-control-wrap\" data-name=\"your-email\"><input size=\"40\" maxlength=\"400\" class=\"wpcf7-form-control wpcf7-email wpcf7-validates-as-required wpcf7-text wpcf7-validates-as-email\" aria-required=\"true\" aria-invalid=\"false\" value=\"\" type=\"email\" name=\"your-email\" \/><\/span><br \/>\n<label> Objet<\/label><br \/>\n<span class=\"wpcf7-form-control-wrap\" data-name=\"your-objet\"><select class=\"wpcf7-form-control wpcf7-select\" aria-invalid=\"false\" name=\"your-objet\"><option value=\"Une recherche\">Une recherche<\/option><option value=\"Une question\">Une question<\/option><option value=\"Un probl\u00e8me\">Un probl\u00e8me<\/option><option value=\"Un bonjour\">Un bonjour<\/option><\/select><\/span>\n<\/p>\n<p><label>Message<\/label><br \/>\n<span class=\"wpcf7-form-control-wrap\" data-name=\"your-message\"><textarea cols=\"40\" rows=\"10\" maxlength=\"2000\" class=\"wpcf7-form-control wpcf7-textarea\" aria-invalid=\"false\" name=\"your-message\"><\/textarea><\/span>\n<\/p>\n<p><input class=\"wpcf7-form-control wpcf7-submit has-spinner button\" type=\"submit\" value=\"Envoyer\" \/>\n<\/p><div class=\"wpcf7-response-output\" aria-hidden=\"true\"><\/div>\n<\/form>\n<\/div>\n\n\t\t<\/div>\n\t\t\t\t\t<\/div>\n\n\t\n<\/div>\n<p>&nbsp;<\/p>\n","protected":false},"excerpt":{"rendered":"","protected":false},"author":1,"featured_media":0,"parent":0,"menu_order":0,"comment_status":"closed","ping_status":"closed","template":"","meta":{"footnotes":""},"class_list":["post-907","page","type-page","status-publish","hentry"],"_links":{"self":[{"href":"https:\/\/www.editionsastarte.com\/en\/wp-json\/wp\/v2\/pages\/907","targetHints":{"allow":["GET"]}}],"collection":[{"href":"https:\/\/www.editionsastarte.com\/en\/wp-json\/wp\/v2\/pages"}],"about":[{"href":"https:\/\/www.editionsastarte.com\/en\/wp-json\/wp\/v2\/types\/page"}],"author":[{"embeddable":true,"href":"https:\/\/www.editionsastarte.com\/en\/wp-json\/wp\/v2\/users\/1"}],"replies":[{"embeddable":true,"href":"https:\/\/www.editionsastarte.com\/en\/wp-json\/wp\/v2\/comments?post=907"}],"version-history":[{"count":2,"href":"https:\/\/www.editionsastarte.com\/en\/wp-json\/wp\/v2\/pages\/907\/revisions"}],"predecessor-version":[{"id":909,"href":"https:\/\/www.editionsastarte.com\/en\/wp-json\/wp\/v2\/pages\/907\/revisions\/909"}],"wp:attachment":[{"href":"https:\/\/www.editionsastarte.com\/en\/wp-json\/wp\/v2\/media?parent=907"}],"curies":[{"name":"wp","href":"https:\/\/api.w.org\/{rel}","templated":true}]}}