{"id":104,"date":"2023-01-31T13:34:55","date_gmt":"2023-01-31T12:34:55","guid":{"rendered":"http:\/\/bbbweco.cluster031.hosting.ovh.net\/editionsastarte\/produit\/clownerie\/"},"modified":"2026-04-07T19:42:10","modified_gmt":"2026-04-07T17:42:10","slug":"clownerie","status":"publish","type":"product","link":"https:\/\/www.editionsastarte.com\/en\/produit\/clownerie\/","title":{"rendered":"CLOWNERIE"},"content":{"rendered":"<p>L&#8217;Anthologie \u00c9rotique<br \/>du Cin\u00e9ma Clandestin 5<br \/>\n82 minutes de film + bonus : 200 images extraites de nos archives &#038; pr\u00e9sentation avec extraits des 5 autres DVD<br \/>\n12 COURTS M\u00c9TRAGES <i> Clownerie &#8211; Service &#8211; Soir\u00e9e en Famille &#8211; Portier de Jour &#8211;  P\u00eale-m\u00eale \u00e9rotique &#8211; T\u00eate-\u00e0-Queue  &#8211; La Cueillette des Cerises &#8211; Le Repos du P\u00eacheur &#8211; Le Dragueur  &#8211; Jeux de Bains &#8211; Troublant Frou-Frou &#8211; Pique-Nique<\/i><\/p>\n<p> &#8212; <\/p>\n<p>CLOWNING<br \/>\nThe Erotic Anthology<br \/>of Clandestine Films 5<\/p>\n<p>82 minutes of film + extras: 200 pictures from our<br \/>\narchives &#038; presentation including excerpts from five other DVDs.<br \/>\n12 SHORTS FILMS <i> Clowning (around 1925, France, 5\u201934\u201d) &#8211; Service (around 1950, England, 7\u201934\u201d) &#8211; Family Evening (around 1950, Germany, 8\u201934\u201d) &#8211; Day Porter (around 1930, England, 6\u201938\u201d) &#8211; Erotic Acrobatics (around 1940, France, 4\u201930\u201d) &#8211; Heading for some Tail (around 1930, France, 1\u201947\u201d) &#8211; Picking some Sherries (around 1930, France, 1\u201955\u201d) &#8211; Fisherman\u2019s Rest (around 1930, France, 1\u201947\u201d) &#8211; The Seducer (around 1960, France, 27\u201900\u201d) &#8211; Underwater Love (around 1930, France, 6\u201926\u201d) &#8211; From Frills to Thrills (around 1930, France, 4\u201916\u201d) &#8211; A Picnic (around 1930, France, 5\u201926\u201d)<\/p>\n","protected":false},"excerpt":{"rendered":"<p>L&#8217;Anthologie \u00c9rotiquedu Cin\u00e9ma Clandestin 5 82 minutes de film + bonus : 200 images extraites de nos archives &#038; pr\u00e9sentation avec extraits des 5 autres DVD 12 COURTS M\u00c9TRAGES Clownerie &#8211; Service &#8211; Soir\u00e9e en Famille &#8211; Portier de Jour &#8211; P\u00eale-m\u00eale \u00e9rotique &#8211; T\u00eate-\u00e0-Queue &#8211; La Cueillette des Cerises &#8211; Le Repos du P\u00eacheur [&#8230;]\n","protected":false},"featured_media":103,"template":"","meta":[],"product_brand":[],"product_cat":[22],"product_tag":[],"class_list":{"0":"post-104","1":"product","2":"type-product","3":"status-publish","4":"has-post-thumbnail","6":"product_cat-anthologie-erotique-du-cinema-clandestin","8":"first","9":"instock","10":"shipping-taxable","11":"purchasable","12":"product-type-simple"},"_links":{"self":[{"href":"https:\/\/www.editionsastarte.com\/en\/wp-json\/wp\/v2\/product\/104","targetHints":{"allow":["GET"]}}],"collection":[{"href":"https:\/\/www.editionsastarte.com\/en\/wp-json\/wp\/v2\/product"}],"about":[{"href":"https:\/\/www.editionsastarte.com\/en\/wp-json\/wp\/v2\/types\/product"}],"wp:featuredmedia":[{"embeddable":true,"href":"https:\/\/www.editionsastarte.com\/en\/wp-json\/wp\/v2\/media\/103"}],"wp:attachment":[{"href":"https:\/\/www.editionsastarte.com\/en\/wp-json\/wp\/v2\/media?parent=104"}],"wp:term":[{"taxonomy":"product_brand","embeddable":true,"href":"https:\/\/www.editionsastarte.com\/en\/wp-json\/wp\/v2\/product_brand?post=104"},{"taxonomy":"product_cat","embeddable":true,"href":"https:\/\/www.editionsastarte.com\/en\/wp-json\/wp\/v2\/product_cat?post=104"},{"taxonomy":"product_tag","embeddable":true,"href":"https:\/\/www.editionsastarte.com\/en\/wp-json\/wp\/v2\/product_tag?post=104"}],"curies":[{"name":"wp","href":"https:\/\/api.w.org\/{rel}","templated":true}]}}