{"id":111,"date":"2023-01-31T13:34:56","date_gmt":"2023-01-31T12:34:56","guid":{"rendered":"http:\/\/bbbweco.cluster031.hosting.ovh.net\/editionsastarte\/produit\/scenes-orientales\/"},"modified":"2025-10-27T15:16:39","modified_gmt":"2025-10-27T14:16:39","slug":"scenes-orientales","status":"publish","type":"product","link":"https:\/\/www.editionsastarte.com\/en\/produit\/scenes-orientales\/","title":{"rendered":"SC\u00c8NES ORIENTALES"},"content":{"rendered":"<p>Alexandre DUPOUY<br \/>\nUn volume de 128 pages, reli\u00e9, cartonn\u00e9, tout en couleur, (24 x 26), plus d&#8217;une centaine d&#8217;images, publi\u00e9 par Konkursbuch Claudia Gerkhe, T\u00fcbingen<br \/>\nDupouy en Orient<\/p>\n<p> &#8212; <\/p>\n<p>SC\u00c8NES ORIENTALES<br \/>\nAlexandre DUPOUY<\/p>\n<p>Hardcover, 128 pages, 24 by 26 cm, more than a hundred photographs, hand-touched in colour, published by Konkursbuch Claudia Gerkhe, T\u00fcbingen.<br \/>\nDupouy en Orient<\/p>\n","protected":false},"excerpt":{"rendered":"<p>Alexandre DUPOUY Un volume de 128 pages, reli\u00e9, cartonn\u00e9, tout en couleur, (24 x 26), plus d&#8217;une centaine d&#8217;images, publi\u00e9 par Konkursbuch Claudia Gerkhe, T\u00fcbingen Dupouy en Orient &#8212; SC\u00c8NES ORIENTALES Alexandre DUPOUY Hardcover, 128 pages, 24 by 26 cm, more than a hundred photographs, hand-touched in colour, published by Konkursbuch Claudia Gerkhe, T\u00fcbingen. Dupouy [&#8230;]\n","protected":false},"featured_media":105,"template":"","meta":[],"product_brand":[],"product_cat":[25],"product_tag":[],"class_list":{"0":"post-111","1":"product","2":"type-product","3":"status-publish","4":"has-post-thumbnail","6":"product_cat-alexandre-dupouy-photographe","8":"first","9":"outofstock","10":"shipping-taxable","11":"purchasable","12":"product-type-simple"},"_links":{"self":[{"href":"https:\/\/www.editionsastarte.com\/en\/wp-json\/wp\/v2\/product\/111","targetHints":{"allow":["GET"]}}],"collection":[{"href":"https:\/\/www.editionsastarte.com\/en\/wp-json\/wp\/v2\/product"}],"about":[{"href":"https:\/\/www.editionsastarte.com\/en\/wp-json\/wp\/v2\/types\/product"}],"wp:featuredmedia":[{"embeddable":true,"href":"https:\/\/www.editionsastarte.com\/en\/wp-json\/wp\/v2\/media\/105"}],"wp:attachment":[{"href":"https:\/\/www.editionsastarte.com\/en\/wp-json\/wp\/v2\/media?parent=111"}],"wp:term":[{"taxonomy":"product_brand","embeddable":true,"href":"https:\/\/www.editionsastarte.com\/en\/wp-json\/wp\/v2\/product_brand?post=111"},{"taxonomy":"product_cat","embeddable":true,"href":"https:\/\/www.editionsastarte.com\/en\/wp-json\/wp\/v2\/product_cat?post=111"},{"taxonomy":"product_tag","embeddable":true,"href":"https:\/\/www.editionsastarte.com\/en\/wp-json\/wp\/v2\/product_tag?post=111"}],"curies":[{"name":"wp","href":"https:\/\/api.w.org\/{rel}","templated":true}]}}