{"id":1110,"date":"2025-04-23T13:26:47","date_gmt":"2025-04-23T11:26:47","guid":{"rendered":"https:\/\/www.editionsastarte.com\/?post_type=product&#038;p=1110"},"modified":"2025-04-23T13:26:47","modified_gmt":"2025-04-23T11:26:47","slug":"marins-tatoues","status":"publish","type":"product","link":"https:\/\/www.editionsastarte.com\/en\/produit\/marins-tatoues\/","title":{"rendered":"Marins tatou\u00e9s"},"content":{"rendered":"<p>J\u00e9r\u00f4me Pierrat et \u00c9ric Guillon.<\/p>\n<p>Marins tatou\u00e9s. Portraits de marins 1890-1940. \u00c9dition bilingue. La Manufacture de livres, 2018. Un volume cartonn\u00e9 (24,5 x 17 cm) de 153 pages.<\/p>\n<p>\u00c0 travers plus de cent soixante photographies de marins am\u00e9ricains, ce beau livre nous pr\u00e9sente l\u2019histoire de cette pratique, d\u00e9cryptant les diff\u00e9rents motifs et dessins des tatou\u00e9s avec une s\u00e9rie d\u2019illustrations originales, m\u00ealant esth\u00e9tique du portrait photo et archives uniques.<\/p>\n","protected":false},"excerpt":{"rendered":"<p>J\u00e9r\u00f4me Pierrat et \u00c9ric Guillon. Marins tatou\u00e9s. Portraits de marins 1890-1940. \u00c9dition bilingue. La Manufacture de livres, 2018. Un volume cartonn\u00e9 (24,5 x 17 cm) de 153 pages. \u00c0 travers plus de cent soixante photographies de marins am\u00e9ricains, ce beau livre nous pr\u00e9sente l\u2019histoire de cette pratique, d\u00e9cryptant les diff\u00e9rents motifs et dessins des tatou\u00e9s [&#8230;]\n","protected":false},"featured_media":1112,"template":"","meta":[],"product_brand":[],"product_cat":[26,24],"product_tag":[],"class_list":{"0":"post-1110","1":"product","2":"type-product","3":"status-publish","4":"has-post-thumbnail","6":"product_cat-les-beaux-livres","7":"product_cat-nos-coups-de-coeur","9":"first","10":"instock","11":"shipping-taxable","12":"purchasable","13":"product-type-simple"},"_links":{"self":[{"href":"https:\/\/www.editionsastarte.com\/en\/wp-json\/wp\/v2\/product\/1110","targetHints":{"allow":["GET"]}}],"collection":[{"href":"https:\/\/www.editionsastarte.com\/en\/wp-json\/wp\/v2\/product"}],"about":[{"href":"https:\/\/www.editionsastarte.com\/en\/wp-json\/wp\/v2\/types\/product"}],"wp:featuredmedia":[{"embeddable":true,"href":"https:\/\/www.editionsastarte.com\/en\/wp-json\/wp\/v2\/media\/1112"}],"wp:attachment":[{"href":"https:\/\/www.editionsastarte.com\/en\/wp-json\/wp\/v2\/media?parent=1110"}],"wp:term":[{"taxonomy":"product_brand","embeddable":true,"href":"https:\/\/www.editionsastarte.com\/en\/wp-json\/wp\/v2\/product_brand?post=1110"},{"taxonomy":"product_cat","embeddable":true,"href":"https:\/\/www.editionsastarte.com\/en\/wp-json\/wp\/v2\/product_cat?post=1110"},{"taxonomy":"product_tag","embeddable":true,"href":"https:\/\/www.editionsastarte.com\/en\/wp-json\/wp\/v2\/product_tag?post=1110"}],"curies":[{"name":"wp","href":"https:\/\/api.w.org\/{rel}","templated":true}]}}