{"id":1116,"date":"2025-04-23T13:25:10","date_gmt":"2025-04-23T11:25:10","guid":{"rendered":"https:\/\/www.editionsastarte.com\/?post_type=product&#038;p=1116"},"modified":"2026-03-15T19:08:01","modified_gmt":"2026-03-15T18:08:01","slug":"le-sexe-de-la-femme","status":"publish","type":"product","link":"https:\/\/www.editionsastarte.com\/en\/produit\/le-sexe-de-la-femme\/","title":{"rendered":"Le Sexe de la femme"},"content":{"rendered":"<p>Pierre LOU\u0178S.<\/p>\n<p>Le Sexe de la femme. Petite m\u00e9thode de vulve, 1892-1914. La Manufacture de livres, 2023. Illustr\u00e9 de 120 photographies en noir et blanc. Un volume cartonn\u00e9 de 188 pages , 24 x 17 cm.<\/p>\n<p>Aucun des textes consid\u00e9r\u00e9s comme appartenant \u00e0 l\u2019\u0153uvre \u00e9rotique de Pierre Lou\u00ffs n\u2019a \u00e9t\u00e9 publi\u00e9 de son vivant. Pour sa singuli\u00e8re Petite m\u00e9thode de vulve, il semble qu\u2019il r\u00e9alisa d\u2019abord une table des mati\u00e8res, puis qu\u2019il pla\u00e7a un titre sur chacune des pages du cahier qu\u2019il compl\u00e8tera plus tard au fil de ses id\u00e9es. Certaines pages demeurent juste titr\u00e9es, d\u2019autres sujets sont largement comment\u00e9s. Pour la premi\u00e8re fois, ce carnet est publi\u00e9 en version int\u00e9grale dans une \u00e9dition qui met en regard des photographies issues de sa collection.<\/p>\n","protected":false},"excerpt":{"rendered":"<p>Pierre LOU\u0178S. Le Sexe de la femme. Petite m\u00e9thode de vulve, 1892-1914. La Manufacture de livres, 2023. Illustr\u00e9 de 120 photographies en noir et blanc. Un volume cartonn\u00e9 de 188 pages , 24 x 17 cm. Aucun des textes consid\u00e9r\u00e9s comme appartenant \u00e0 l\u2019\u0153uvre \u00e9rotique de Pierre Lou\u00ffs n\u2019a \u00e9t\u00e9 publi\u00e9 de son vivant. Pour [&#8230;]\n","protected":false},"featured_media":1117,"template":"","meta":[],"product_brand":[],"product_cat":[27,26,24],"product_tag":[],"class_list":{"0":"post-1116","1":"product","2":"type-product","3":"status-publish","4":"has-post-thumbnail","6":"product_cat-la-photographie-erotique","7":"product_cat-les-beaux-livres","8":"product_cat-nos-coups-de-coeur","10":"first","11":"instock","12":"shipping-taxable","13":"purchasable","14":"product-type-simple"},"_links":{"self":[{"href":"https:\/\/www.editionsastarte.com\/en\/wp-json\/wp\/v2\/product\/1116","targetHints":{"allow":["GET"]}}],"collection":[{"href":"https:\/\/www.editionsastarte.com\/en\/wp-json\/wp\/v2\/product"}],"about":[{"href":"https:\/\/www.editionsastarte.com\/en\/wp-json\/wp\/v2\/types\/product"}],"wp:featuredmedia":[{"embeddable":true,"href":"https:\/\/www.editionsastarte.com\/en\/wp-json\/wp\/v2\/media\/1117"}],"wp:attachment":[{"href":"https:\/\/www.editionsastarte.com\/en\/wp-json\/wp\/v2\/media?parent=1116"}],"wp:term":[{"taxonomy":"product_brand","embeddable":true,"href":"https:\/\/www.editionsastarte.com\/en\/wp-json\/wp\/v2\/product_brand?post=1116"},{"taxonomy":"product_cat","embeddable":true,"href":"https:\/\/www.editionsastarte.com\/en\/wp-json\/wp\/v2\/product_cat?post=1116"},{"taxonomy":"product_tag","embeddable":true,"href":"https:\/\/www.editionsastarte.com\/en\/wp-json\/wp\/v2\/product_tag?post=1116"}],"curies":[{"name":"wp","href":"https:\/\/api.w.org\/{rel}","templated":true}]}}