{"id":1128,"date":"2025-04-23T13:29:31","date_gmt":"2025-04-23T11:29:31","guid":{"rendered":"https:\/\/www.editionsastarte.com\/?post_type=product&#038;p=1128"},"modified":"2026-02-11T19:22:18","modified_gmt":"2026-02-11T18:22:18","slug":"vie-de-prostituee","status":"publish","type":"product","link":"https:\/\/www.editionsastarte.com\/en\/produit\/vie-de-prostituee\/","title":{"rendered":"Vie de prostitu\u00e9e"},"content":{"rendered":"<p>Marie-Th\u00e9r\u00e8se.<\/p>\n<p>Vie de prostitu\u00e9e. Photographies et texte int\u00e9gral pr\u00e9sent\u00e9s par Alexandre Dupouy. La Manufacture de livres, 2022. Un volume cartonn\u00e9 de 180 pages, 24 x 17 cm.<\/p>\n<p><em>Vie de prostitu\u00e9e<\/em>\u00a0est une \u0153uvre insolite et poignante. L\u2019autrice, une certaine Marie-Th\u00e9r\u00e8se, y d\u00e9crit sans d\u00e9tour sa condition de femme qui gagna sa vie en offrant son corps. Des \u00e9l\u00e9gantes maisons closes aux trottoirs de Paris, des bordels \u00e0 soldats aux caves obscures, elle nous raconte sans fards et sans paillettes la r\u00e9alit\u00e9 du plus vieux m\u00e9tier du monde. Cette nouvelle \u00e9dition du texte l\u00e9gendaire est illustr\u00e9e de photographies d\u2019\u00e9poque, t\u00e9moignant de ces vies de femmes.<\/p>\n","protected":false},"excerpt":{"rendered":"<p>Marie-Th\u00e9r\u00e8se. Vie de prostitu\u00e9e. Photographies et texte int\u00e9gral pr\u00e9sent\u00e9s par Alexandre Dupouy. La Manufacture de livres, 2022. Un volume cartonn\u00e9 de 180 pages, 24 x 17 cm. Vie de prostitu\u00e9e\u00a0est une \u0153uvre insolite et poignante. L\u2019autrice, une certaine Marie-Th\u00e9r\u00e8se, y d\u00e9crit sans d\u00e9tour sa condition de femme qui gagna sa vie en offrant son corps. [&#8230;]\n","protected":false},"featured_media":1119,"template":"","meta":[],"product_brand":[],"product_cat":[24],"product_tag":[],"class_list":{"0":"post-1128","1":"product","2":"type-product","3":"status-publish","4":"has-post-thumbnail","6":"product_cat-nos-coups-de-coeur","8":"first","9":"instock","10":"shipping-taxable","11":"purchasable","12":"product-type-simple"},"_links":{"self":[{"href":"https:\/\/www.editionsastarte.com\/en\/wp-json\/wp\/v2\/product\/1128","targetHints":{"allow":["GET"]}}],"collection":[{"href":"https:\/\/www.editionsastarte.com\/en\/wp-json\/wp\/v2\/product"}],"about":[{"href":"https:\/\/www.editionsastarte.com\/en\/wp-json\/wp\/v2\/types\/product"}],"wp:featuredmedia":[{"embeddable":true,"href":"https:\/\/www.editionsastarte.com\/en\/wp-json\/wp\/v2\/media\/1119"}],"wp:attachment":[{"href":"https:\/\/www.editionsastarte.com\/en\/wp-json\/wp\/v2\/media?parent=1128"}],"wp:term":[{"taxonomy":"product_brand","embeddable":true,"href":"https:\/\/www.editionsastarte.com\/en\/wp-json\/wp\/v2\/product_brand?post=1128"},{"taxonomy":"product_cat","embeddable":true,"href":"https:\/\/www.editionsastarte.com\/en\/wp-json\/wp\/v2\/product_cat?post=1128"},{"taxonomy":"product_tag","embeddable":true,"href":"https:\/\/www.editionsastarte.com\/en\/wp-json\/wp\/v2\/product_tag?post=1128"}],"curies":[{"name":"wp","href":"https:\/\/api.w.org\/{rel}","templated":true}]}}