{"id":1129,"date":"2025-04-23T13:29:04","date_gmt":"2025-04-23T11:29:04","guid":{"rendered":"https:\/\/www.editionsastarte.com\/?post_type=product&#038;p=1129"},"modified":"2025-04-23T13:29:04","modified_gmt":"2025-04-23T11:29:04","slug":"capitale-du-plaisir","status":"publish","type":"product","link":"https:\/\/www.editionsastarte.com\/en\/produit\/capitale-du-plaisir\/","title":{"rendered":"Capitale du plaisir"},"content":{"rendered":"<p>Alexandre DUPOUY<\/p>\n<p>Capitale du plaisir, Paris entre deux guerres. La Manufactures des livres, 2019. Un volume cartonn\u00e9 de 176 pages, 24 x 17 cm.<\/p>\n<p>Apr\u00e8s la Premi\u00e8re Guerre mondiale, Paris devient la ville o\u00f9 tous les plaisirs sont \u00e0 port\u00e9e de main. Place \u00e0 la f\u00eate\u00a0! De nombreux artistes des quatre coins du globe tentent l\u2019aventure de la lib\u00e9ralisation des m\u0153urs et deviennent les rois de Montparnasse. Les Ann\u00e9es folles, \u00ab\u00a0d\u00e9cade de l\u2019illusion\u00a0\u00bb, vont donner lieu \u00e0 dix ans de f\u00eates, d\u2019orgies, de cr\u00e9ations et d\u2019inventions. \u00c9mancipation f\u00e9minine, homosexualit\u00e9s qui s\u2019affichent, banalisation du divorce, prostitution&#8230; Plus que jamais Paris est la capitale de l\u2019amour, du vice et des plaisirs.<\/p>\n","protected":false},"excerpt":{"rendered":"<p>Alexandre DUPOUY Capitale du plaisir, Paris entre deux guerres. La Manufactures des livres, 2019. Un volume cartonn\u00e9 de 176 pages, 24 x 17 cm. Apr\u00e8s la Premi\u00e8re Guerre mondiale, Paris devient la ville o\u00f9 tous les plaisirs sont \u00e0 port\u00e9e de main. Place \u00e0 la f\u00eate\u00a0! De nombreux artistes des quatre coins du globe tentent [&#8230;]\n","protected":false},"featured_media":1123,"template":"","meta":[],"product_brand":[],"product_cat":[26,24],"product_tag":[],"class_list":{"0":"post-1129","1":"product","2":"type-product","3":"status-publish","4":"has-post-thumbnail","6":"product_cat-les-beaux-livres","7":"product_cat-nos-coups-de-coeur","9":"first","10":"instock","11":"shipping-taxable","12":"purchasable","13":"product-type-simple"},"_links":{"self":[{"href":"https:\/\/www.editionsastarte.com\/en\/wp-json\/wp\/v2\/product\/1129","targetHints":{"allow":["GET"]}}],"collection":[{"href":"https:\/\/www.editionsastarte.com\/en\/wp-json\/wp\/v2\/product"}],"about":[{"href":"https:\/\/www.editionsastarte.com\/en\/wp-json\/wp\/v2\/types\/product"}],"wp:featuredmedia":[{"embeddable":true,"href":"https:\/\/www.editionsastarte.com\/en\/wp-json\/wp\/v2\/media\/1123"}],"wp:attachment":[{"href":"https:\/\/www.editionsastarte.com\/en\/wp-json\/wp\/v2\/media?parent=1129"}],"wp:term":[{"taxonomy":"product_brand","embeddable":true,"href":"https:\/\/www.editionsastarte.com\/en\/wp-json\/wp\/v2\/product_brand?post=1129"},{"taxonomy":"product_cat","embeddable":true,"href":"https:\/\/www.editionsastarte.com\/en\/wp-json\/wp\/v2\/product_cat?post=1129"},{"taxonomy":"product_tag","embeddable":true,"href":"https:\/\/www.editionsastarte.com\/en\/wp-json\/wp\/v2\/product_tag?post=1129"}],"curies":[{"name":"wp","href":"https:\/\/api.w.org\/{rel}","templated":true}]}}