{"id":1131,"date":"2025-04-23T13:27:51","date_gmt":"2025-04-23T11:27:51","guid":{"rendered":"https:\/\/www.editionsastarte.com\/?post_type=product&#038;p=1131"},"modified":"2025-09-21T20:56:50","modified_gmt":"2025-09-21T18:56:50","slug":"lalbum-pornographique-de-michel-simon","status":"publish","type":"product","link":"https:\/\/www.editionsastarte.com\/en\/produit\/lalbum-pornographique-de-michel-simon\/","title":{"rendered":"L\u2019Album pornographique de Michel Simon"},"content":{"rendered":"<p>Alexandre DUPOUY<\/p>\n<p>L\u2019Album pornographique de Michel Simon. La Manufacture de livres, 2020. Un volume cartonn\u00e9 de 180 pages, 24 x 17 cm.<\/p>\n<p>V\u00e9ritable mus\u00e9e des frasques libertines de notre soci\u00e9t\u00e9, la collection constitu\u00e9e d\u2019abord par Pierre Lou\u00ffs fut enrichie par l\u2019acteur Michel Simon qui ne faisait pas myst\u00e8re de ses go\u00fbts et de ses app\u00e9tits en la mati\u00e8re. Deux ans apr\u00e8s la mort de cette l\u00e9gende du cin\u00e9ma fran\u00e7ais, ce ne sont pas moins de treize mille pi\u00e8ces ayant appartenues \u00e0 l\u2019acteur qui sont dispers\u00e9es par ses h\u00e9ritiers. Photos, mais aussi \u00e9ditions originales de Sade, godemich\u00e9s fameux, automates \u00abentreprenants\u00bb composent ce qui constitua la plus importante collection au monde sur le sujet. Ne se contentant pas de collecter, Michel Simon tenait \u00e0 enrichir son patrimoine des souvenirs de sa sexualit\u00e9 hors norme. Cet album pr\u00e9sente pour la premi\u00e8re fois au public les photos personnelles de l\u2019illustre pornocrate. Complexe, parfois effrayant, souvent attachant, l\u2019exceptionnel Michel Simon fut tout autant un monstre sacr\u00e9 qu\u2019un sacr\u00e9 monstre\u2026<\/p>\n","protected":false},"excerpt":{"rendered":"<p>Alexandre DUPOUY L\u2019Album pornographique de Michel Simon. La Manufacture de livres, 2020. Un volume cartonn\u00e9 de 180 pages, 24 x 17 cm. V\u00e9ritable mus\u00e9e des frasques libertines de notre soci\u00e9t\u00e9, la collection constitu\u00e9e d\u2019abord par Pierre Lou\u00ffs fut enrichie par l\u2019acteur Michel Simon qui ne faisait pas myst\u00e8re de ses go\u00fbts et de ses app\u00e9tits [&#8230;]\n","protected":false},"featured_media":1121,"template":"","meta":[],"product_brand":[],"product_cat":[24],"product_tag":[],"class_list":{"0":"post-1131","1":"product","2":"type-product","3":"status-publish","4":"has-post-thumbnail","6":"product_cat-nos-coups-de-coeur","8":"first","9":"instock","10":"shipping-taxable","11":"purchasable","12":"product-type-simple"},"_links":{"self":[{"href":"https:\/\/www.editionsastarte.com\/en\/wp-json\/wp\/v2\/product\/1131","targetHints":{"allow":["GET"]}}],"collection":[{"href":"https:\/\/www.editionsastarte.com\/en\/wp-json\/wp\/v2\/product"}],"about":[{"href":"https:\/\/www.editionsastarte.com\/en\/wp-json\/wp\/v2\/types\/product"}],"wp:featuredmedia":[{"embeddable":true,"href":"https:\/\/www.editionsastarte.com\/en\/wp-json\/wp\/v2\/media\/1121"}],"wp:attachment":[{"href":"https:\/\/www.editionsastarte.com\/en\/wp-json\/wp\/v2\/media?parent=1131"}],"wp:term":[{"taxonomy":"product_brand","embeddable":true,"href":"https:\/\/www.editionsastarte.com\/en\/wp-json\/wp\/v2\/product_brand?post=1131"},{"taxonomy":"product_cat","embeddable":true,"href":"https:\/\/www.editionsastarte.com\/en\/wp-json\/wp\/v2\/product_cat?post=1131"},{"taxonomy":"product_tag","embeddable":true,"href":"https:\/\/www.editionsastarte.com\/en\/wp-json\/wp\/v2\/product_tag?post=1131"}],"curies":[{"name":"wp","href":"https:\/\/api.w.org\/{rel}","templated":true}]}}