{"id":125,"date":"2023-01-31T13:34:58","date_gmt":"2023-01-31T12:34:58","guid":{"rendered":"http:\/\/bbbweco.cluster031.hosting.ovh.net\/editionsastarte\/produit\/scenes-libertines\/"},"modified":"2026-01-05T21:04:47","modified_gmt":"2026-01-05T20:04:47","slug":"scenes-libertines","status":"publish","type":"product","link":"https:\/\/www.editionsastarte.com\/en\/produit\/scenes-libertines\/","title":{"rendered":"SC\u00c8NES LIBERTINES"},"content":{"rendered":"<p>Alexandre DUPOUY<br \/>\nUn volume de 128 pages, reli\u00e9, cartonn\u00e9, tout en couleur, (24 x 26), plus d&#8217;une centaine d&#8217;images, publi\u00e9 par Konkursbuch Claudia Gerkhe, T\u00fcbingen<br \/>\nApr\u00e8s les philosophes, le photographe entre dans le boudoir pour \u00e9pier les h\u00e9ro\u00efnes de la litt\u00e9rature du si\u00e8cle des Lumi\u00e8res, nous apportant la preuve que le libertinage ne peut mourir.<\/p>\n<p> &#8212; <\/p>\n<p>SC\u00c8NES LIBERTINES<br \/>\nAlexandre DUPOUY<\/p>\n<p>Hardcover, 128 pages, 24 by 26 cm, more than a hundred photographs, hand-touched in colour, published by Konkursbuch Claudia Gerkhe, T\u00fcbingen.<br \/>\nAs philosophers previously did, the photographer enters the boudoir to spy on the heroines in the eighteenth-century French literature and gives us evidence that libertinism cannot die.<\/p>\n","protected":false},"excerpt":{"rendered":"<p>Alexandre DUPOUY Un volume de 128 pages, reli\u00e9, cartonn\u00e9, tout en couleur, (24 x 26), plus d&#8217;une centaine d&#8217;images, publi\u00e9 par Konkursbuch Claudia Gerkhe, T\u00fcbingen Apr\u00e8s les philosophes, le photographe entre dans le boudoir pour \u00e9pier les h\u00e9ro\u00efnes de la litt\u00e9rature du si\u00e8cle des Lumi\u00e8res, nous apportant la preuve que le libertinage ne peut mourir. [&#8230;]\n","protected":false},"featured_media":119,"template":"","meta":[],"product_brand":[],"product_cat":[25],"product_tag":[],"class_list":{"0":"post-125","1":"product","2":"type-product","3":"status-publish","4":"has-post-thumbnail","6":"product_cat-alexandre-dupouy-photographe","8":"first","9":"instock","10":"shipping-taxable","11":"purchasable","12":"product-type-simple"},"_links":{"self":[{"href":"https:\/\/www.editionsastarte.com\/en\/wp-json\/wp\/v2\/product\/125","targetHints":{"allow":["GET"]}}],"collection":[{"href":"https:\/\/www.editionsastarte.com\/en\/wp-json\/wp\/v2\/product"}],"about":[{"href":"https:\/\/www.editionsastarte.com\/en\/wp-json\/wp\/v2\/types\/product"}],"wp:featuredmedia":[{"embeddable":true,"href":"https:\/\/www.editionsastarte.com\/en\/wp-json\/wp\/v2\/media\/119"}],"wp:attachment":[{"href":"https:\/\/www.editionsastarte.com\/en\/wp-json\/wp\/v2\/media?parent=125"}],"wp:term":[{"taxonomy":"product_brand","embeddable":true,"href":"https:\/\/www.editionsastarte.com\/en\/wp-json\/wp\/v2\/product_brand?post=125"},{"taxonomy":"product_cat","embeddable":true,"href":"https:\/\/www.editionsastarte.com\/en\/wp-json\/wp\/v2\/product_cat?post=125"},{"taxonomy":"product_tag","embeddable":true,"href":"https:\/\/www.editionsastarte.com\/en\/wp-json\/wp\/v2\/product_tag?post=125"}],"curies":[{"name":"wp","href":"https:\/\/api.w.org\/{rel}","templated":true}]}}