{"id":127,"date":"2023-01-31T13:34:58","date_gmt":"2023-01-31T12:34:58","guid":{"rendered":"http:\/\/bbbweco.cluster031.hosting.ovh.net\/editionsastarte\/produit\/le-ruban\/"},"modified":"2024-04-07T18:00:06","modified_gmt":"2024-04-07T16:00:06","slug":"le-ruban","status":"publish","type":"product","link":"https:\/\/www.editionsastarte.com\/en\/produit\/le-ruban\/","title":{"rendered":"LE RUBAN"},"content":{"rendered":"<p>Jean Feixas<br \/>\nUn volume reli\u00e9, 352 pages, (17 x 23), publi\u00e9 par les \u00e9ditions Gawsewitch Jean-Claude, plus de 250 Illustrations et photographies d&#8217;\u00e9poque.<br \/>\nDe 1850 \u00e0 1950, la prostitution de la rue (le ruban, en argot, c\u2019est le trottoir) connut une p\u00e9riode \u00e9trangement sublim\u00e9e. Les filles qui, jusque-l\u00e0, s\u2019\u00e9taient faites discr\u00e8tes et les prox\u00e9n\u00e8tes, toujours furtifs, revendiqu\u00e8rent \u00e0 grands cris leur \u00e9tat, en narguant effront\u00e9ment la police. Ils rev\u00eatirent un v\u00e9ritable uniforme du m\u00e9tier, avec des codes stricts. Ils se tatou\u00e8rent fi\u00e8rement, portant en bandouli\u00e8re profession de foi et casier judiciaire. Ils fr\u00e9quent\u00e8rent les aquariums, des caf\u00e9s et bals sp\u00e9cifiques, de hauts lieux o\u00f9 se risquaient le bourgeois admiratif et son \u00e9pouse frissonnante. On leur accorda des vertus essentielles, de courage, de sens de l\u2019honneur et m\u00eame de\u2026 fid\u00e9lit\u00e9 ! Un courant qui inspira les artistes, et parmi les plus grands (peintres, po\u00e8tes et \u00e9crivains), emportant tout sens critique, charriant autant d\u2019ordures que de p\u00e9pites. Un surprenant t\u00e9moignage social !<\/p>\n<p> &#8212; <\/p>\n","protected":false},"excerpt":{"rendered":"<p>Jean Feixas Un volume reli\u00e9, 352 pages, (17 x 23), publi\u00e9 par les \u00e9ditions Gawsewitch Jean-Claude, plus de 250 Illustrations et photographies d&#8217;\u00e9poque. De 1850 \u00e0 1950, la prostitution de la rue (le ruban, en argot, c\u2019est le trottoir) connut une p\u00e9riode \u00e9trangement sublim\u00e9e. Les filles qui, jusque-l\u00e0, s\u2019\u00e9taient faites discr\u00e8tes et les prox\u00e9n\u00e8tes, toujours [&#8230;]\n","protected":false},"featured_media":126,"template":"","meta":[],"product_brand":[],"product_cat":[26],"product_tag":[],"class_list":{"0":"post-127","1":"product","2":"type-product","3":"status-publish","4":"has-post-thumbnail","6":"product_cat-les-beaux-livres","8":"first","9":"instock","10":"shipping-taxable","11":"purchasable","12":"product-type-simple"},"_links":{"self":[{"href":"https:\/\/www.editionsastarte.com\/en\/wp-json\/wp\/v2\/product\/127","targetHints":{"allow":["GET"]}}],"collection":[{"href":"https:\/\/www.editionsastarte.com\/en\/wp-json\/wp\/v2\/product"}],"about":[{"href":"https:\/\/www.editionsastarte.com\/en\/wp-json\/wp\/v2\/types\/product"}],"wp:featuredmedia":[{"embeddable":true,"href":"https:\/\/www.editionsastarte.com\/en\/wp-json\/wp\/v2\/media\/126"}],"wp:attachment":[{"href":"https:\/\/www.editionsastarte.com\/en\/wp-json\/wp\/v2\/media?parent=127"}],"wp:term":[{"taxonomy":"product_brand","embeddable":true,"href":"https:\/\/www.editionsastarte.com\/en\/wp-json\/wp\/v2\/product_brand?post=127"},{"taxonomy":"product_cat","embeddable":true,"href":"https:\/\/www.editionsastarte.com\/en\/wp-json\/wp\/v2\/product_cat?post=127"},{"taxonomy":"product_tag","embeddable":true,"href":"https:\/\/www.editionsastarte.com\/en\/wp-json\/wp\/v2\/product_tag?post=127"}],"curies":[{"name":"wp","href":"https:\/\/api.w.org\/{rel}","templated":true}]}}