{"id":133,"date":"2023-01-31T13:34:59","date_gmt":"2023-01-31T12:34:59","guid":{"rendered":"http:\/\/bbbweco.cluster031.hosting.ovh.net\/editionsastarte\/produit\/la-photographie-erotique\/"},"modified":"2026-01-05T21:04:25","modified_gmt":"2026-01-05T20:04:25","slug":"la-photographie-erotique","status":"publish","type":"product","link":"https:\/\/www.editionsastarte.com\/en\/produit\/la-photographie-erotique\/","title":{"rendered":"LA PHOTOGRAPHIE \u00c9ROTIQUE"},"content":{"rendered":"<p>Alexandre DUPOUY<br \/>\nUn volume reli\u00e9, cartonn\u00e9, avec jaquette, imprim\u00e9 en couleur, 256 pages, (24 x 32), Parkstone, New York<br \/>\nDes centaines de photographies anciennes de 1850 \u00e0 1940<\/p>\n<p> &#8212; <\/p>\n<p>LA PHOTOGRAPHIE \u00c9ROTIQUE<br \/>\nAlexandre DUPOUY<\/p>\n<p>Hardcover jacketed book, full colour, 256 pages, 24 x 32 cm, published by Parkstone, New York<br \/>\nThousands of vintages photographs from 1850 to 1940<\/p>\n","protected":false},"excerpt":{"rendered":"<p>Alexandre DUPOUY Un volume reli\u00e9, cartonn\u00e9, avec jaquette, imprim\u00e9 en couleur, 256 pages, (24 x 32), Parkstone, New York Des centaines de photographies anciennes de 1850 \u00e0 1940 &#8212; LA PHOTOGRAPHIE \u00c9ROTIQUE Alexandre DUPOUY Hardcover jacketed book, full colour, 256 pages, 24 x 32 cm, published by Parkstone, New York Thousands of vintages photographs from [&#8230;]\n","protected":false},"featured_media":128,"template":"","meta":[],"product_brand":[],"product_cat":[27],"product_tag":[],"class_list":{"0":"post-133","1":"product","2":"type-product","3":"status-publish","4":"has-post-thumbnail","6":"product_cat-la-photographie-erotique","8":"first","9":"instock","10":"shipping-taxable","11":"purchasable","12":"product-type-simple"},"_links":{"self":[{"href":"https:\/\/www.editionsastarte.com\/en\/wp-json\/wp\/v2\/product\/133","targetHints":{"allow":["GET"]}}],"collection":[{"href":"https:\/\/www.editionsastarte.com\/en\/wp-json\/wp\/v2\/product"}],"about":[{"href":"https:\/\/www.editionsastarte.com\/en\/wp-json\/wp\/v2\/types\/product"}],"wp:featuredmedia":[{"embeddable":true,"href":"https:\/\/www.editionsastarte.com\/en\/wp-json\/wp\/v2\/media\/128"}],"wp:attachment":[{"href":"https:\/\/www.editionsastarte.com\/en\/wp-json\/wp\/v2\/media?parent=133"}],"wp:term":[{"taxonomy":"product_brand","embeddable":true,"href":"https:\/\/www.editionsastarte.com\/en\/wp-json\/wp\/v2\/product_brand?post=133"},{"taxonomy":"product_cat","embeddable":true,"href":"https:\/\/www.editionsastarte.com\/en\/wp-json\/wp\/v2\/product_cat?post=133"},{"taxonomy":"product_tag","embeddable":true,"href":"https:\/\/www.editionsastarte.com\/en\/wp-json\/wp\/v2\/product_tag?post=133"}],"curies":[{"name":"wp","href":"https:\/\/api.w.org\/{rel}","templated":true}]}}