{"id":149,"date":"2023-01-31T13:35:03","date_gmt":"2023-01-31T12:35:03","guid":{"rendered":"http:\/\/bbbweco.cluster031.hosting.ovh.net\/editionsastarte\/produit\/le-calvaire-dun-amant\/"},"modified":"2023-10-18T13:01:14","modified_gmt":"2023-10-18T11:01:14","slug":"le-calvaire-dun-amant","status":"publish","type":"product","link":"https:\/\/www.editionsastarte.com\/en\/produit\/le-calvaire-dun-amant\/","title":{"rendered":"LE CALVAIRE D&#8217;UN AMANT"},"content":{"rendered":"<p>Alphonse Tissandier<br \/>\nUn des 300 exemplaires broch\u00e9s de 176 pages (132 x 215). Le texte est accompagn\u00e9 de seize photographies d&#8217;\u00e9poque et d&#8217;un frontispice illustr\u00e9.<br \/>\nOisif richissime, Philippe des Roches illustre toutefois l\u2019adage \u00ab l\u2019argent ne fait pas le bonheur \u00bb. Nul n\u2019est avis\u00e9 de la r\u00e9alit\u00e9 de sa vie amoureuse qu\u2019il tient jalousement cach\u00e9e car, insatiable de sensations \u00e9tranges, son seul but est de devenir l\u2019esclave d\u2019une femme\u2026 Or, comment satisfaire cette fascination sans n\u2019avoir recours qu\u2019\u00e0 des professionnelles froides et distantes ?<br \/>\nR\u00e9pondant \u00e0 l\u2019annonce \u00ab Dame seule demande \u00e9l\u00e8ve tr\u00e8s soumis pour le\u00e7ons d&#8217;anglais. \u00c9crire\u2026 \u00bb, Des Roches rencontre Rose Delcamp. Cette jeune ma\u00eetresse, redoutable \u00ab dompteuse d\u2019hommes \u00bb manie avec raffinement l\u2019art de la domination, exploite avec subtilit\u00e9 les m\u00e9andres du f\u00e9tichisme et r\u00e9pond aux affres de l\u2019amour avec une m\u00e9thode toute singuli\u00e8re\u2026<br \/>\nParu en 1930, Le Calvaire d\u2019un amant signe une \u0153uvre d\u00e9licate et troublante dans l\u2019atmosph\u00e8re lascive et perverse de la fin des Ann\u00e9es folles.<\/p>\n<p> &#8212; <\/p>\n<p>LE CALVAIRE D&#8217;UN AMANT<br \/>\nAlphonse Tissandier<\/p>\n<p>Un des 300 exemplaires broch\u00e9s de 176 pages (132 x 215). Le texte est accompagn\u00e9 de seize photographies d&#8217;\u00e9poque et d&#8217;un frontispice illustr\u00e9.<br \/>\nOisif richissime, Philippe des Roches illustre toutefois l\u2019adage \u00ab l\u2019argent ne fait pas le bonheur \u00bb. Nul n\u2019est avis\u00e9 de la r\u00e9alit\u00e9 de sa vie amoureuse qu\u2019il tient jalousement cach\u00e9e car, insatiable de sensations \u00e9tranges, son seul but est de devenir l\u2019esclave d\u2019une femme\u2026 Or, comment satisfaire cette fascination sans n\u2019avoir recours qu\u2019\u00e0 des professionnelles froides et distantes ?<br \/>\nR\u00e9pondant \u00e0 l\u2019annonce \u00ab Dame seule demande \u00e9l\u00e8ve tr\u00e8s soumis pour le\u00e7ons d&#8217;anglais. \u00c9crire\u2026 \u00bb, Des Roches rencontre Rose Delcamp. Cette jeune ma\u00eetresse, redoutable \u00ab dompteuse d\u2019hommes \u00bb manie avec raffinement l\u2019art de la domination, exploite avec subtilit\u00e9 les m\u00e9andres du f\u00e9tichisme et r\u00e9pond aux affres de l\u2019amour avec une m\u00e9thode toute singuli\u00e8re\u2026<br \/>\nParu en 1930, Le Calvaire d\u2019un amant signe une \u0153uvre d\u00e9licate et troublante dans l\u2019atmosph\u00e8re lascive et perverse de la fin des Ann\u00e9es folles.<\/p>\n","protected":false},"excerpt":{"rendered":"<p>Alphonse Tissandier Un des 300 exemplaires broch\u00e9s de 176 pages (132 x 215). Le texte est accompagn\u00e9 de seize photographies d&#8217;\u00e9poque et d&#8217;un frontispice illustr\u00e9. Oisif richissime, Philippe des Roches illustre toutefois l\u2019adage \u00ab l\u2019argent ne fait pas le bonheur \u00bb. Nul n\u2019est avis\u00e9 de la r\u00e9alit\u00e9 de sa vie amoureuse qu\u2019il tient jalousement cach\u00e9e [&#8230;]\n","protected":false},"featured_media":143,"template":"","meta":[],"product_brand":[],"product_cat":[23],"product_tag":[],"class_list":{"0":"post-149","1":"product","2":"type-product","3":"status-publish","4":"has-post-thumbnail","6":"product_cat-collection-libertine","8":"first","9":"outofstock","10":"shipping-taxable","11":"purchasable","12":"product-type-simple"},"_links":{"self":[{"href":"https:\/\/www.editionsastarte.com\/en\/wp-json\/wp\/v2\/product\/149","targetHints":{"allow":["GET"]}}],"collection":[{"href":"https:\/\/www.editionsastarte.com\/en\/wp-json\/wp\/v2\/product"}],"about":[{"href":"https:\/\/www.editionsastarte.com\/en\/wp-json\/wp\/v2\/types\/product"}],"wp:featuredmedia":[{"embeddable":true,"href":"https:\/\/www.editionsastarte.com\/en\/wp-json\/wp\/v2\/media\/143"}],"wp:attachment":[{"href":"https:\/\/www.editionsastarte.com\/en\/wp-json\/wp\/v2\/media?parent=149"}],"wp:term":[{"taxonomy":"product_brand","embeddable":true,"href":"https:\/\/www.editionsastarte.com\/en\/wp-json\/wp\/v2\/product_brand?post=149"},{"taxonomy":"product_cat","embeddable":true,"href":"https:\/\/www.editionsastarte.com\/en\/wp-json\/wp\/v2\/product_cat?post=149"},{"taxonomy":"product_tag","embeddable":true,"href":"https:\/\/www.editionsastarte.com\/en\/wp-json\/wp\/v2\/product_tag?post=149"}],"curies":[{"name":"wp","href":"https:\/\/api.w.org\/{rel}","templated":true}]}}