{"id":15,"date":"2023-01-31T13:34:41","date_gmt":"2023-01-31T12:34:41","guid":{"rendered":"http:\/\/bbbweco.cluster031.hosting.ovh.net\/editionsastarte\/produit\/amateurs-1930\/"},"modified":"2025-11-08T22:25:35","modified_gmt":"2025-11-08T21:25:35","slug":"amateurs-1930","status":"publish","type":"product","link":"https:\/\/www.editionsastarte.com\/en\/produit\/amateurs-1930\/","title":{"rendered":"AMATEURS 1930"},"content":{"rendered":"<p>Alexandre DUPOUY<br \/>\nUn des 2000 ex. broch\u00e9s de 96 pages (15 x 21)<br \/>\nDans les ann\u00e9es trente, la d\u00e9mocratisation du mat\u00e9riel et du d\u00e9veloppement autorise chaque foyer \u00e0 poss\u00e9der un appareil photographique. L\u2019ambiance libertine aidant, certains hommes quelque peu voyeurs et certaines femmes quelque peu exhibitionnistes, ont vite compris le plaisir qu\u2019ils pouvaient tirer de ce nouveau proc\u00e9d\u00e9. Les couples jouent, se provoquent, s\u2019excitent, un tant soit peu conscients tout de m\u00eame que l\u2019intimit\u00e9 qui se grave dans la g\u00e9latine sera lue par d\u2019autres protagonistes. Plusieurs d\u00e9cennies apr\u00e8s, ces images pl\u00e9thoriques au charme d\u00e9suet et \u00e9mouvant sont devenues particuli\u00e8rement rares, victimes de l\u2019obscurantisme des g\u00e9n\u00e9rations suivantes. Car, \u00e0 chaque succession, la d\u00e9couverte de clich\u00e9s des chers disparus dans des situations inavouables a entra\u00een\u00e9 des autodaf\u00e9s familiaux au nom du respect, de la pudeur et de la m\u00e9moire. La centaine d\u2019images propos\u00e9e ici, message nostalgique d\u2019une \u00e9poque r\u00e9volue, a \u00e9t\u00e9 choisie pour l\u2019humour et la tendresse qu\u2019elle d\u00e9gage, petit rien sensible, pied de nez libertin \u00e0 l\u2019ordre moral conventionnel.<\/p>\n<p> &#8212; <\/p>\n<p>AMATEURS 1930<br \/>\nAlexandre DUPOUY<\/p>\n<p>One of the 2,000 paper-bound copies, 15 by 21 cm, 96 pages<br \/>\nIn the thirties, the democratization of hardware and photography development gives households the opportunity to own a photographic camera. Aided by the libertine environment, some men slightly voyeur and some women slightly exhibitionist, quickly understood that they could take a pleasant advantage of it. Couples play, provoke each other and excite each other, still somewhat aware that the intimacy which is being engraved on gelatine will be read by other protagonists. Several decades later, these excessive pictures with an old-fashioned and moving charm have become especially rare due to the obscurantism of the next generations. Each inheritance which led to the discovery of pictures of dear departed in undisclosable situations provoked familial book burnings in the name of respect, reserve and memory. About a hundred pictures are presented here, as a nostalgic message of bygone times. They have been selected for their humour and their tenderness, sensitive hints which thumb their libertine nose at the conventional moral order.<\/p>\n","protected":false},"excerpt":{"rendered":"<p>Alexandre DUPOUY Un des 2000 ex. broch\u00e9s de 96 pages (15 x 21) Dans les ann\u00e9es trente, la d\u00e9mocratisation du mat\u00e9riel et du d\u00e9veloppement autorise chaque foyer \u00e0 poss\u00e9der un appareil photographique. L\u2019ambiance libertine aidant, certains hommes quelque peu voyeurs et certaines femmes quelque peu exhibitionnistes, ont vite compris le plaisir qu\u2019ils pouvaient tirer de [&#8230;]\n","protected":false},"featured_media":12,"template":"","meta":[],"product_brand":[],"product_cat":[17],"product_tag":[],"class_list":{"0":"post-15","1":"product","2":"type-product","3":"status-publish","4":"has-post-thumbnail","6":"product_cat-photographies-damateurs","8":"first","9":"instock","10":"shipping-taxable","11":"purchasable","12":"product-type-simple"},"_links":{"self":[{"href":"https:\/\/www.editionsastarte.com\/en\/wp-json\/wp\/v2\/product\/15","targetHints":{"allow":["GET"]}}],"collection":[{"href":"https:\/\/www.editionsastarte.com\/en\/wp-json\/wp\/v2\/product"}],"about":[{"href":"https:\/\/www.editionsastarte.com\/en\/wp-json\/wp\/v2\/types\/product"}],"wp:featuredmedia":[{"embeddable":true,"href":"https:\/\/www.editionsastarte.com\/en\/wp-json\/wp\/v2\/media\/12"}],"wp:attachment":[{"href":"https:\/\/www.editionsastarte.com\/en\/wp-json\/wp\/v2\/media?parent=15"}],"wp:term":[{"taxonomy":"product_brand","embeddable":true,"href":"https:\/\/www.editionsastarte.com\/en\/wp-json\/wp\/v2\/product_brand?post=15"},{"taxonomy":"product_cat","embeddable":true,"href":"https:\/\/www.editionsastarte.com\/en\/wp-json\/wp\/v2\/product_cat?post=15"},{"taxonomy":"product_tag","embeddable":true,"href":"https:\/\/www.editionsastarte.com\/en\/wp-json\/wp\/v2\/product_tag?post=15"}],"curies":[{"name":"wp","href":"https:\/\/api.w.org\/{rel}","templated":true}]}}