{"id":151,"date":"2023-01-31T13:35:03","date_gmt":"2023-01-31T12:35:03","guid":{"rendered":"http:\/\/bbbweco.cluster031.hosting.ovh.net\/editionsastarte\/produit\/lheureux-photographe\/"},"modified":"2026-04-07T19:41:47","modified_gmt":"2026-04-07T17:41:47","slug":"lheureux-photographe","status":"publish","type":"product","link":"https:\/\/www.editionsastarte.com\/en\/produit\/lheureux-photographe\/","title":{"rendered":"L&#8217;HEUREUX PHOTOGRAPHE"},"content":{"rendered":"<p>L&#8217;Anthologie \u00c9rotique<br \/>du Cin\u00e9ma Clandestin 2<br \/>\n78 minutes de film + bonus : 200 images extraites de nos archives &#038; pr\u00e9sentation avec extraits des 5 autres DVD<br \/>\n12 COURTS M\u00c9TRAGES <i> L\u2019heureux photographe &#8211; Hussards \u00e0 la Rescousse &#8211; Photo nuptiale &#8211; La Soubrette maladroite &#8211; S\u0153ur Vaseline &#8211; Un Patron exigeant &#8211; Le Canard &#8211; Madame re\u00e7oit &#8211; Achille, Satyre de Salon &#8211; Le Chat dans la Sourici\u00e8re &#8211; Le Laitier &#8211; Temp\u00eate dans la Chambr\u00e9e<\/i><\/p>\n<p> &#8212; <\/p>\n<p>A DELIGNED PHOTOGRAPHER<br \/>\nThe Erotic Anthology<br \/>of Clandestine Films 2<\/p>\n<p>78 minutes of film + extras: 200 pictures from our<br \/>\narchives &#038; presentation including excerpts from five other DVDs.<br \/>\n12 SHORTS FILMS <i> Happy Photographer (around 1925, France, 3\u201917\u201d) &#8211; The Cavalry comes to the Rescue (around 1920, France, 3\u201907\u201d) &#8211; Nuptial Photograph (around 1920, France, 7\u201910\u201d) &#8211; The clumsy Maid (around 1925, France, 4\u201956\u201d) &#8211; Sister Vaseline(around 1920, France, 5\u201957\u201d) &#8211;  An exacting Master (around 1925, France, 3\u201944\u201d) &#8211; The Duck (1926, France, 5\u201952\u201d) &#8211; The Mistress receives (around 1945, France, 14\u201943\u201d) &#8211; Achilles, the Salon Satyre (around 1925, France, 4\u201943\u201d) &#8211; The Pussy in the Mouse Trap (around 1925, France, 3\u201936\u201d) &#8211; The Milkman (around 1950, England, 12\u201942\u201d) &#8211; Confusion in the Chambers (around 1925, France, 6\u201907\u201d)<\/p>\n","protected":false},"excerpt":{"rendered":"<p>L&#8217;Anthologie \u00c9rotiquedu Cin\u00e9ma Clandestin 2 78 minutes de film + bonus : 200 images extraites de nos archives &#038; pr\u00e9sentation avec extraits des 5 autres DVD 12 COURTS M\u00c9TRAGES L\u2019heureux photographe &#8211; Hussards \u00e0 la Rescousse &#8211; Photo nuptiale &#8211; La Soubrette maladroite &#8211; S\u0153ur Vaseline &#8211; Un Patron exigeant &#8211; Le Canard &#8211; Madame [&#8230;]\n","protected":false},"featured_media":150,"template":"","meta":[],"product_brand":[],"product_cat":[22],"product_tag":[],"class_list":{"0":"post-151","1":"product","2":"type-product","3":"status-publish","4":"has-post-thumbnail","6":"product_cat-anthologie-erotique-du-cinema-clandestin","8":"first","9":"instock","10":"shipping-taxable","11":"purchasable","12":"product-type-simple"},"_links":{"self":[{"href":"https:\/\/www.editionsastarte.com\/en\/wp-json\/wp\/v2\/product\/151","targetHints":{"allow":["GET"]}}],"collection":[{"href":"https:\/\/www.editionsastarte.com\/en\/wp-json\/wp\/v2\/product"}],"about":[{"href":"https:\/\/www.editionsastarte.com\/en\/wp-json\/wp\/v2\/types\/product"}],"wp:featuredmedia":[{"embeddable":true,"href":"https:\/\/www.editionsastarte.com\/en\/wp-json\/wp\/v2\/media\/150"}],"wp:attachment":[{"href":"https:\/\/www.editionsastarte.com\/en\/wp-json\/wp\/v2\/media?parent=151"}],"wp:term":[{"taxonomy":"product_brand","embeddable":true,"href":"https:\/\/www.editionsastarte.com\/en\/wp-json\/wp\/v2\/product_brand?post=151"},{"taxonomy":"product_cat","embeddable":true,"href":"https:\/\/www.editionsastarte.com\/en\/wp-json\/wp\/v2\/product_cat?post=151"},{"taxonomy":"product_tag","embeddable":true,"href":"https:\/\/www.editionsastarte.com\/en\/wp-json\/wp\/v2\/product_tag?post=151"}],"curies":[{"name":"wp","href":"https:\/\/api.w.org\/{rel}","templated":true}]}}