{"id":156,"date":"2023-01-31T13:35:03","date_gmt":"2023-01-31T12:35:03","guid":{"rendered":"http:\/\/bbbweco.cluster031.hosting.ovh.net\/editionsastarte\/produit\/clitoris-empourpres\/"},"modified":"2026-02-13T18:05:15","modified_gmt":"2026-02-13T17:05:15","slug":"clitoris-empourpres","status":"publish","type":"product","link":"https:\/\/www.editionsastarte.com\/en\/produit\/clitoris-empourpres\/","title":{"rendered":"CLITORIS EMPOURPR\u00c9S"},"content":{"rendered":"<p>ANONYME<br \/>\nUn des 1000 ex., 80 pages (15 x 21) &#8211; 72 illustrations reproduites en couleur<br \/>\nMilieu de la p\u00e9riode trouble de l\u2019Occupation. Une concierge des beaux quartiers re\u00e7oit pour mission de conserver une banale valise en carton. Les documents qu\u2019elle contient sont importants pour son propri\u00e9taire qui doit rapidement quitter Paris. Il ne revint jamais. La valise abandonn\u00e9e attendra dans le placard de la loge pendant un demi-si\u00e8cle sans attirer l\u2019attention. Lorsque survint le temps des grands travaux de r\u00e9novation, elle fut ouverte avec curiosit\u00e9. On trouva quelques coupures de presse consacr\u00e9es aux festivit\u00e9s organis\u00e9es par l\u2019aristocratie des ann\u00e9es trente et un important dossier bancaire contenant de bien singuliers dessins. Des dizaines de d\u00e9lires pornographiques hauts en couleur, messagers d\u2019une \u00e9poque o\u00f9 l\u2019\u00e9rotisme avait atteint son paroxysme. De cet ensemble totalement in\u00e9dit, nous avons choisi les \u0153uvres les plus caract\u00e9ristiques, chacune empreinte d\u2019humour et de folie, toutes de la m\u00eame main, qu\u2019on imagine, la nuit, poss\u00e9d\u00e9e par les divinit\u00e9s grecques \u00c9ros et Dionysos. Pr\u00e9face de Serge KOSTER<\/p>\n<p> &#8212; <\/p>\n<p>CLITORIS EMPOURPR\u00c9S<br \/>\nANONYMOUS<\/p>\n<p>One of the 1,000 paper-bound copies, 80 pages (15 x 21) &#8211; 72 illustrations printed in color<br \/>\nIn the middle of the Occupation period. A concierge in the nicest areas of Paris is given the mission to keep an ordinary cardboard suitcase. The documents contained in it are important for the owner who must quickly leave Paris. He would never return. The unclaimed suitcase will wait in the closet of the concierge\u2019s lodge for half a century without attracting attention. When renovation works started, the suitcase was opened inquisitively. Some press clippings on celebrations organised by the aristocracy of the 1930\u2019s were found inside as well as a bank file which contained pretty odd drawings. Dozens of exuberant pornographic scenes, which transcribe a period when eroticism reached its climax. From this previously unpublished set, we have chosen the most characteristic pictures, full of humour and fantasy, all by the same hand that we imagine, at night, bewitched by Greek gods Eros and Dionysus.<br \/>\nPreface by Serge KOSTER<\/p>\n","protected":false},"excerpt":{"rendered":"<p>ANONYME Un des 1000 ex., 80 pages (15 x 21) &#8211; 72 illustrations reproduites en couleur Milieu de la p\u00e9riode trouble de l\u2019Occupation. Une concierge des beaux quartiers re\u00e7oit pour mission de conserver une banale valise en carton. Les documents qu\u2019elle contient sont importants pour son propri\u00e9taire qui doit rapidement quitter Paris. Il ne revint [&#8230;]\n","protected":false},"featured_media":152,"template":"","meta":[],"product_brand":[],"product_cat":[20],"product_tag":[],"class_list":{"0":"post-156","1":"product","2":"type-product","3":"status-publish","4":"has-post-thumbnail","6":"product_cat-lart-dans-lerotisme","8":"first","9":"instock","10":"shipping-taxable","11":"purchasable","12":"product-type-simple"},"_links":{"self":[{"href":"https:\/\/www.editionsastarte.com\/en\/wp-json\/wp\/v2\/product\/156","targetHints":{"allow":["GET"]}}],"collection":[{"href":"https:\/\/www.editionsastarte.com\/en\/wp-json\/wp\/v2\/product"}],"about":[{"href":"https:\/\/www.editionsastarte.com\/en\/wp-json\/wp\/v2\/types\/product"}],"wp:featuredmedia":[{"embeddable":true,"href":"https:\/\/www.editionsastarte.com\/en\/wp-json\/wp\/v2\/media\/152"}],"wp:attachment":[{"href":"https:\/\/www.editionsastarte.com\/en\/wp-json\/wp\/v2\/media?parent=156"}],"wp:term":[{"taxonomy":"product_brand","embeddable":true,"href":"https:\/\/www.editionsastarte.com\/en\/wp-json\/wp\/v2\/product_brand?post=156"},{"taxonomy":"product_cat","embeddable":true,"href":"https:\/\/www.editionsastarte.com\/en\/wp-json\/wp\/v2\/product_cat?post=156"},{"taxonomy":"product_tag","embeddable":true,"href":"https:\/\/www.editionsastarte.com\/en\/wp-json\/wp\/v2\/product_tag?post=156"}],"curies":[{"name":"wp","href":"https:\/\/api.w.org\/{rel}","templated":true}]}}