{"id":162,"date":"2023-01-31T13:35:04","date_gmt":"2023-01-31T12:35:04","guid":{"rendered":"http:\/\/bbbweco.cluster031.hosting.ovh.net\/editionsastarte\/produit\/maniac-5\/"},"modified":"2025-04-09T11:13:45","modified_gmt":"2025-04-09T09:13:45","slug":"maniac-5","status":"publish","type":"product","link":"https:\/\/www.editionsastarte.com\/en\/produit\/maniac-5\/","title":{"rendered":"MANIAC 5"},"content":{"rendered":"<p>Gilles BERQUET, r\u00e9dacteur en chef<br \/>Ont particip\u00e9 \u00e0 ce num\u00e9ro : Marie Kelly, Jo Chumas, Fabienne Boisset, Wendy Parramore, M\u00efrka Lugosi, DnA, Jean-S\u00e9bastien Schoor, St\u00e9phane L\u00e9vy-Kuentz, Jacques No\u00ebl, Jean-Pierre Faur &#038; Alexandre Dupouy.<br \/>\nUn des 2000 exemplaires broch\u00e9s de 48 pages.<br \/>\nManiac grandit et s\u2019ennoblit \u00e0 pr\u00e9sent de ce que l\u2019on nomme en anglais une \u201cbaseline\u201d :<br \/>\nrevue d\u2019amour critique<br \/>\nparce qu\u2019aujourd\u2019hui l\u2019amour peut se compter, il peut se comptabiliser, se m\u00e9caniser et m\u00eame se virtualiser ! Mais l\u2019amour reste la seule chose qui nous pousse, Maniac en l\u2019occurrence, \u00e0 faire couler l\u2019encre et le sang comme le foutre et le sperme. L\u2019amour rend fou para\u00eet-il ! Alors Maniac fait le bouffon pour vous offrir un divertissement auquel vous \u00eates tous convi\u00e9s.<br \/>\nDans ce pr\u00e9sent num\u00e9ro, nous publions quelques-uns des nombreux textes et documents que vous nous avez envoy\u00e9s. Nous ne pouvons malheureusement pas tous les reproduire et nous nous en excusons. Notre choix est loin d\u2019\u00eatre objectif, il est \u00e0 l\u2019image de cette femme qui passe dans la rue et qui me pla\u00eet ; je ne sais pas pourquoi mais je l\u2019aime&#8230;<br \/>\n <i>G. Berquet<\/i><\/p>\n<p> &#8212; <\/p>\n<p>MANIAC 5<br \/>\nGilles BERQUET<\/p>\n<p>One of 2,000 paper-bound copies, 48 pages.<br \/>\nManiac keeps on growing and has now ennobled itself with what we commonly call a baseline: critical love magazine<br \/>\nfor love can now be measured, counted, mechanized and even virtualized! Still, love remains the only thing that leads us, and especially Maniac, to cause a lot of ink and blood to flow as much as cum and sperm. Love makes you crazy, so they say! Maniac plays the jester to entertain you all. In this issue, we have published some of the numerous texts and documents you sent us. Unfortunately, we cannot reproduce them all and we apologize for it. Our selection is far from being objective, it is like this woman who walks on the street and whom I like; I don\u2019t know why but I like her\u2026<br \/>\n<i>G. Berquet<\/i><\/p>\n","protected":false},"excerpt":{"rendered":"<p>Gilles BERQUET, r\u00e9dacteur en chefOnt particip\u00e9 \u00e0 ce num\u00e9ro : Marie Kelly, Jo Chumas, Fabienne Boisset, Wendy Parramore, M\u00efrka Lugosi, DnA, Jean-S\u00e9bastien Schoor, St\u00e9phane L\u00e9vy-Kuentz, Jacques No\u00ebl, Jean-Pierre Faur &#038; Alexandre Dupouy. Un des 2000 exemplaires broch\u00e9s de 48 pages. Maniac grandit et s\u2019ennoblit \u00e0 pr\u00e9sent de ce que l\u2019on nomme en anglais une \u201cbaseline\u201d [&#8230;]\n","protected":false},"featured_media":157,"template":"","meta":[],"product_brand":[],"product_cat":[28],"product_tag":[],"class_list":{"0":"post-162","1":"product","2":"type-product","3":"status-publish","4":"has-post-thumbnail","6":"product_cat-la-revue-maniac","8":"first","9":"instock","10":"shipping-taxable","11":"purchasable","12":"product-type-simple"},"_links":{"self":[{"href":"https:\/\/www.editionsastarte.com\/en\/wp-json\/wp\/v2\/product\/162","targetHints":{"allow":["GET"]}}],"collection":[{"href":"https:\/\/www.editionsastarte.com\/en\/wp-json\/wp\/v2\/product"}],"about":[{"href":"https:\/\/www.editionsastarte.com\/en\/wp-json\/wp\/v2\/types\/product"}],"wp:featuredmedia":[{"embeddable":true,"href":"https:\/\/www.editionsastarte.com\/en\/wp-json\/wp\/v2\/media\/157"}],"wp:attachment":[{"href":"https:\/\/www.editionsastarte.com\/en\/wp-json\/wp\/v2\/media?parent=162"}],"wp:term":[{"taxonomy":"product_brand","embeddable":true,"href":"https:\/\/www.editionsastarte.com\/en\/wp-json\/wp\/v2\/product_brand?post=162"},{"taxonomy":"product_cat","embeddable":true,"href":"https:\/\/www.editionsastarte.com\/en\/wp-json\/wp\/v2\/product_cat?post=162"},{"taxonomy":"product_tag","embeddable":true,"href":"https:\/\/www.editionsastarte.com\/en\/wp-json\/wp\/v2\/product_tag?post=162"}],"curies":[{"name":"wp","href":"https:\/\/api.w.org\/{rel}","templated":true}]}}