{"id":167,"date":"2023-01-31T13:35:05","date_gmt":"2023-01-31T12:35:05","guid":{"rendered":"http:\/\/bbbweco.cluster031.hosting.ovh.net\/editionsastarte\/produit\/maniac-6\/"},"modified":"2025-04-09T11:13:29","modified_gmt":"2025-04-09T09:13:29","slug":"maniac-6","status":"publish","type":"product","link":"https:\/\/www.editionsastarte.com\/en\/produit\/maniac-6\/","title":{"rendered":"MANIAC 6"},"content":{"rendered":"<p>Gilles BERQUET, r\u00e9dacteur en chef<br \/>Ont particip\u00e9 \u00e0 ce num\u00e9ro : Marie Kelly, M\u00efrka Lugosi, Monsieur Alinkas, Ghazi Barakhat, Patrick Delaunay, St\u00e9phane L\u00e9vy-Kuentz, Alex le Silex, Jean-S\u00e9bastien Schoor &#038; Alexandre Dupouy.<br \/>\nUn des 2000 exemplaires broch\u00e9s de 48 pages.<br \/>\nLa gueule et le cul vont de pair, aussi avons-nous compos\u00e9 \u00e0 votre intention un menu dont les recettes vous sont donn\u00e9es graphiquement pour la parfaite r\u00e9jouissance d&#8217;orifices et d&#8217;excroissances trop souvent s\u00e9par\u00e9s les uns des autres par d&#8217;hypocrites convenances, mais qu&#8217;il est recommand\u00e9 de rapprocher le plus souvent possible \u00e0 seule fin d&#8217;en bien jouir. Suivez donc les bons conseils de nos experts ma\u00eetres queue  qui ont choisi expr\u00e8s pour vous ces plats \u00e0 la port\u00e9e de toutes les bourses. <i>G. Berquet<\/i><\/p>\n<p> &#8212; <\/p>\n<p>MANIAC 6<br \/>\nGilles BERQUET<\/p>\n<p>One of the 2,000 paper-bound copies, 48 pages.<br \/>\nAs mug and sex go together, we have prepared a special menu with graphically set recipes aimed at rejoicing in orifices and excrescences which happen to be too often separated from one another by hypocritical proprieties but which should be reconciled as often as possible for the sole purpose of enjoying them properly. So take the advice of our experts who carefully selected these delightful dishes especially for you. <i>G. Berquet<\/i><\/p>\n","protected":false},"excerpt":{"rendered":"<p>Gilles BERQUET, r\u00e9dacteur en chefOnt particip\u00e9 \u00e0 ce num\u00e9ro : Marie Kelly, M\u00efrka Lugosi, Monsieur Alinkas, Ghazi Barakhat, Patrick Delaunay, St\u00e9phane L\u00e9vy-Kuentz, Alex le Silex, Jean-S\u00e9bastien Schoor &#038; Alexandre Dupouy. Un des 2000 exemplaires broch\u00e9s de 48 pages. La gueule et le cul vont de pair, aussi avons-nous compos\u00e9 \u00e0 votre intention un menu dont [&#8230;]\n","protected":false},"featured_media":163,"template":"","meta":[],"product_brand":[],"product_cat":[28],"product_tag":[],"class_list":{"0":"post-167","1":"product","2":"type-product","3":"status-publish","4":"has-post-thumbnail","6":"product_cat-la-revue-maniac","8":"first","9":"instock","10":"shipping-taxable","11":"purchasable","12":"product-type-simple"},"_links":{"self":[{"href":"https:\/\/www.editionsastarte.com\/en\/wp-json\/wp\/v2\/product\/167","targetHints":{"allow":["GET"]}}],"collection":[{"href":"https:\/\/www.editionsastarte.com\/en\/wp-json\/wp\/v2\/product"}],"about":[{"href":"https:\/\/www.editionsastarte.com\/en\/wp-json\/wp\/v2\/types\/product"}],"wp:featuredmedia":[{"embeddable":true,"href":"https:\/\/www.editionsastarte.com\/en\/wp-json\/wp\/v2\/media\/163"}],"wp:attachment":[{"href":"https:\/\/www.editionsastarte.com\/en\/wp-json\/wp\/v2\/media?parent=167"}],"wp:term":[{"taxonomy":"product_brand","embeddable":true,"href":"https:\/\/www.editionsastarte.com\/en\/wp-json\/wp\/v2\/product_brand?post=167"},{"taxonomy":"product_cat","embeddable":true,"href":"https:\/\/www.editionsastarte.com\/en\/wp-json\/wp\/v2\/product_cat?post=167"},{"taxonomy":"product_tag","embeddable":true,"href":"https:\/\/www.editionsastarte.com\/en\/wp-json\/wp\/v2\/product_tag?post=167"}],"curies":[{"name":"wp","href":"https:\/\/api.w.org\/{rel}","templated":true}]}}