{"id":174,"date":"2023-01-31T13:35:06","date_gmt":"2023-01-31T12:35:06","guid":{"rendered":"http:\/\/bbbweco.cluster031.hosting.ovh.net\/editionsastarte\/produit\/maniac-7\/"},"modified":"2025-04-09T11:13:15","modified_gmt":"2025-04-09T09:13:15","slug":"maniac-7","status":"publish","type":"product","link":"https:\/\/www.editionsastarte.com\/en\/produit\/maniac-7\/","title":{"rendered":"MANIAC 7"},"content":{"rendered":"<p>Gilles BERQUET, r\u00e9dacteur en chef<br \/>Ont particip\u00e9 \u00e0 ce num\u00e9ro : M\u00efrka Lugosi, Marie Kelly, Many-Fanny, Gino Rubert, Mark Ryden, Trevor Brown, Jonathan Rosen, Remi Futoyama, Pascal Rougier, Alexandre Yterce, Yoriko Yamamyoshi &#038; Masaaki Toyoura.<br \/>\nUn des 2000 exemplaires broch\u00e9s de 48 pages.<br \/>\nQuel homme n\u2019a pas r\u00eav\u00e9 de la femme id\u00e9ale ?<br \/>Esp\u00e8ce rare et non r\u00e9pertori\u00e9e, objet de convoitise que l\u2019on d\u00e9pose pr\u00e9cieusement sur la table de nuit avant de s\u2019endormir. Quelle femme n\u2019a pas renonc\u00e9, malgr\u00e9 toute bonne volont\u00e9, de le devenir un jour, en d\u00e9pit de la demande pressante et cruelle de leurs compagnons qui continuent \u00e0 croire \u00e0 la bonne f\u00e9e que le bon dieu aurait pu leur adjoindre, en lieu et place de la cr\u00e9ature mal finie qu\u2019il leur a fourgu\u00e9e entre les pattes ?<br \/>\nLa Poup\u00e9e, substitut convaincant mais limit\u00e9, est aussi docile qu\u2019on puisse l\u2019imaginer, mais peut-on d\u00e9cemment vivre le parfait amour avec un \u00eatre qui n\u2019a de chair que son prix ? et encore ! La Poup\u00e9e est-elle l\u2019apprentissage du plaisir dans la restriction, ou bien, comme certains l\u2019entendent, le support d\u2019une r\u00eaverie infinie qui remplace avantageusement le mod\u00e8le original ?<br \/>A vous de juger. <i>G. Berquet<\/i><\/p>\n<p>Textes de Marie-Laure Dagoit, la fille de derri\u00e8re la salle de bain, Patrick Delaunay, Gilles Berquet, St\u00e9phan L\u00e9vy Kuentz &#038; Pierre Dourthe.<\/p>\n<p> &#8212; <\/p>\n<p>MANIAC 7<br \/>\nGilles BERQUET<\/p>\n<p>One of the 2,000 paper-bound copies, 48 pages.<br \/>\nWhich man has not dreamt of the perfect woman?<br \/>Rare and unidentified species, object of desire that one preciously puts on his bedside table before sleeping. Which woman has not abandoned the idea, despite all her goodwill, of becoming such one day, in spite of the insistent and cruel request of their partners who keep on believing in the fairy godmother that the good lord could have appointed to them, instead of the ill-finished creature he put between their legs?<br \/>\nThe doll, persuasive but limited substitute, happens to be as docile as one can imagine, but can we really live the perfect love with a fleshless being? Is the doll some kind of pleasure training under restriction or is it, as some believe, an endless reverie aid which is a good replacement for the original model? <br \/>Be the judge! <i>G. Berquet<\/i><\/p>\n<p>Texts by Marie-Laure Dagoit, the girl behind the bathroom, Patrick Delaunay, Gilles Berquet, St\u00e9phan L\u00e9vy Kuentz &#038; Pierre Dourthe.<\/p>\n","protected":false},"excerpt":{"rendered":"<p>Gilles BERQUET, r\u00e9dacteur en chefOnt particip\u00e9 \u00e0 ce num\u00e9ro : M\u00efrka Lugosi, Marie Kelly, Many-Fanny, Gino Rubert, Mark Ryden, Trevor Brown, Jonathan Rosen, Remi Futoyama, Pascal Rougier, Alexandre Yterce, Yoriko Yamamyoshi &#038; Masaaki Toyoura. Un des 2000 exemplaires broch\u00e9s de 48 pages. Quel homme n\u2019a pas r\u00eav\u00e9 de la femme id\u00e9ale ?Esp\u00e8ce rare et non [&#8230;]\n","protected":false},"featured_media":168,"template":"","meta":[],"product_brand":[],"product_cat":[28],"product_tag":[],"class_list":{"0":"post-174","1":"product","2":"type-product","3":"status-publish","4":"has-post-thumbnail","6":"product_cat-la-revue-maniac","8":"first","9":"instock","10":"shipping-taxable","11":"purchasable","12":"product-type-simple"},"_links":{"self":[{"href":"https:\/\/www.editionsastarte.com\/en\/wp-json\/wp\/v2\/product\/174","targetHints":{"allow":["GET"]}}],"collection":[{"href":"https:\/\/www.editionsastarte.com\/en\/wp-json\/wp\/v2\/product"}],"about":[{"href":"https:\/\/www.editionsastarte.com\/en\/wp-json\/wp\/v2\/types\/product"}],"wp:featuredmedia":[{"embeddable":true,"href":"https:\/\/www.editionsastarte.com\/en\/wp-json\/wp\/v2\/media\/168"}],"wp:attachment":[{"href":"https:\/\/www.editionsastarte.com\/en\/wp-json\/wp\/v2\/media?parent=174"}],"wp:term":[{"taxonomy":"product_brand","embeddable":true,"href":"https:\/\/www.editionsastarte.com\/en\/wp-json\/wp\/v2\/product_brand?post=174"},{"taxonomy":"product_cat","embeddable":true,"href":"https:\/\/www.editionsastarte.com\/en\/wp-json\/wp\/v2\/product_cat?post=174"},{"taxonomy":"product_tag","embeddable":true,"href":"https:\/\/www.editionsastarte.com\/en\/wp-json\/wp\/v2\/product_tag?post=174"}],"curies":[{"name":"wp","href":"https:\/\/api.w.org\/{rel}","templated":true}]}}