{"id":181,"date":"2023-01-31T13:35:07","date_gmt":"2023-01-31T12:35:07","guid":{"rendered":"http:\/\/bbbweco.cluster031.hosting.ovh.net\/editionsastarte\/produit\/maniac-8\/"},"modified":"2025-04-09T11:12:53","modified_gmt":"2025-04-09T09:12:53","slug":"maniac-8","status":"publish","type":"product","link":"https:\/\/www.editionsastarte.com\/en\/produit\/maniac-8\/","title":{"rendered":"MANIAC 8"},"content":{"rendered":"<p>Gilles BERQUET, r\u00e9dacteur en chef <br \/>Comit\u00e9 de r\u00e9daction : M\u00efrka Lugosi, Jocelyne &#038; Alexandre Dupouy &#8211; Nous remercions Poup\u00e9e m\u00e9canique, Anne Van Der Linden, Alban Michel, John Giorno, Yoshifumi Hayashi, Tony Ward.<br \/>\nUn des 2000 exemplaires broch\u00e9s de 64 pages<br \/>\nRevue d\u2019amour critique et d\u2019humeur changeante, infid\u00e8le mais int\u00e9grale, inalt\u00e9rable et perp\u00e9tuelle, la plus belle des revues vous pr\u00e9sente son grand num\u00e9ro huit de renomm\u00e9e internationale : un spectacle in\u00e9dit o\u00f9 les petites parisiennes de la belle \u00e9poque c\u00f4toient les vedettes am\u00e9ricaines, o\u00f9 les artistes reconnus partagent l\u2019affiche avec les plus obscurs anonymes.<br \/>De la romance, du sexe et m\u00eame de la luxure ! Maniac est une id\u00e9e fixe qui se conjugue \u00e0 l\u2019infini.  <i>G. Berquet<\/i><\/p>\n<p>Nous remercions tout sp\u00e9cialement Marie-Laure Dagoit, la fille de derri\u00e8re la salle de bain.<\/p>\n<p> &#8212; <\/p>\n<p>MANIAC 8<br \/>\nGilles BERQUET<\/p>\n<p>One of the 2,000 paper-bound copies, 64 pages<br \/>\nCritical love magazine of inconstant mood, unfaithful but complete, inalterable and perpetual, the loveliest review presents its world-renowned eighth issue: a unique show which stages little Parisian girls of the Belle \u00c9poque rubbing shoulders with American stars, and famous artists in the spotlight with the most obscure unknowns.<br \/>Romance, sex and even lust! Maniac is an obsession that repeats endlessly.  <i>G. Berquet<\/i><\/p>\n<p>We would like to thank Marie-Laure Dagoit, the girl behind the bathroom.<\/p>\n","protected":false},"excerpt":{"rendered":"<p>Gilles BERQUET, r\u00e9dacteur en chef Comit\u00e9 de r\u00e9daction : M\u00efrka Lugosi, Jocelyne &#038; Alexandre Dupouy &#8211; Nous remercions Poup\u00e9e m\u00e9canique, Anne Van Der Linden, Alban Michel, John Giorno, Yoshifumi Hayashi, Tony Ward. Un des 2000 exemplaires broch\u00e9s de 64 pages Revue d\u2019amour critique et d\u2019humeur changeante, infid\u00e8le mais int\u00e9grale, inalt\u00e9rable et perp\u00e9tuelle, la plus belle [&#8230;]\n","protected":false},"featured_media":175,"template":"","meta":[],"product_brand":[],"product_cat":[28],"product_tag":[],"class_list":{"0":"post-181","1":"product","2":"type-product","3":"status-publish","4":"has-post-thumbnail","6":"product_cat-la-revue-maniac","8":"first","9":"instock","10":"shipping-taxable","11":"purchasable","12":"product-type-simple"},"_links":{"self":[{"href":"https:\/\/www.editionsastarte.com\/en\/wp-json\/wp\/v2\/product\/181","targetHints":{"allow":["GET"]}}],"collection":[{"href":"https:\/\/www.editionsastarte.com\/en\/wp-json\/wp\/v2\/product"}],"about":[{"href":"https:\/\/www.editionsastarte.com\/en\/wp-json\/wp\/v2\/types\/product"}],"wp:featuredmedia":[{"embeddable":true,"href":"https:\/\/www.editionsastarte.com\/en\/wp-json\/wp\/v2\/media\/175"}],"wp:attachment":[{"href":"https:\/\/www.editionsastarte.com\/en\/wp-json\/wp\/v2\/media?parent=181"}],"wp:term":[{"taxonomy":"product_brand","embeddable":true,"href":"https:\/\/www.editionsastarte.com\/en\/wp-json\/wp\/v2\/product_brand?post=181"},{"taxonomy":"product_cat","embeddable":true,"href":"https:\/\/www.editionsastarte.com\/en\/wp-json\/wp\/v2\/product_cat?post=181"},{"taxonomy":"product_tag","embeddable":true,"href":"https:\/\/www.editionsastarte.com\/en\/wp-json\/wp\/v2\/product_tag?post=181"}],"curies":[{"name":"wp","href":"https:\/\/api.w.org\/{rel}","templated":true}]}}