{"id":187,"date":"2023-01-31T13:35:08","date_gmt":"2023-01-31T12:35:08","guid":{"rendered":"http:\/\/bbbweco.cluster031.hosting.ovh.net\/editionsastarte\/produit\/maniac-9\/"},"modified":"2026-03-04T22:14:57","modified_gmt":"2026-03-04T21:14:57","slug":"maniac-9","status":"publish","type":"product","link":"https:\/\/www.editionsastarte.com\/en\/produit\/maniac-9\/","title":{"rendered":"MANIAC 9"},"content":{"rendered":"<p>Gilles BERQUET, r\u00e9dacteur en chef<br \/>Ont particip\u00e9 \u00e0 ce num\u00e9ro : M\u00efrka Lugosi, Marie-Laure Dagoit, Michel Lecamp, Bernard Montorgueil et de nombreux vrais maniaques<br \/>\nUn des 1000 exemplaires broch\u00e9s de 48 pages, imprim\u00e9 en noir et en couleur.<br \/>\n<i>Les chiens sont aussi des gens comme les autres.<\/i> G. Berquet<br \/>\n<br \/>Nombreuses photographies de Gilles Berquet.<br \/>Nombreux dessins de M\u00efrka Lugosi, Bernard Montorgueil, Carlo\u2026<br \/>Ce num\u00e9ro a \u00e9t\u00e9 r\u00e9alis\u00e9 avec le concours de &#8220;La Bo\u00efte \u00e0 Gants&#8221;.<\/p>\n<p> &#8212; <\/p>\n<p>MANIAC 9<br \/>\nGilles BERQUET<\/p>\n<p>One of the 1,000 paperbox copies, 48 pages, printed in black and white and in color.<br \/>\n<i>Les chiens sont aussi des gens comme les autres. (Dogs are people like everyoby else)<\/i> G. Berquet<br \/>\n<br \/> Photographs by Gilles Berquet.<br \/>Drawings by M\u00efrka Lugosi, Bernard Montorgueil, Carlo\u2026<br \/>This issue was realized in collaboration with &#8220;La Bo\u00efte \u00e0 Gants&#8221;.<\/p>\n","protected":false},"excerpt":{"rendered":"<p>Gilles BERQUET, r\u00e9dacteur en chefOnt particip\u00e9 \u00e0 ce num\u00e9ro : M\u00efrka Lugosi, Marie-Laure Dagoit, Michel Lecamp, Bernard Montorgueil et de nombreux vrais maniaques Un des 1000 exemplaires broch\u00e9s de 48 pages, imprim\u00e9 en noir et en couleur. Les chiens sont aussi des gens comme les autres. G. Berquet Nombreuses photographies de Gilles Berquet.Nombreux dessins de [&#8230;]\n","protected":false},"featured_media":182,"template":"","meta":[],"product_brand":[],"product_cat":[28],"product_tag":[],"class_list":{"0":"post-187","1":"product","2":"type-product","3":"status-publish","4":"has-post-thumbnail","6":"product_cat-la-revue-maniac","8":"first","9":"instock","10":"shipping-taxable","11":"purchasable","12":"product-type-simple"},"_links":{"self":[{"href":"https:\/\/www.editionsastarte.com\/en\/wp-json\/wp\/v2\/product\/187","targetHints":{"allow":["GET"]}}],"collection":[{"href":"https:\/\/www.editionsastarte.com\/en\/wp-json\/wp\/v2\/product"}],"about":[{"href":"https:\/\/www.editionsastarte.com\/en\/wp-json\/wp\/v2\/types\/product"}],"wp:featuredmedia":[{"embeddable":true,"href":"https:\/\/www.editionsastarte.com\/en\/wp-json\/wp\/v2\/media\/182"}],"wp:attachment":[{"href":"https:\/\/www.editionsastarte.com\/en\/wp-json\/wp\/v2\/media?parent=187"}],"wp:term":[{"taxonomy":"product_brand","embeddable":true,"href":"https:\/\/www.editionsastarte.com\/en\/wp-json\/wp\/v2\/product_brand?post=187"},{"taxonomy":"product_cat","embeddable":true,"href":"https:\/\/www.editionsastarte.com\/en\/wp-json\/wp\/v2\/product_cat?post=187"},{"taxonomy":"product_tag","embeddable":true,"href":"https:\/\/www.editionsastarte.com\/en\/wp-json\/wp\/v2\/product_tag?post=187"}],"curies":[{"name":"wp","href":"https:\/\/api.w.org\/{rel}","templated":true}]}}