{"id":188,"date":"2023-01-31T13:35:08","date_gmt":"2023-01-31T12:35:08","guid":{"rendered":"http:\/\/bbbweco.cluster031.hosting.ovh.net\/editionsastarte\/produit\/dans-la-maison-des-amazones\/"},"modified":"2026-02-14T19:02:34","modified_gmt":"2026-02-14T18:02:34","slug":"dans-la-maison-des-amazones","status":"publish","type":"product","link":"https:\/\/www.editionsastarte.com\/en\/produit\/dans-la-maison-des-amazones\/","title":{"rendered":"DANS LA MAISON DES AMAZONES"},"content":{"rendered":"<p>Bernard MONTORGUEIL<br \/>\nUn des 950 ex. num\u00e9rot\u00e9s cartonn\u00e9s (21 x 26), reli\u00e9 dos toil\u00e9, 80 pages, imprim\u00e9 en couleur<br \/>\nDes manuscrits \u201cMontorgueil\u201d (patronyme \u2013 et pseudonyme \u2013 bien connu des amateurs du genre) enfin \u00e9dit\u00e9s. Reproduits en fac-simil\u00e9, textes \u00e0 la calligraphie suprenante et dessins rehauss\u00e9es d\u2019aquarelle d\u2019une qualit\u00e9 rare ont vraisemblablement \u00e9t\u00e9 con\u00e7us dans les ann\u00e9es 40, entre de Carlo et John Willie. Ils sont destin\u00e9s aux amateurs de femmes fatales, de celles qui occasionnent les pires mis\u00e8res \u00e0 de pauvres \u00eatres qui n\u2019ont pas l\u2019air de beaucoup s\u2019en plaindre.<\/p>\n<p> &#8212; <\/p>\n<p>DANS LA MAISON DES AMAZONES<br \/>\nBernard MONTORGUEIL<\/p>\n<p>One of the 950 numbered paper-bound copies (21 x 26cm), cloth hardcover book, 80 pages, printed in colour<br \/>\n\u00ab Montorgueil \u00bb manuscripts (well-known name -and pen name- for enthusiasts) are published at last. Duplicated in facsimile, texts with a surprising calligraphy and drawings enhanced with watercolour of a rare quality: in all likelihood, they were made in the 1940\u2019s, between de Carlo and John Willie. They are intended for amateurs of femmes fatales, those who cause the worst woes to poor creatures who do not seem to complain a lot about it.<\/p>\n","protected":false},"excerpt":{"rendered":"<p>Bernard MONTORGUEIL Un des 950 ex. num\u00e9rot\u00e9s cartonn\u00e9s (21 x 26), reli\u00e9 dos toil\u00e9, 80 pages, imprim\u00e9 en couleur Des manuscrits \u201cMontorgueil\u201d (patronyme \u2013 et pseudonyme \u2013 bien connu des amateurs du genre) enfin \u00e9dit\u00e9s. Reproduits en fac-simil\u00e9, textes \u00e0 la calligraphie suprenante et dessins rehauss\u00e9es d\u2019aquarelle d\u2019une qualit\u00e9 rare ont vraisemblablement \u00e9t\u00e9 con\u00e7us dans [&#8230;]\n","protected":false},"featured_media":46,"template":"","meta":[],"product_brand":[],"product_cat":[29],"product_tag":[],"class_list":{"0":"post-188","1":"product","2":"type-product","3":"status-publish","4":"has-post-thumbnail","6":"product_cat-les-inedits-de-la-domination-feminine","8":"first","9":"instock","10":"shipping-taxable","11":"purchasable","12":"product-type-simple"},"_links":{"self":[{"href":"https:\/\/www.editionsastarte.com\/en\/wp-json\/wp\/v2\/product\/188","targetHints":{"allow":["GET"]}}],"collection":[{"href":"https:\/\/www.editionsastarte.com\/en\/wp-json\/wp\/v2\/product"}],"about":[{"href":"https:\/\/www.editionsastarte.com\/en\/wp-json\/wp\/v2\/types\/product"}],"wp:featuredmedia":[{"embeddable":true,"href":"https:\/\/www.editionsastarte.com\/en\/wp-json\/wp\/v2\/media\/46"}],"wp:attachment":[{"href":"https:\/\/www.editionsastarte.com\/en\/wp-json\/wp\/v2\/media?parent=188"}],"wp:term":[{"taxonomy":"product_brand","embeddable":true,"href":"https:\/\/www.editionsastarte.com\/en\/wp-json\/wp\/v2\/product_brand?post=188"},{"taxonomy":"product_cat","embeddable":true,"href":"https:\/\/www.editionsastarte.com\/en\/wp-json\/wp\/v2\/product_cat?post=188"},{"taxonomy":"product_tag","embeddable":true,"href":"https:\/\/www.editionsastarte.com\/en\/wp-json\/wp\/v2\/product_tag?post=188"}],"curies":[{"name":"wp","href":"https:\/\/api.w.org\/{rel}","templated":true}]}}