{"id":195,"date":"2023-01-31T13:35:09","date_gmt":"2023-01-31T12:35:09","guid":{"rendered":"http:\/\/bbbweco.cluster031.hosting.ovh.net\/editionsastarte\/produit\/nouveau-catalogue-de-photographies-galantes\/"},"modified":"2025-09-14T09:13:13","modified_gmt":"2025-09-14T07:13:13","slug":"nouveau-catalogue-de-photographies-galantes","status":"publish","type":"product","link":"https:\/\/www.editionsastarte.com\/en\/produit\/nouveau-catalogue-de-photographies-galantes\/","title":{"rendered":"NOUVEAU CATALOGUE DE PHOTOGRAPHIES GALANTES"},"content":{"rendered":"[Guy LEMAIRE] Guillaume LEMARI\u00c9<br \/>\nUn des 100 ex. en tirage de t\u00eate, sign\u00e9 par l&#8217;auteur avec un tirage argentique original, reli\u00e9 cartonn\u00e9, (15 x 21), 96 pages<br \/>\n<i>&#8221; Le Nouveau Catalogue de Photographies Galantes est ind\u00e9niablement sup\u00e9rieur \u00e0 tout ce qui s\u2019est fait jusqu\u2019\u00e0 ce jour dans ce genre sp\u00e9cial ; contempler ces photos si joliment pos\u00e9es, c\u2019est go\u00fbter un plaisir aussi vif que celui donn\u00e9 par l\u2019acte charnel lui-m\u00eame&#8221;<\/i>. <br \/>Pr\u00e9sent\u00e9 par Guy Lemaire, l\u2019\u0153uvre de genre sp\u00e9cial de Guillaume Lemari\u00e9 vaut le d\u00e9tour et il d\u00e9croche, haut la main, les palmes de l\u2019humour grivois et du calembour historique.<\/p>\n<p>Il ne s&#8217;agit pas d&#8217;une nouvelle publication mais d&#8217;un carton que nous venons de retrouver. Il reste donc quelques exemplaires du tirage de t\u00eate, uniquement en vente sur ce site. Le tirage normal est \u00e9puis\u00e9.<\/p>\n<p> &#8212; <\/p>\n<p>NOUVEAU CATALOGUE DE PHOTOGRAPHIES GALANTES<br \/>\n[Guy LEMAIRE] Guillaume LEMARI\u00c9<\/p>\n<p>Hardcover, one of the 100 Deluxe copies, original silver print signed by the author, 96 pages ,15 by 21 cm, .<br \/>\n<i>&#8221; Le Nouveau Catalogue de Photographies Galantes is undeniably superior to everything that has been done so far in this special kind; when you gaze at these so lovely posed photographs, you can feel an exquisite pleasure, such as the one given by the carnal act itself. &#8220;<\/i>. <br \/>Presented by Guy Lemaire, the work of a special kind by Guillaume Lemari\u00e9 is worth the detour and wins hands down the award for saucy humour and historical puns.<\/p>\n<p>This is not a new publication but a box that we have just regained. There are some few deluxe copies left, only for sale on this website. The normal edition is now sold out.<\/p>\n","protected":false},"excerpt":{"rendered":"[Guy LEMAIRE] Guillaume LEMARI\u00c9 Un des 100 ex. en tirage de t\u00eate, sign\u00e9 par l&#8217;auteur avec un tirage argentique original, reli\u00e9 cartonn\u00e9, (15 x 21), 96 pages &#8221; Le Nouveau Catalogue de Photographies Galantes est ind\u00e9niablement sup\u00e9rieur \u00e0 tout ce qui s\u2019est fait jusqu\u2019\u00e0 ce jour dans ce genre sp\u00e9cial ; contempler ces photos si [&#8230;]\n","protected":false},"featured_media":189,"template":"","meta":[],"product_brand":[],"product_cat":[19],"product_tag":[],"class_list":{"0":"post-195","1":"product","2":"type-product","3":"status-publish","4":"has-post-thumbnail","6":"product_cat-les-tirages-de-tete","8":"first","9":"instock","10":"shipping-taxable","11":"purchasable","12":"product-type-simple"},"_links":{"self":[{"href":"https:\/\/www.editionsastarte.com\/en\/wp-json\/wp\/v2\/product\/195","targetHints":{"allow":["GET"]}}],"collection":[{"href":"https:\/\/www.editionsastarte.com\/en\/wp-json\/wp\/v2\/product"}],"about":[{"href":"https:\/\/www.editionsastarte.com\/en\/wp-json\/wp\/v2\/types\/product"}],"wp:featuredmedia":[{"embeddable":true,"href":"https:\/\/www.editionsastarte.com\/en\/wp-json\/wp\/v2\/media\/189"}],"wp:attachment":[{"href":"https:\/\/www.editionsastarte.com\/en\/wp-json\/wp\/v2\/media?parent=195"}],"wp:term":[{"taxonomy":"product_brand","embeddable":true,"href":"https:\/\/www.editionsastarte.com\/en\/wp-json\/wp\/v2\/product_brand?post=195"},{"taxonomy":"product_cat","embeddable":true,"href":"https:\/\/www.editionsastarte.com\/en\/wp-json\/wp\/v2\/product_cat?post=195"},{"taxonomy":"product_tag","embeddable":true,"href":"https:\/\/www.editionsastarte.com\/en\/wp-json\/wp\/v2\/product_tag?post=195"}],"curies":[{"name":"wp","href":"https:\/\/api.w.org\/{rel}","templated":true}]}}