{"id":202,"date":"2023-01-31T13:35:10","date_gmt":"2023-01-31T12:35:10","guid":{"rendered":"http:\/\/bbbweco.cluster031.hosting.ovh.net\/editionsastarte\/produit\/pascin\/"},"modified":"2023-05-07T18:33:59","modified_gmt":"2023-05-07T16:33:59","slug":"pascin","status":"publish","type":"product","link":"https:\/\/www.editionsastarte.com\/en\/produit\/pascin\/","title":{"rendered":"PASCIN"},"content":{"rendered":"<p>Alexandre DUPOUY<br \/>\nUn ouvrage reli\u00e9 cartonn\u00e9 avec jaquette de 96 pages (12.5 x 21 cm)<br \/>\n<i>\u201c- Ne vous retournez pas ainsi&#8230; Continuez \u00e0 suivre le corps du pauvre Pascin ; Oui je vous laisse ; je reste ici avec son image immat\u00e9rielle. Avec Chagall mystique, sa fine compagne \u00e0 ses c\u00f4t\u00e9s, avec Kisling, et Papazoff qui sont de la m\u00eame lign\u00e9e formidable, avec tous ses copains et copines, les yeux rougis, Andr\u00e9 Salmon et Marcel Sauvage le visage boulevers\u00e9, les mod\u00e8les de tout poil et de toute couleur, les marchands de tableaux, m\u00eame, dont la douleur se temp\u00e8re de la hausse brusque que vaut ce bond dans l\u2019\u00e9ternit\u00e9&#8230; Oui, Zadkine, excuse-moi : sculpteur, vous avez le culte de la mati\u00e8re et des formes, d\u00e9pouilles mortelles que vous suivez, avec l\u2019espoir d\u2019une survivance, d\u2019une transfiguration, \u201ctel qu\u2019en lui-m\u00eame, enfin l\u2019\u00e9ternit\u00e9 le change\u201d ; moi, je le vois encore, hant\u00e9 par la chair, par l\u2019hallucination du d\u00e9sir, des jambes \u00e9cart\u00e9es, des femmes \u00e9tal\u00e9es, des croupes obsc\u00e8nes, appel magnifique et terrible de la b\u00eate humaine, \u00e0 quoi r\u00e9pondait triomphalement sa grande et simple bont\u00e9.\u201c<\/i><br \/>\nW. Mayr, Souvenirs sur Pascin.<\/p>\n<p> &#8212; <\/p>\n<p>PASCIN<br \/>\nAlexandre DUPOUY<\/p>\n<p>Hardcover jacketed book, 96 pages, 12,5 x 21 cm, published by Parkstone, New York<br \/>\n<i>\u201c- Ne vous retournez pas ainsi&#8230; Continuez \u00e0 suivre le corps du pauvre Pascin ; Oui je vous laisse ; je reste ici avec son image immat\u00e9rielle. Avec Chagall mystique, sa fine compagne \u00e0 ses c\u00f4t\u00e9s, avec Kisling, et Papazoff qui sont de la m\u00eame lign\u00e9e formidable, avec tous ses copains et copines, les yeux rougis, Andr\u00e9 Salmon et Marcel Sauvage le visage boulevers\u00e9, les mod\u00e8les de tout poil et de toute couleur, les marchands de tableaux, m\u00eame, dont la douleur se temp\u00e8re de la hausse brusque que vaut ce bond dans l\u2019\u00e9ternit\u00e9&#8230; Oui, Zadkine, excuse-moi : sculpteur, vous avez le culte de la mati\u00e8re et des formes, d\u00e9pouilles mortelles que vous suivez, avec l\u2019espoir d\u2019une survivance, d\u2019une transfiguration, \u201ctel qu\u2019en lui-m\u00eame, enfin l\u2019\u00e9ternit\u00e9 le change\u201d ; moi, je le vois encore, hant\u00e9 par la chair, par l\u2019hallucination du d\u00e9sir, des jambes \u00e9cart\u00e9es, des femmes \u00e9tal\u00e9es, des croupes obsc\u00e8nes, appel magnifique et terrible de la b\u00eate humaine, \u00e0 quoi r\u00e9pondait triomphalement sa grande et simple bont\u00e9.\u201c<\/i><br \/>\nW. Mayr, Souvenirs sur Pascin.<\/p>\n","protected":false},"excerpt":{"rendered":"<p>Alexandre DUPOUY Un ouvrage reli\u00e9 cartonn\u00e9 avec jaquette de 96 pages (12.5 x 21 cm) \u201c- Ne vous retournez pas ainsi&#8230; Continuez \u00e0 suivre le corps du pauvre Pascin ; Oui je vous laisse ; je reste ici avec son image immat\u00e9rielle. Avec Chagall mystique, sa fine compagne \u00e0 ses c\u00f4t\u00e9s, avec Kisling, et Papazoff [&#8230;]\n","protected":false},"featured_media":196,"template":"","meta":[],"product_brand":[],"product_cat":[26],"product_tag":[],"class_list":{"0":"post-202","1":"product","2":"type-product","3":"status-publish","4":"has-post-thumbnail","6":"product_cat-les-beaux-livres","8":"first","9":"instock","10":"shipping-taxable","11":"purchasable","12":"product-type-simple"},"_links":{"self":[{"href":"https:\/\/www.editionsastarte.com\/en\/wp-json\/wp\/v2\/product\/202","targetHints":{"allow":["GET"]}}],"collection":[{"href":"https:\/\/www.editionsastarte.com\/en\/wp-json\/wp\/v2\/product"}],"about":[{"href":"https:\/\/www.editionsastarte.com\/en\/wp-json\/wp\/v2\/types\/product"}],"wp:featuredmedia":[{"embeddable":true,"href":"https:\/\/www.editionsastarte.com\/en\/wp-json\/wp\/v2\/media\/196"}],"wp:attachment":[{"href":"https:\/\/www.editionsastarte.com\/en\/wp-json\/wp\/v2\/media?parent=202"}],"wp:term":[{"taxonomy":"product_brand","embeddable":true,"href":"https:\/\/www.editionsastarte.com\/en\/wp-json\/wp\/v2\/product_brand?post=202"},{"taxonomy":"product_cat","embeddable":true,"href":"https:\/\/www.editionsastarte.com\/en\/wp-json\/wp\/v2\/product_cat?post=202"},{"taxonomy":"product_tag","embeddable":true,"href":"https:\/\/www.editionsastarte.com\/en\/wp-json\/wp\/v2\/product_tag?post=202"}],"curies":[{"name":"wp","href":"https:\/\/api.w.org\/{rel}","templated":true}]}}