{"id":209,"date":"2023-01-31T13:35:11","date_gmt":"2023-01-31T12:35:11","guid":{"rendered":"http:\/\/bbbweco.cluster031.hosting.ovh.net\/editionsastarte\/produit\/yva-richard-lage-dor-du-fetichisme\/"},"modified":"2025-12-29T22:37:29","modified_gmt":"2025-12-29T21:37:29","slug":"yva-richard-lage-dor-du-fetichisme","status":"publish","type":"product","link":"https:\/\/www.editionsastarte.com\/en\/produit\/yva-richard-lage-dor-du-fetichisme\/","title":{"rendered":"YVA RICHARD L&#8217;\u00c2ge d&#8217;Or du F\u00e9tichisme"},"content":{"rendered":"<p>Alexandre DUPOUY<br \/>\nUn des 2000 ex. de 128 pages (21 x 26), reli\u00e9s tissu avec jaquette, impression en bichromie<br \/>\nIl s&#8217;agit de l&#8217;important ouvrage que nous avons r\u00e9alis\u00e9 dans le cadre du Mois de la Photo 1994. Il contient environ deux-cent-cinquante photos in\u00e9dites de l&#8217;\u00e9poque des ann\u00e9es trente rev\u00e9lant l&#8217;histoire de ce talentueux photographe m\u00e9connu, o\u00f9 mod\u00e8le et artiste se confondent.<br \/>\nIndispensable pour tous les amateurs de f\u00e9tichisme, lingeries, corsets, bottines et autres jolies choses\u2026<\/p>\n<p> &#8212; <\/p>\n<p>YVA RICHARD L&#8217;\u00c2ge d&#8217;Or du F\u00e9tichisme<br \/>\nAlexandre DUPOUY<\/p>\n<p>Un des 2000 ex. de 128 pages (21 x 26), reli\u00e9s tissu avec jaquette, impression en bichromie<br \/>\nEnglish translation inside<\/p>\n","protected":false},"excerpt":{"rendered":"<p>Alexandre DUPOUY Un des 2000 ex. de 128 pages (21 x 26), reli\u00e9s tissu avec jaquette, impression en bichromie Il s&#8217;agit de l&#8217;important ouvrage que nous avons r\u00e9alis\u00e9 dans le cadre du Mois de la Photo 1994. Il contient environ deux-cent-cinquante photos in\u00e9dites de l&#8217;\u00e9poque des ann\u00e9es trente rev\u00e9lant l&#8217;histoire de ce talentueux photographe m\u00e9connu, [&#8230;]\n","protected":false},"featured_media":203,"template":"","meta":[],"product_brand":[],"product_cat":[18],"product_tag":[],"class_list":{"0":"post-209","1":"product","2":"type-product","3":"status-publish","4":"has-post-thumbnail","6":"product_cat-les-archives-de-la-photographie-erotique","8":"first","9":"instock","10":"shipping-taxable","11":"purchasable","12":"product-type-simple"},"_links":{"self":[{"href":"https:\/\/www.editionsastarte.com\/en\/wp-json\/wp\/v2\/product\/209","targetHints":{"allow":["GET"]}}],"collection":[{"href":"https:\/\/www.editionsastarte.com\/en\/wp-json\/wp\/v2\/product"}],"about":[{"href":"https:\/\/www.editionsastarte.com\/en\/wp-json\/wp\/v2\/types\/product"}],"wp:featuredmedia":[{"embeddable":true,"href":"https:\/\/www.editionsastarte.com\/en\/wp-json\/wp\/v2\/media\/203"}],"wp:attachment":[{"href":"https:\/\/www.editionsastarte.com\/en\/wp-json\/wp\/v2\/media?parent=209"}],"wp:term":[{"taxonomy":"product_brand","embeddable":true,"href":"https:\/\/www.editionsastarte.com\/en\/wp-json\/wp\/v2\/product_brand?post=209"},{"taxonomy":"product_cat","embeddable":true,"href":"https:\/\/www.editionsastarte.com\/en\/wp-json\/wp\/v2\/product_cat?post=209"},{"taxonomy":"product_tag","embeddable":true,"href":"https:\/\/www.editionsastarte.com\/en\/wp-json\/wp\/v2\/product_tag?post=209"}],"curies":[{"name":"wp","href":"https:\/\/api.w.org\/{rel}","templated":true}]}}