{"id":211,"date":"2023-01-31T13:35:12","date_gmt":"2023-01-31T12:35:12","guid":{"rendered":"http:\/\/bbbweco.cluster031.hosting.ovh.net\/editionsastarte\/produit\/le-magicien\/"},"modified":"2026-04-07T19:41:10","modified_gmt":"2026-04-07T17:41:10","slug":"le-magicien","status":"publish","type":"product","link":"https:\/\/www.editionsastarte.com\/en\/produit\/le-magicien\/","title":{"rendered":"LE MAGICIEN"},"content":{"rendered":"<p>L&#8217;Anthologie \u00c9rotique<br \/>\ndu Cin\u00e9ma Clandestin 4<br \/>\n85 minutes de film + bonus : 200 images extraites de nos archives &amp; pr\u00e9sentation avec extraits des 5 autres DVD<br \/>\n12 COURTS-METRAGES : Le Magicien &#8211; Avec ses Pieds &#8211; Test d\u2019Aptitude professionnelle &#8211; L\u2019Amour vicieux &#8211; La Call-Girl<br \/>\nDeux Colombines pour Pierrot &#8211; March\u00e9 noir &#8211; Trag\u00e9die anglaise &#8211; R\u00e9veil en Douceur &#8211; Fantaisies &#8211; Plaisirs d\u2019\u00e9t\u00e9<\/p>\n<p>&#8212;<\/p>\n<p>LE MAGICIEN<br \/>\nThe Erotic Anthology<br \/>\nof Clandestine Films 1<\/p>\n<p>85 minutes de film + bonus : 200 images extraites de nos archives &amp; pr\u00e9sentation avec extraits des 5 autres DVD<br \/>\n12 COURTS-METRAGES : Le Magicien &#8211; Avec ses Pieds &#8211; Test d\u2019Aptitude professionnelle &#8211; L\u2019Amour vicieux &#8211; La Call-Girl<br \/>\nDeux Colombines pour Pierrot &#8211; March\u00e9 noir &#8211; Trag\u00e9die anglaise &#8211; R\u00e9veil en Douceur &#8211; Fantaisies &#8211; Plaisirs d\u2019\u00e9t\u00e9<\/p>\n<p>&nbsp;<\/p>\n<div style=\"width: 300px;\" class=\"wp-video\"><video class=\"wp-video-shortcode\" id=\"video-211-1\" width=\"300\" height=\"240\" preload=\"metadata\" controls=\"controls\"><source type=\"video\/mp4\" src=\"https:\/\/www.editionsastarte.com\/wp-content\/uploads\/2023\/01\/vid4.mp4?_=1\" \/><a href=\"https:\/\/www.editionsastarte.com\/wp-content\/uploads\/2023\/01\/vid4.mp4\">https:\/\/www.editionsastarte.com\/wp-content\/uploads\/2023\/01\/vid4.mp4<\/a><\/video><\/div>\n","protected":false},"excerpt":{"rendered":"<p>L&#8217;Anthologie \u00c9rotique du Cin\u00e9ma Clandestin 4 85 minutes de film + bonus : 200 images extraites de nos archives &amp; pr\u00e9sentation avec extraits des 5 autres DVD 12 COURTS-METRAGES : Le Magicien &#8211; Avec ses Pieds &#8211; Test d\u2019Aptitude professionnelle &#8211; L\u2019Amour vicieux &#8211; La Call-Girl Deux Colombines pour Pierrot &#8211; March\u00e9 noir &#8211; Trag\u00e9die [&#8230;]\n","protected":false},"featured_media":210,"template":"","meta":[],"product_brand":[],"product_cat":[22],"product_tag":[],"class_list":{"0":"post-211","1":"product","2":"type-product","3":"status-publish","4":"has-post-thumbnail","6":"product_cat-anthologie-erotique-du-cinema-clandestin","8":"first","9":"instock","10":"shipping-taxable","11":"purchasable","12":"product-type-simple"},"_links":{"self":[{"href":"https:\/\/www.editionsastarte.com\/en\/wp-json\/wp\/v2\/product\/211","targetHints":{"allow":["GET"]}}],"collection":[{"href":"https:\/\/www.editionsastarte.com\/en\/wp-json\/wp\/v2\/product"}],"about":[{"href":"https:\/\/www.editionsastarte.com\/en\/wp-json\/wp\/v2\/types\/product"}],"wp:featuredmedia":[{"embeddable":true,"href":"https:\/\/www.editionsastarte.com\/en\/wp-json\/wp\/v2\/media\/210"}],"wp:attachment":[{"href":"https:\/\/www.editionsastarte.com\/en\/wp-json\/wp\/v2\/media?parent=211"}],"wp:term":[{"taxonomy":"product_brand","embeddable":true,"href":"https:\/\/www.editionsastarte.com\/en\/wp-json\/wp\/v2\/product_brand?post=211"},{"taxonomy":"product_cat","embeddable":true,"href":"https:\/\/www.editionsastarte.com\/en\/wp-json\/wp\/v2\/product_cat?post=211"},{"taxonomy":"product_tag","embeddable":true,"href":"https:\/\/www.editionsastarte.com\/en\/wp-json\/wp\/v2\/product_tag?post=211"}],"curies":[{"name":"wp","href":"https:\/\/api.w.org\/{rel}","templated":true}]}}