{"id":218,"date":"2023-01-31T13:35:13","date_gmt":"2023-01-31T12:35:13","guid":{"rendered":"http:\/\/bbbweco.cluster031.hosting.ovh.net\/editionsastarte\/produit\/le-chevalet-de-madame-de-brandestirage-de-tete\/"},"modified":"2025-04-29T22:24:01","modified_gmt":"2025-04-29T20:24:01","slug":"le-chevalet-de-madame-de-brandestirage-de-tete","status":"publish","type":"product","link":"https:\/\/www.editionsastarte.com\/en\/produit\/le-chevalet-de-madame-de-brandestirage-de-tete\/","title":{"rendered":"LE CHEVALET DE MADAME DE BRANDES<br>TIRAGE DE T\u00caTE"},"content":{"rendered":"<p>Bernard MONTORGUEIL<br \/>\nUn des 50 ex. en tirage de t\u00eate avec un tir\u00e9 \u00e0 part<br \/>\nDes manuscrits \u201cMontorgueil\u201d (patronyme \u2013 et pseudonyme \u2013 bien connu des amateurs du genre) enfin \u00e9dit\u00e9s. Reproduits en fac-simil\u00e9, textes \u00e0 la calligraphie surprenante et dessins rehauss\u00e9es d\u2019aquarelle d\u2019une qualit\u00e9 rare ont vraisemblablement \u00e9t\u00e9 con\u00e7us dans les ann\u00e9es 40, entre de Carlo et John Willie. Ils sont destin\u00e9s aux amateurs de femmes fatales, de celles qui occasionnent les pires mis\u00e8res \u00e0 de pauvres \u00eatres qui n\u2019ont pas l\u2019air de beaucoup s\u2019en plaindre.<\/p>\n<p> &#8212; <\/p>\n<p>LE CHEVALET DE MADAME DE BRANDES<br \/>DELUXE<br \/>\nBernard MONTORGUEIL<\/p>\n<p>One of the 50 Deluxe copies<br \/>\n\u00ab Montorgueil \u00bb manuscripts (well-known name -and pen name- for enthusiasts) are published at last. Duplicated in facsimile, texts with a surprising calligraphy and drawings enhanced with watercolour of a rare quality: in all likelihood, they were made in the 1940\u2019s, between de Carlo and John Willie. They are intended for amateurs of femmes fatales, those who cause the worst woes to poor creatures who do not seem to complain a lot about it.<\/p>\n","protected":false},"excerpt":{"rendered":"<p>Bernard MONTORGUEIL Un des 50 ex. en tirage de t\u00eate avec un tir\u00e9 \u00e0 part Des manuscrits \u201cMontorgueil\u201d (patronyme \u2013 et pseudonyme \u2013 bien connu des amateurs du genre) enfin \u00e9dit\u00e9s. Reproduits en fac-simil\u00e9, textes \u00e0 la calligraphie surprenante et dessins rehauss\u00e9es d\u2019aquarelle d\u2019une qualit\u00e9 rare ont vraisemblablement \u00e9t\u00e9 con\u00e7us dans les ann\u00e9es 40, entre [&#8230;]\n","protected":false},"featured_media":212,"template":"","meta":[],"product_brand":[],"product_cat":[19],"product_tag":[],"class_list":{"0":"post-218","1":"product","2":"type-product","3":"status-publish","4":"has-post-thumbnail","6":"product_cat-les-tirages-de-tete","8":"first","9":"instock","10":"shipping-taxable","11":"purchasable","12":"product-type-simple"},"_links":{"self":[{"href":"https:\/\/www.editionsastarte.com\/en\/wp-json\/wp\/v2\/product\/218","targetHints":{"allow":["GET"]}}],"collection":[{"href":"https:\/\/www.editionsastarte.com\/en\/wp-json\/wp\/v2\/product"}],"about":[{"href":"https:\/\/www.editionsastarte.com\/en\/wp-json\/wp\/v2\/types\/product"}],"wp:featuredmedia":[{"embeddable":true,"href":"https:\/\/www.editionsastarte.com\/en\/wp-json\/wp\/v2\/media\/212"}],"wp:attachment":[{"href":"https:\/\/www.editionsastarte.com\/en\/wp-json\/wp\/v2\/media?parent=218"}],"wp:term":[{"taxonomy":"product_brand","embeddable":true,"href":"https:\/\/www.editionsastarte.com\/en\/wp-json\/wp\/v2\/product_brand?post=218"},{"taxonomy":"product_cat","embeddable":true,"href":"https:\/\/www.editionsastarte.com\/en\/wp-json\/wp\/v2\/product_cat?post=218"},{"taxonomy":"product_tag","embeddable":true,"href":"https:\/\/www.editionsastarte.com\/en\/wp-json\/wp\/v2\/product_tag?post=218"}],"curies":[{"name":"wp","href":"https:\/\/api.w.org\/{rel}","templated":true}]}}