{"id":225,"date":"2023-01-31T13:35:14","date_gmt":"2023-01-31T12:35:14","guid":{"rendered":"http:\/\/bbbweco.cluster031.hosting.ovh.net\/editionsastarte\/produit\/amateurs-1940\/"},"modified":"2026-02-13T18:04:17","modified_gmt":"2026-02-13T17:04:17","slug":"amateurs-1940","status":"publish","type":"product","link":"https:\/\/www.editionsastarte.com\/en\/produit\/amateurs-1940\/","title":{"rendered":"AMATEURS 1940"},"content":{"rendered":"<p>Alexandre DUPOUY<br \/>\nUn des 2000 ex. broch\u00e9s de 96 pages (15 x 21)<br \/>\nDans les ann\u00e9es 40, rien ne va plus. Apr\u00e8s la d\u00e9b\u00e2cle, le nouveau pouvoir cherche des coupables et pr\u00f4ne le retour aux valeurs du Travail, de la Famille, de la Patrie. Les m\u0153urs libertines qui se sont d\u00e9velopp\u00e9es pendant les ann\u00e9es 30 sont accus\u00e9es d\u2019\u00eatre responsables de la d\u00e9g\u00e9n\u00e9rescence de la \u201cRace Fran\u00e7aise\u201d. Alors d\u00e9bauche et luxure se terrent. Mais, comme pour exorciser cette d\u00e9cennie noire, les libertins cherchent malgr\u00e9 tout \u00e0 faire partager leur intimit\u00e9. Le mat\u00e9riel photographique de plus en plus perfectionn\u00e9 permet \u00e0 chacun d\u2019immortaliser l\u2019instant et le corps du d\u00e9sir, de l\u2019exhiber et de le conserver pour la post\u00e9rit\u00e9. La technique participe au d\u00e9veloppement de l\u2019imagination. Flashes, jeux de glaces, profondeurs de champ, retardateurs deviennent les nouveaux jouets des turpitudes \u00e9rotiques. Si maladresses il y a, elles se transforment en clins d\u2019\u0153il \u00e9mouvants. Ces impudiques aux visages souvent dissimul\u00e9s ont choisi de nous laisser les images de leurs exhibitions, nous rappelant que, m\u00eame si \u00e0 certaines p\u00e9riodes de l\u2019humanit\u00e9 \u00c9ros peut \u00eatre pourchass\u00e9, vilipend\u00e9, condamn\u00e9, censur\u00e9, b\u00e2illonn\u00e9, il reste omnipr\u00e9sent pour ses disciples \u00e9mancip\u00e9s de tout obscurantisme, de tout concept de p\u00e9ch\u00e9, de culpabilit\u00e9 ou de r\u00e9demption et nous offre ici humour, plaisir et tendresse dans ce monde o\u00f9 trop souvent l\u2019Histoire s\u2019\u00e9crit dans la violence.<\/p>\n<p> &#8212; <\/p>\n<p>AMATEURS 1940<br \/>\nAlexandre DUPOUY<\/p>\n<p>One of the 2,000 paper-bound copies, 15 by 21 cm, 96 pages<br \/>\nDans les ann\u00e9es 40, rien ne va plus. Apr\u00e8s la d\u00e9b\u00e2cle, le nouveau pouvoir cherche des coupables et pr\u00f4ne le retour aux valeurs du Travail, de la Famille, de la Patrie. Les m\u0153urs libertines qui se sont d\u00e9velopp\u00e9es pendant les ann\u00e9es 30 sont accus\u00e9es d\u2019\u00eatre responsables de la d\u00e9g\u00e9n\u00e9rescence de la \u201cRace Fran\u00e7aise\u201d. Alors d\u00e9bauche et luxure se terrent. Mais, comme pour exorciser cette d\u00e9cennie noire, les libertins cherchent malgr\u00e9 tout \u00e0 faire partager leur intimit\u00e9. Le mat\u00e9riel photographique de plus en plus perfectionn\u00e9 permet \u00e0 chacun d\u2019immortaliser l\u2019instant et le corps du d\u00e9sir, de l\u2019exhiber et de le conserver pour la post\u00e9rit\u00e9. La technique participe au d\u00e9veloppement de l\u2019imagination. Flashes, jeux de glaces, profondeurs de champ, retardateurs deviennent les nouveaux jouets des turpitudes \u00e9rotiques. Si maladresses il y a, elles se transforment en clins d\u2019\u0153il \u00e9mouvants. Ces impudiques aux visages souvent dissimul\u00e9s ont choisi de nous laisser les images de leurs exhibitions, nous rappelant que, m\u00eame si \u00e0 certaines p\u00e9riodes de l\u2019humanit\u00e9 \u00c9ros peut \u00eatre pourchass\u00e9, vilipend\u00e9, condamn\u00e9, censur\u00e9, b\u00e2illonn\u00e9, il reste omnipr\u00e9sent pour ses disciples \u00e9mancip\u00e9s de tout obscurantisme, de tout concept de p\u00e9ch\u00e9, de culpabilit\u00e9 ou de r\u00e9demption et nous offre ici humour, plaisir et tendresse dans ce monde o\u00f9 trop souvent l\u2019Histoire s\u2019\u00e9crit dans la violence.<\/p>\n","protected":false},"excerpt":{"rendered":"<p>Alexandre DUPOUY Un des 2000 ex. broch\u00e9s de 96 pages (15 x 21) Dans les ann\u00e9es 40, rien ne va plus. Apr\u00e8s la d\u00e9b\u00e2cle, le nouveau pouvoir cherche des coupables et pr\u00f4ne le retour aux valeurs du Travail, de la Famille, de la Patrie. Les m\u0153urs libertines qui se sont d\u00e9velopp\u00e9es pendant les ann\u00e9es 30 [&#8230;]\n","protected":false},"featured_media":219,"template":"","meta":[],"product_brand":[],"product_cat":[17],"product_tag":[],"class_list":{"0":"post-225","1":"product","2":"type-product","3":"status-publish","4":"has-post-thumbnail","6":"product_cat-photographies-damateurs","8":"first","9":"instock","10":"shipping-taxable","11":"purchasable","12":"product-type-simple"},"_links":{"self":[{"href":"https:\/\/www.editionsastarte.com\/en\/wp-json\/wp\/v2\/product\/225","targetHints":{"allow":["GET"]}}],"collection":[{"href":"https:\/\/www.editionsastarte.com\/en\/wp-json\/wp\/v2\/product"}],"about":[{"href":"https:\/\/www.editionsastarte.com\/en\/wp-json\/wp\/v2\/types\/product"}],"wp:featuredmedia":[{"embeddable":true,"href":"https:\/\/www.editionsastarte.com\/en\/wp-json\/wp\/v2\/media\/219"}],"wp:attachment":[{"href":"https:\/\/www.editionsastarte.com\/en\/wp-json\/wp\/v2\/media?parent=225"}],"wp:term":[{"taxonomy":"product_brand","embeddable":true,"href":"https:\/\/www.editionsastarte.com\/en\/wp-json\/wp\/v2\/product_brand?post=225"},{"taxonomy":"product_cat","embeddable":true,"href":"https:\/\/www.editionsastarte.com\/en\/wp-json\/wp\/v2\/product_cat?post=225"},{"taxonomy":"product_tag","embeddable":true,"href":"https:\/\/www.editionsastarte.com\/en\/wp-json\/wp\/v2\/product_tag?post=225"}],"curies":[{"name":"wp","href":"https:\/\/api.w.org\/{rel}","templated":true}]}}