{"id":232,"date":"2023-01-31T13:35:15","date_gmt":"2023-01-31T12:35:15","guid":{"rendered":"http:\/\/bbbweco.cluster031.hosting.ovh.net\/editionsastarte\/produit\/lesbos-pornos\/"},"modified":"2026-02-06T23:03:55","modified_gmt":"2026-02-06T22:03:55","slug":"lesbos-pornos","status":"publish","type":"product","link":"https:\/\/www.editionsastarte.com\/en\/produit\/lesbos-pornos\/","title":{"rendered":"LESBOS PORNOS"},"content":{"rendered":"<p>Alexandre DUPOUY<br \/>\nUn des 2000 ex. broch\u00e9s de 96 pages (15 x 21)<br \/>\nD\u00e8s que le libertinage est apparu, l\u2019amour entre femmes a \u00e9t\u00e9 plac\u00e9 sur le devant de la sc\u00e8ne, alimentant abondamment les fantasmes des deux sexes. La centaine de photographies clandestines s\u00e9lectionn\u00e9e pour cet ouvrage exprime une crudit\u00e9, une perversit\u00e9 affich\u00e9e, dont l\u2019outrance est toutefois att\u00e9nu\u00e9e par la d\u00e9sinvolture et l\u2019ironie de la plupart des mod\u00e8les. Les effusions de nos tribades en action int\u00e8grent l\u2019univers classique du fantasme masculin, li\u00e9 \u00e0 l\u2019homosexualit\u00e9 f\u00e9minine. Mais que repr\u00e9sentent ces images ? Les \u00e9treintes saphiques ne sont-elles que des jeux d\u2019enfants ou d\u00e9passent-elles la jouissance offerte par la physiologie masculine ? L\u2019\u00c9ros lesbien rel\u00e8ve-t-il du simulacre, d\u2019une contrefa\u00e7on du plaisir phallique ou bien la connaissance du corps de la femme par la femme permet-elle \u00e0 chaque couple saphique d\u2019atteindre un orgasme puissant, d\u00e9mesur\u00e9, d\u00e9passant de loin tout rapport rapide et brutal offert par la p\u00e9n\u00e9tration ? \u00c9ternelle question que tout homme se pose, \u00e0 laquelle nos images n\u2019apportent pas de r\u00e9ponse, conservant close la porte secr\u00e8te du temple de Lesbos. Jetons juste un \u0153il par le trou de la serrure et ne nous perdons pas\u2026<\/p>\n<p> &#8212; <\/p>\n<p>LESBOS PORNOS<br \/>\nAlexandre DUPOUY<\/p>\n<p>One of the 2,000 paper-bound copies, 15 by 21 cm, 96 pages<br \/>\nD\u00e8s que le libertinage est apparu, l\u2019amour entre femmes a \u00e9t\u00e9 plac\u00e9 sur le devant de la sc\u00e8ne, alimentant abondamment les fantasmes des deux sexes. La centaine de photographies clandestines s\u00e9lectionn\u00e9e pour cet ouvrage exprime une crudit\u00e9, une perversit\u00e9 affich\u00e9e, dont l\u2019outrance est toutefois att\u00e9nu\u00e9e par la d\u00e9sinvolture et l\u2019ironie de la plupart des mod\u00e8les. Les effusions de nos tribades en action int\u00e8grent l\u2019univers classique du fantasme masculin, li\u00e9 \u00e0 l\u2019homosexualit\u00e9 f\u00e9minine. Mais que repr\u00e9sentent ces images ? Les \u00e9treintes saphiques ne sont-elles que des jeux d\u2019enfants ou d\u00e9passent-elles la jouissance offerte par la physiologie masculine ? L\u2019\u00c9ros lesbien rel\u00e8ve-t-il du simulacre, d\u2019une contrefa\u00e7on du plaisir phallique ou bien la connaissance du corps de la femme par la femme permet-elle \u00e0 chaque couple saphique d\u2019atteindre un orgasme puissant, d\u00e9mesur\u00e9, d\u00e9passant de loin tout rapport rapide et brutal offert par la p\u00e9n\u00e9tration ? \u00c9ternelle question que tout homme se pose, \u00e0 laquelle nos images n\u2019apportent pas de r\u00e9ponse, conservant close la porte secr\u00e8te du temple de Lesbos. Jetons juste un \u0153il par le trou de la serrure et ne nous perdons pas\u2026<\/p>\n","protected":false},"excerpt":{"rendered":"<p>Alexandre DUPOUY Un des 2000 ex. broch\u00e9s de 96 pages (15 x 21) D\u00e8s que le libertinage est apparu, l\u2019amour entre femmes a \u00e9t\u00e9 plac\u00e9 sur le devant de la sc\u00e8ne, alimentant abondamment les fantasmes des deux sexes. La centaine de photographies clandestines s\u00e9lectionn\u00e9e pour cet ouvrage exprime une crudit\u00e9, une perversit\u00e9 affich\u00e9e, dont l\u2019outrance [&#8230;]\n","protected":false},"featured_media":226,"template":"","meta":[],"product_brand":[],"product_cat":[18],"product_tag":[],"class_list":{"0":"post-232","1":"product","2":"type-product","3":"status-publish","4":"has-post-thumbnail","6":"product_cat-les-archives-de-la-photographie-erotique","8":"first","9":"instock","10":"shipping-taxable","11":"purchasable","12":"product-type-simple"},"_links":{"self":[{"href":"https:\/\/www.editionsastarte.com\/en\/wp-json\/wp\/v2\/product\/232","targetHints":{"allow":["GET"]}}],"collection":[{"href":"https:\/\/www.editionsastarte.com\/en\/wp-json\/wp\/v2\/product"}],"about":[{"href":"https:\/\/www.editionsastarte.com\/en\/wp-json\/wp\/v2\/types\/product"}],"wp:featuredmedia":[{"embeddable":true,"href":"https:\/\/www.editionsastarte.com\/en\/wp-json\/wp\/v2\/media\/226"}],"wp:attachment":[{"href":"https:\/\/www.editionsastarte.com\/en\/wp-json\/wp\/v2\/media?parent=232"}],"wp:term":[{"taxonomy":"product_brand","embeddable":true,"href":"https:\/\/www.editionsastarte.com\/en\/wp-json\/wp\/v2\/product_brand?post=232"},{"taxonomy":"product_cat","embeddable":true,"href":"https:\/\/www.editionsastarte.com\/en\/wp-json\/wp\/v2\/product_cat?post=232"},{"taxonomy":"product_tag","embeddable":true,"href":"https:\/\/www.editionsastarte.com\/en\/wp-json\/wp\/v2\/product_tag?post=232"}],"curies":[{"name":"wp","href":"https:\/\/api.w.org\/{rel}","templated":true}]}}