{"id":239,"date":"2023-01-31T13:35:16","date_gmt":"2023-01-31T12:35:16","guid":{"rendered":"http:\/\/bbbweco.cluster031.hosting.ovh.net\/editionsastarte\/produit\/beautes-teintees\/"},"modified":"2026-02-13T18:04:34","modified_gmt":"2026-02-13T17:04:34","slug":"beautes-teintees","status":"publish","type":"product","link":"https:\/\/www.editionsastarte.com\/en\/produit\/beautes-teintees\/","title":{"rendered":"BEAUT\u00c9S TEINT\u00c9ES"},"content":{"rendered":"<p>Joseph VASTA<br \/>\nUn des 2000 ex. broch\u00e9s de 96 pages (15 x 21), environ cent vingt illustrations reproduites en couleur<br \/>\nCommencer une journ\u00e9e de dur labeur devant de classiques photographies en noir et blanc et la terminer avec des images en couleur fra\u00eechement teint\u00e9es \u00e0 la main, voil\u00e0 bien toute la dext\u00e9rit\u00e9 d\u2019artisans m\u00e9connus malgr\u00e9 leur contribution significative \u00e0 l\u2019histoire du nu photographique. La convergence de trois \u00e9l\u00e9ments \u00e9tait n\u00e9cessaire pour l\u2019\u00e9laboration de leurs petits chefs-d\u2019\u0153uvre : l\u2019\u0153il du photographe, d\u2019agr\u00e9ables mod\u00e8les consentants et surtout la virtuosit\u00e9 de ces \u00ab petites mains \u00bb ma\u00eetrisant avec adresse leurs flacons d\u2019encres, leurs gouaches, leurs brosses et leurs pochoirs. Cet art raffin\u00e9 tombait progressivement dans l\u2019oubli. C\u2019\u00e9tait compter sans l\u2019acharnement de deux comp\u00e8res, amis de longue date, Joseph Vasta, le New-Yorkais et Alexandre Dupouy, le Parisien, qui, avec passion, s\u2019\u00e9vertuent \u00e0 d\u00e9couvrir et r\u00e9v\u00e9ler les diff\u00e9rents aspects de l\u2019\u00e9rotisme des Ann\u00e9es Folles, cette p\u00e9riode propice \u00e0 l\u2019amour, o\u00f9 la sexualit\u00e9 semble jaillir d\u2019un shaker m\u00ealant \u00e9l\u00e9gance, sensualit\u00e9 et subtilit\u00e9, tel un cocktail libertin malheureusement \u00e9vapor\u00e9 de nos jours. \u00c0 partir de ces deux collections uniques conserv\u00e9es de chaque c\u00f4t\u00e9 de l\u2019Atlantique, cet ouvrage pr\u00e9sente une s\u00e9lection exceptionnelle, de superbes exemples de cet art perdu du nu teint\u00e9, facette d\u2019une qualit\u00e9 fran\u00e7aise appr\u00e9ci\u00e9e depuis toujours dans le secret de chaque alc\u00f4ve ou boudoir de notre plan\u00e8te.<\/p>\n<p> &#8212; <\/p>\n<p>TINTED BEAUTIES<br \/>\nJoseph VASTA<\/p>\n<p>One of the 2,000 paper-bound copies, 15 by 21 cm, 96 pages, around hundred-twenty illustrations printed in color<br \/>\nCommencer une journ\u00e9e de dur labeur devant de classiques photographies en noir et blanc et la terminer avec des images en couleur fra\u00eechement teint\u00e9es \u00e0 la main, voil\u00e0 bien toute la dext\u00e9rit\u00e9 d\u2019artisans m\u00e9connus malgr\u00e9 leur contribution significative \u00e0 l\u2019histoire du nu photographique. La convergence de trois \u00e9l\u00e9ments \u00e9tait n\u00e9cessaire pour l\u2019\u00e9laboration de leurs petits chefs-d\u2019\u0153uvre : l\u2019\u0153il du photographe, d\u2019agr\u00e9ables mod\u00e8les consentants et surtout la virtuosit\u00e9 de ces \u00ab petites mains \u00bb ma\u00eetrisant avec adresse leurs flacons d\u2019encres, leurs gouaches, leurs brosses et leurs pochoirs. Cet art raffin\u00e9 tombait progressivement dans l\u2019oubli. C\u2019\u00e9tait compter sans l\u2019acharnement de deux comp\u00e8res, amis de longue date, Joseph Vasta, le New-Yorkais et Alexandre Dupouy, le Parisien, qui, avec passion, s\u2019\u00e9vertuent \u00e0 d\u00e9couvrir et r\u00e9v\u00e9ler les diff\u00e9rents aspects de l\u2019\u00e9rotisme des Ann\u00e9es Folles, cette p\u00e9riode propice \u00e0 l\u2019amour, o\u00f9 la sexualit\u00e9 semble jaillir d\u2019un shaker m\u00ealant \u00e9l\u00e9gance, sensualit\u00e9 et subtilit\u00e9, tel un cocktail libertin malheureusement \u00e9vapor\u00e9 de nos jours. \u00c0 partir de ces deux collections uniques conserv\u00e9es de chaque c\u00f4t\u00e9 de l\u2019Atlantique, cet ouvrage pr\u00e9sente une s\u00e9lection exceptionnelle, de superbes exemples de cet art perdu du nu teint\u00e9, facette d\u2019une qualit\u00e9 fran\u00e7aise appr\u00e9ci\u00e9e depuis toujours dans le secret de chaque alc\u00f4ve ou boudoir de notre plan\u00e8te.<\/p>\n","protected":false},"excerpt":{"rendered":"<p>Joseph VASTA Un des 2000 ex. broch\u00e9s de 96 pages (15 x 21), environ cent vingt illustrations reproduites en couleur Commencer une journ\u00e9e de dur labeur devant de classiques photographies en noir et blanc et la terminer avec des images en couleur fra\u00eechement teint\u00e9es \u00e0 la main, voil\u00e0 bien toute la dext\u00e9rit\u00e9 d\u2019artisans m\u00e9connus malgr\u00e9 [&#8230;]\n","protected":false},"featured_media":233,"template":"","meta":[],"product_brand":[],"product_cat":[18],"product_tag":[],"class_list":{"0":"post-239","1":"product","2":"type-product","3":"status-publish","4":"has-post-thumbnail","6":"product_cat-les-archives-de-la-photographie-erotique","8":"first","9":"instock","10":"shipping-taxable","11":"purchasable","12":"product-type-simple"},"_links":{"self":[{"href":"https:\/\/www.editionsastarte.com\/en\/wp-json\/wp\/v2\/product\/239","targetHints":{"allow":["GET"]}}],"collection":[{"href":"https:\/\/www.editionsastarte.com\/en\/wp-json\/wp\/v2\/product"}],"about":[{"href":"https:\/\/www.editionsastarte.com\/en\/wp-json\/wp\/v2\/types\/product"}],"wp:featuredmedia":[{"embeddable":true,"href":"https:\/\/www.editionsastarte.com\/en\/wp-json\/wp\/v2\/media\/233"}],"wp:attachment":[{"href":"https:\/\/www.editionsastarte.com\/en\/wp-json\/wp\/v2\/media?parent=239"}],"wp:term":[{"taxonomy":"product_brand","embeddable":true,"href":"https:\/\/www.editionsastarte.com\/en\/wp-json\/wp\/v2\/product_brand?post=239"},{"taxonomy":"product_cat","embeddable":true,"href":"https:\/\/www.editionsastarte.com\/en\/wp-json\/wp\/v2\/product_cat?post=239"},{"taxonomy":"product_tag","embeddable":true,"href":"https:\/\/www.editionsastarte.com\/en\/wp-json\/wp\/v2\/product_tag?post=239"}],"curies":[{"name":"wp","href":"https:\/\/api.w.org\/{rel}","templated":true}]}}