{"id":24,"date":"2023-01-31T13:34:43","date_gmt":"2023-01-31T12:34:43","guid":{"rendered":"http:\/\/bbbweco.cluster031.hosting.ovh.net\/editionsastarte\/produit\/collection-privee-de-monsieur-x\/"},"modified":"2026-02-06T23:03:55","modified_gmt":"2026-02-06T22:03:55","slug":"collection-privee-de-monsieur-x","status":"publish","type":"product","link":"https:\/\/www.editionsastarte.com\/en\/produit\/collection-privee-de-monsieur-x\/","title":{"rendered":"COLLECTION PRIV\u00c9E DE MONSIEUR X"},"content":{"rendered":"<p>Alexandre DUPOUY<br \/>\nUn des 6000 ex. broch\u00e9s de 96 pages (15 x 21)<br \/>\nR\u00e9\u00e9dition augment\u00e9e de notre \u00ab best-seller \u00bb, r\u00e9v\u00e9lant la vie et l&#8217;\u0153uvre du mythique Monsieur X, bien connu des amateurs de photographies licencieuses anciennes. Les travaux pr\u00e9sent\u00e9s dans cet ouvrage sont aussi os\u00e9s que modernes. Certaines images tr\u00e8s crues, r\u00e9alis\u00e9es dans l\u2019intimit\u00e9 des maisons closes, t\u00e9moignent de l\u2019obsession tenace de leur auteur, nous \u00e9voquant Gustave Courbet et son Origine du Monde.<\/p>\n<p> &#8212; <\/p>\n<p>COLLECTION PRIV\u00c9E DE MONSIEUR X<br \/>\nAlexandre DUPOUY<\/p>\n<p>One of the 6,000 paper-bound copies, 15 by 21 cm, 96 pages.<br \/>\nHere is the new enhanced edition of our \u201cbest-seller\u201d which unveils the life and the work of the mythical Monsieur X, well-known figure for ancient licentious photographs lovers. The works presented in this book are as racy as modern. Some very crude pictures, taken in brothels, bear witness to their author\u2019s strong obsession, by calling to mind Gustave Courbet and its painting L\u2019Origine du Monde (The Origin of the World).<\/p>\n","protected":false},"excerpt":{"rendered":"<p>Alexandre DUPOUY Un des 6000 ex. broch\u00e9s de 96 pages (15 x 21) R\u00e9\u00e9dition augment\u00e9e de notre \u00ab best-seller \u00bb, r\u00e9v\u00e9lant la vie et l&#8217;\u0153uvre du mythique Monsieur X, bien connu des amateurs de photographies licencieuses anciennes. Les travaux pr\u00e9sent\u00e9s dans cet ouvrage sont aussi os\u00e9s que modernes. Certaines images tr\u00e8s crues, r\u00e9alis\u00e9es dans l\u2019intimit\u00e9 [&#8230;]\n","protected":false},"featured_media":23,"template":"","meta":[],"product_brand":[],"product_cat":[18],"product_tag":[],"class_list":{"0":"post-24","1":"product","2":"type-product","3":"status-publish","4":"has-post-thumbnail","6":"product_cat-les-archives-de-la-photographie-erotique","8":"first","9":"instock","10":"shipping-taxable","11":"purchasable","12":"product-type-simple"},"_links":{"self":[{"href":"https:\/\/www.editionsastarte.com\/en\/wp-json\/wp\/v2\/product\/24","targetHints":{"allow":["GET"]}}],"collection":[{"href":"https:\/\/www.editionsastarte.com\/en\/wp-json\/wp\/v2\/product"}],"about":[{"href":"https:\/\/www.editionsastarte.com\/en\/wp-json\/wp\/v2\/types\/product"}],"wp:featuredmedia":[{"embeddable":true,"href":"https:\/\/www.editionsastarte.com\/en\/wp-json\/wp\/v2\/media\/23"}],"wp:attachment":[{"href":"https:\/\/www.editionsastarte.com\/en\/wp-json\/wp\/v2\/media?parent=24"}],"wp:term":[{"taxonomy":"product_brand","embeddable":true,"href":"https:\/\/www.editionsastarte.com\/en\/wp-json\/wp\/v2\/product_brand?post=24"},{"taxonomy":"product_cat","embeddable":true,"href":"https:\/\/www.editionsastarte.com\/en\/wp-json\/wp\/v2\/product_cat?post=24"},{"taxonomy":"product_tag","embeddable":true,"href":"https:\/\/www.editionsastarte.com\/en\/wp-json\/wp\/v2\/product_tag?post=24"}],"curies":[{"name":"wp","href":"https:\/\/api.w.org\/{rel}","templated":true}]}}