{"id":246,"date":"2023-01-31T13:35:17","date_gmt":"2023-01-31T12:35:17","guid":{"rendered":"http:\/\/bbbweco.cluster031.hosting.ovh.net\/editionsastarte\/produit\/le-cul-de-la-femme\/"},"modified":"2026-01-05T21:03:21","modified_gmt":"2026-01-05T20:03:21","slug":"le-cul-de-la-femme","status":"publish","type":"product","link":"https:\/\/www.editionsastarte.com\/en\/produit\/le-cul-de-la-femme\/","title":{"rendered":"LE CUL DE LA FEMME"},"content":{"rendered":"<p>Pierre LOU\u0178S<br \/>\nUn des 2000 ex. broch\u00e9s de 96 pages (15 x 21)<br \/>\nDans le silence protecteur d\u2019une nuit de l\u2019\u00e9t\u00e9 1892, Pierre Lou\u00ffs se plonge dans les limbes des seules divinit\u00e9s qui puissent monopoliser sa foi : \u00c9ros et Aphrodite. Depuis plusieurs ann\u00e9es d\u00e9j\u00e0, il accumule, quand il ne les r\u00e9alise pas lui-m\u00eame, des documents licencieux voire franchement pornographiques. Cette volont\u00e9 de tout classer, de d\u00e9crire m\u00e9thodiquement sa sexualit\u00e9, est remarquable. L\u2019auteur de La Femme et le Pantin demeure l\u2019un des rares \u00eatres humains \u00e0 mettre en sc\u00e8ne ses go\u00fbts, \u00e0 les commenter sans pudeur, sans honte ni d\u00e9tours. Peu concern\u00e9 par l\u2019obscurantisme \u00ad\u2013 \u00ab catholique de naissance, tr\u00e8s sinc\u00e8rement pa\u00efen de foi \u00bb comme il aimait se pr\u00e9senter \u2013, Lou\u00ffs se r\u00e9fugiait dans ses recherches tr\u00e8s particuli\u00e8res, son \u00e9rudition d\u2019une main et son \u00e9picurisme de l\u2019autre. Il voyageait alors dans un monde antique jailli de sa fertile imagination \u00e0 la rencontre de Bilitis, Chrysis et leurs amies, joyeuses nymphes exhibitionnistes et peu farouches \u00e0 l\u2019\u00e9coute des charmes et fantaisies de ce ma\u00eetre du plaisir sexuel.<br \/>\nCet ouvrage pr\u00e9sente, dans leur classement originel,  les images que Lou\u00ffs a m\u00e9thodiquement ordonn\u00e9es, r\u00e9pertoriant les diff\u00e9rentes positions possibles pour mettre en valeur l\u2019organe f\u00e9minin au centre de ses obsessions \u00e9rotiques.<\/p>\n<p> &#8212; <\/p>\n<p>LE CUL DE LA FEMME<br \/>\nPierre LOU\u0178S<\/p>\n<p>One of the 2,000 paper-bound copies, 15 by 21 cm, 96 pages<br \/>\nDans le silence protecteur d\u2019une nuit de l\u2019\u00e9t\u00e9 1892, Pierre Lou\u00ffs se plonge dans les limbes des seules divinit\u00e9s qui puissent monopoliser sa foi : \u00c9ros et Aphrodite. Depuis plusieurs ann\u00e9es d\u00e9j\u00e0, il accumule, quand il ne les r\u00e9alise pas lui-m\u00eame, des documents licencieux voire franchement pornographiques. Cette volont\u00e9 de tout classer, de d\u00e9crire m\u00e9thodiquement sa sexualit\u00e9, est remarquable. L\u2019auteur de La Femme et le Pantin demeure l\u2019un des rares \u00eatres humains \u00e0 mettre en sc\u00e8ne ses go\u00fbts, \u00e0 les commenter sans pudeur, sans honte ni d\u00e9tours. Peu concern\u00e9 par l\u2019obscurantisme \u00ad\u2013 \u00ab catholique de naissance, tr\u00e8s sinc\u00e8rement pa\u00efen de foi \u00bb comme il aimait se pr\u00e9senter \u2013, Lou\u00ffs se r\u00e9fugiait dans ses recherches tr\u00e8s particuli\u00e8res, son \u00e9rudition d\u2019une main et son \u00e9picurisme de l\u2019autre. Il voyageait alors dans un monde antique jailli de sa fertile imagination \u00e0 la rencontre de Bilitis, Chrysis et leurs amies, joyeuses nymphes exhibitionnistes et peu farouches \u00e0 l\u2019\u00e9coute des charmes et fantaisies de ce ma\u00eetre du plaisir sexuel.<br \/>\nCet ouvrage pr\u00e9sente, dans leur classement originel,  les images que Lou\u00ffs a m\u00e9thodiquement ordonn\u00e9es, r\u00e9pertoriant les diff\u00e9rentes positions possibles pour mettre en valeur l\u2019organe f\u00e9minin au centre de ses obsessions \u00e9rotiques.<\/p>\n","protected":false},"excerpt":{"rendered":"<p>Pierre LOU\u0178S Un des 2000 ex. broch\u00e9s de 96 pages (15 x 21) Dans le silence protecteur d\u2019une nuit de l\u2019\u00e9t\u00e9 1892, Pierre Lou\u00ffs se plonge dans les limbes des seules divinit\u00e9s qui puissent monopoliser sa foi : \u00c9ros et Aphrodite. Depuis plusieurs ann\u00e9es d\u00e9j\u00e0, il accumule, quand il ne les r\u00e9alise pas lui-m\u00eame, des [&#8230;]\n","protected":false},"featured_media":240,"template":"","meta":[],"product_brand":[],"product_cat":[18],"product_tag":[],"class_list":{"0":"post-246","1":"product","2":"type-product","3":"status-publish","4":"has-post-thumbnail","6":"product_cat-les-archives-de-la-photographie-erotique","8":"first","9":"instock","10":"shipping-taxable","11":"purchasable","12":"product-type-simple"},"_links":{"self":[{"href":"https:\/\/www.editionsastarte.com\/en\/wp-json\/wp\/v2\/product\/246","targetHints":{"allow":["GET"]}}],"collection":[{"href":"https:\/\/www.editionsastarte.com\/en\/wp-json\/wp\/v2\/product"}],"about":[{"href":"https:\/\/www.editionsastarte.com\/en\/wp-json\/wp\/v2\/types\/product"}],"wp:featuredmedia":[{"embeddable":true,"href":"https:\/\/www.editionsastarte.com\/en\/wp-json\/wp\/v2\/media\/240"}],"wp:attachment":[{"href":"https:\/\/www.editionsastarte.com\/en\/wp-json\/wp\/v2\/media?parent=246"}],"wp:term":[{"taxonomy":"product_brand","embeddable":true,"href":"https:\/\/www.editionsastarte.com\/en\/wp-json\/wp\/v2\/product_brand?post=246"},{"taxonomy":"product_cat","embeddable":true,"href":"https:\/\/www.editionsastarte.com\/en\/wp-json\/wp\/v2\/product_cat?post=246"},{"taxonomy":"product_tag","embeddable":true,"href":"https:\/\/www.editionsastarte.com\/en\/wp-json\/wp\/v2\/product_tag?post=246"}],"curies":[{"name":"wp","href":"https:\/\/api.w.org\/{rel}","templated":true}]}}