{"id":252,"date":"2023-01-31T13:35:18","date_gmt":"2023-01-31T12:35:18","guid":{"rendered":"http:\/\/bbbweco.cluster031.hosting.ovh.net\/editionsastarte\/produit\/les-grisettes-en-enfer\/"},"modified":"2025-05-30T08:41:03","modified_gmt":"2025-05-30T06:41:03","slug":"les-grisettes-en-enfer","status":"publish","type":"product","link":"https:\/\/www.editionsastarte.com\/en\/produit\/les-grisettes-en-enfer\/","title":{"rendered":"LES GRISETTES EN ENFER"},"content":{"rendered":"<p>Henry MONNIER<br \/>\nUn des 1000 exemplaires broch\u00e9s, une centaine d\u2019illustrations reproduites en couleur, 80 pages (15 x 21)<br \/>\nCet ouvrage pr\u00e9sente une s\u00e9lection unique de lithographies \u00ab libres \u00bb r\u00e9alis\u00e9es avant 1830 par Henry Monnier, p\u00e8re de la grisette. \u00c9ph\u00e9m\u00e8re amante aux tendresses \u00e9quivoques, aux molles r\u00e9sistances et aux larmes vite s\u00e9ch\u00e9es, on ne doit pas la confondre avec sa cadette, la lorette. Monnier est surtout c\u00e9l\u00e8bre pour sa conception et ses interpr\u00e9tations de Joseph Prudhomme, sorte de \u00ab fran\u00e7ais moyen \u00bb, incarnation humoristique et caricaturale de la bourgeoisie du XIXe si\u00e8cle, mais son Enfer restait \u00e0 d\u00e9couvrir. Parmi la multitude d\u2019\u0153uvres licencieuses de tous les temps, la lithographie romantique pornographique, telle que l\u2019ont imagin\u00e9e Henry Monnier et ses amis, demeure l\u2019image obsc\u00e8ne la plus raffin\u00e9e et \u2013 fait unique dans toute l\u2019histoire de l\u2019Art \u00c9rotique \u2013 elle n\u2019est pas la conception d\u2019un artiste isol\u00e9 aux fantasmes inspir\u00e9s, mais d\u2019un v\u00e9ritable mouvement uni et concert\u00e9. Les a priori sur cette \u00e9poque, qui nous font souvent appr\u00e9hender les Romantiques comme de jeunes gens vaporeux, d\u00e9suets aux m\u0153urs obsol\u00e8tes, sont mis \u00e0 mal lorsque nous les d\u00e9couvrons provocateurs, ardents et lubriques, vigoureux h\u00e9ritiers des valeurs \u00e9mancipatrices du si\u00e8cle des Lumi\u00e8res.<\/p>\n<p> &#8212; <\/p>\n<p>LES GRISETTES EN ENFER<br \/>\nHenry MONNIER<\/p>\n<p>One of the 1,000 paper-bound copies, 80 pages, 15 by 21 cm. About a hundred color-printed pictures<br \/>\nCet ouvrage pr\u00e9sente une s\u00e9lection unique de lithographies \u00ab libres \u00bb r\u00e9alis\u00e9es avant 1830 par Henry Monnier, p\u00e8re de la grisette. \u00c9ph\u00e9m\u00e8re amante aux tendresses \u00e9quivoques, aux molles r\u00e9sistances et aux larmes vite s\u00e9ch\u00e9es, on ne doit pas la confondre avec sa cadette, la lorette. Monnier est surtout c\u00e9l\u00e8bre pour sa conception et ses interpr\u00e9tations de Joseph Prudhomme, sorte de \u00ab fran\u00e7ais moyen \u00bb, incarnation humoristique et caricaturale de la bourgeoisie du XIXe si\u00e8cle, mais son Enfer restait \u00e0 d\u00e9couvrir. Parmi la multitude d\u2019\u0153uvres licencieuses de tous les temps, la lithographie romantique pornographique, telle que l\u2019ont imagin\u00e9e Henry Monnier et ses amis, demeure l\u2019image obsc\u00e8ne la plus raffin\u00e9e et \u2013 fait unique dans toute l\u2019histoire de l\u2019Art \u00c9rotique \u2013 elle n\u2019est pas la conception d\u2019un artiste isol\u00e9 aux fantasmes inspir\u00e9s, mais d\u2019un v\u00e9ritable mouvement uni et concert\u00e9. Les a priori sur cette \u00e9poque, qui nous font souvent appr\u00e9hender les Romantiques comme de jeunes gens vaporeux, d\u00e9suets aux m\u0153urs obsol\u00e8tes, sont mis \u00e0 mal lorsque nous les d\u00e9couvrons provocateurs, ardents et lubriques, vigoureux h\u00e9ritiers des valeurs \u00e9mancipatrices du si\u00e8cle des Lumi\u00e8res.<\/p>\n","protected":false},"excerpt":{"rendered":"<p>Henry MONNIER Un des 1000 exemplaires broch\u00e9s, une centaine d\u2019illustrations reproduites en couleur, 80 pages (15 x 21) Cet ouvrage pr\u00e9sente une s\u00e9lection unique de lithographies \u00ab libres \u00bb r\u00e9alis\u00e9es avant 1830 par Henry Monnier, p\u00e8re de la grisette. \u00c9ph\u00e9m\u00e8re amante aux tendresses \u00e9quivoques, aux molles r\u00e9sistances et aux larmes vite s\u00e9ch\u00e9es, on ne doit [&#8230;]\n","protected":false},"featured_media":247,"template":"","meta":[],"product_brand":[],"product_cat":[20],"product_tag":[],"class_list":{"0":"post-252","1":"product","2":"type-product","3":"status-publish","4":"has-post-thumbnail","6":"product_cat-lart-dans-lerotisme","8":"first","9":"instock","10":"shipping-taxable","11":"purchasable","12":"product-type-simple"},"_links":{"self":[{"href":"https:\/\/www.editionsastarte.com\/en\/wp-json\/wp\/v2\/product\/252","targetHints":{"allow":["GET"]}}],"collection":[{"href":"https:\/\/www.editionsastarte.com\/en\/wp-json\/wp\/v2\/product"}],"about":[{"href":"https:\/\/www.editionsastarte.com\/en\/wp-json\/wp\/v2\/types\/product"}],"wp:featuredmedia":[{"embeddable":true,"href":"https:\/\/www.editionsastarte.com\/en\/wp-json\/wp\/v2\/media\/247"}],"wp:attachment":[{"href":"https:\/\/www.editionsastarte.com\/en\/wp-json\/wp\/v2\/media?parent=252"}],"wp:term":[{"taxonomy":"product_brand","embeddable":true,"href":"https:\/\/www.editionsastarte.com\/en\/wp-json\/wp\/v2\/product_brand?post=252"},{"taxonomy":"product_cat","embeddable":true,"href":"https:\/\/www.editionsastarte.com\/en\/wp-json\/wp\/v2\/product_cat?post=252"},{"taxonomy":"product_tag","embeddable":true,"href":"https:\/\/www.editionsastarte.com\/en\/wp-json\/wp\/v2\/product_tag?post=252"}],"curies":[{"name":"wp","href":"https:\/\/api.w.org\/{rel}","templated":true}]}}