{"id":259,"date":"2023-01-31T13:35:20","date_gmt":"2023-01-31T12:35:20","guid":{"rendered":"http:\/\/bbbweco.cluster031.hosting.ovh.net\/editionsastarte\/produit\/latrium-de-jules-richard-ses-amis\/"},"modified":"2026-03-15T19:08:01","modified_gmt":"2026-03-15T18:08:01","slug":"latrium-de-jules-richard-ses-amis","status":"publish","type":"product","link":"https:\/\/www.editionsastarte.com\/en\/produit\/latrium-de-jules-richard-ses-amis\/","title":{"rendered":"L&#8217;ATRIUM DE JULES RICHARD &#038; SES AMIS"},"content":{"rendered":"<p>Alexandre DUPOUY<br \/>\nUn des 1000 ex. broch\u00e9s de 128 pages (15 x 21)<br \/>\nD\u00e9but du XXe si\u00e8cle, Jules Richard, l\u2019un des plus importants industriels parisiens, construit au c\u0153ur du XIXe arrondissement, dans un pavillon attenant \u00e0 son usine, un atrium antique. Il destine cette insolite b\u00e2tisse \u00e0 la r\u00e9alisation de photographies inspir\u00e9es des Chansons de Bilitis de Pierre Lou\u00ffs et des musiques de ses contemporains Claude Debussy ou Erik Satie. Des superbes cr\u00e9atures recrut\u00e9es au Tabarin ou dans d\u2019autres cabarets parisiens sont convi\u00e9es \u00e0 se d\u00e9nuder afin d\u2019interpr\u00e9ter d\u2019innocentes na\u00efades jouant autour de la piscine ou couch\u00e9es sur des mosa\u00efques et diverses peaux de b\u00eates. Les photographies sont destin\u00e9es \u00e0 \u00eatre visionn\u00e9es discr\u00e8tement \u00e0 l\u2019aide des appareils fabriqu\u00e9s par la Maison Richard. Cet ouvrage contient environ deux cents de ces images s\u00e9lectionn\u00e9es parmi le millier auquel nous avons eu acc\u00e8s. Toutes r\u00e9alis\u00e9es \u00e0 quelques exemplaires sur plaques de verre singuli\u00e8rement fragiles, elles sont devenues aujourd\u2019hui particuli\u00e8rement rares.<\/p>\n<p> &#8212; <\/p>\n<p>L&#8217;ATRIUM OF JULES RICHARD &#038; HIS FRIENDS<br \/>\nAlexandre DUPOUY<\/p>\n<p>One of the 1,000 paper-bound copies, 15 by 21 cm, 128 pages<br \/>\nD\u00e9but du XXe si\u00e8cle, Jules Richard, l\u2019un des plus importants industriels parisiens, construit au c\u0153ur du XIXe arrondissement, dans un pavillon attenant \u00e0 son usine, un atrium antique. Il destine cette insolite b\u00e2tisse \u00e0 la r\u00e9alisation de photographies inspir\u00e9es des Chansons de Bilitis de Pierre Lou\u00ffs et des musiques de ses contemporains Claude Debussy ou Erik Satie. Des superbes cr\u00e9atures recrut\u00e9es au Tabarin ou dans d\u2019autres cabarets parisiens sont convi\u00e9es \u00e0 se d\u00e9nuder afin d\u2019interpr\u00e9ter d\u2019innocentes na\u00efades jouant autour de la piscine ou couch\u00e9es sur des mosa\u00efques et diverses peaux de b\u00eates. Les photographies sont destin\u00e9es \u00e0 \u00eatre visionn\u00e9es discr\u00e8tement \u00e0 l\u2019aide des appareils fabriqu\u00e9s par la Maison Richard. Cet ouvrage contient environ deux cents de ces images s\u00e9lectionn\u00e9es parmi le millier auquel nous avons eu acc\u00e8s. Toutes r\u00e9alis\u00e9es \u00e0 quelques exemplaires sur plaques de verre singuli\u00e8rement fragiles, elles sont devenues aujourd\u2019hui particuli\u00e8rement rares.<\/p>\n","protected":false},"excerpt":{"rendered":"<p>Alexandre DUPOUY Un des 1000 ex. broch\u00e9s de 128 pages (15 x 21) D\u00e9but du XXe si\u00e8cle, Jules Richard, l\u2019un des plus importants industriels parisiens, construit au c\u0153ur du XIXe arrondissement, dans un pavillon attenant \u00e0 son usine, un atrium antique. Il destine cette insolite b\u00e2tisse \u00e0 la r\u00e9alisation de photographies inspir\u00e9es des Chansons de [&#8230;]\n","protected":false},"featured_media":253,"template":"","meta":[],"product_brand":[],"product_cat":[18],"product_tag":[],"class_list":{"0":"post-259","1":"product","2":"type-product","3":"status-publish","4":"has-post-thumbnail","6":"product_cat-les-archives-de-la-photographie-erotique","8":"first","9":"instock","10":"shipping-taxable","11":"purchasable","12":"product-type-simple"},"_links":{"self":[{"href":"https:\/\/www.editionsastarte.com\/en\/wp-json\/wp\/v2\/product\/259","targetHints":{"allow":["GET"]}}],"collection":[{"href":"https:\/\/www.editionsastarte.com\/en\/wp-json\/wp\/v2\/product"}],"about":[{"href":"https:\/\/www.editionsastarte.com\/en\/wp-json\/wp\/v2\/types\/product"}],"wp:featuredmedia":[{"embeddable":true,"href":"https:\/\/www.editionsastarte.com\/en\/wp-json\/wp\/v2\/media\/253"}],"wp:attachment":[{"href":"https:\/\/www.editionsastarte.com\/en\/wp-json\/wp\/v2\/media?parent=259"}],"wp:term":[{"taxonomy":"product_brand","embeddable":true,"href":"https:\/\/www.editionsastarte.com\/en\/wp-json\/wp\/v2\/product_brand?post=259"},{"taxonomy":"product_cat","embeddable":true,"href":"https:\/\/www.editionsastarte.com\/en\/wp-json\/wp\/v2\/product_cat?post=259"},{"taxonomy":"product_tag","embeddable":true,"href":"https:\/\/www.editionsastarte.com\/en\/wp-json\/wp\/v2\/product_tag?post=259"}],"curies":[{"name":"wp","href":"https:\/\/api.w.org\/{rel}","templated":true}]}}