{"id":265,"date":"2023-01-31T13:35:21","date_gmt":"2023-01-31T12:35:21","guid":{"rendered":"http:\/\/bbbweco.cluster031.hosting.ovh.net\/editionsastarte\/produit\/amateurs-50\/"},"modified":"2025-12-08T17:03:28","modified_gmt":"2025-12-08T16:03:28","slug":"amateurs-50","status":"publish","type":"product","link":"https:\/\/www.editionsastarte.com\/en\/produit\/amateurs-50\/","title":{"rendered":"AMATEURS 50"},"content":{"rendered":"<p>Alexandre DUPOUY<br \/>\nUn des 1000 ex. broch\u00e9s de 96 pages (15 x 21)<br \/>\nCet ouvrage cl\u00f4t la quadrilogie des recueils de photographies d\u2019amateurs que nous publions \u00e0 partir de nos collections. Malgr\u00e9 la pauvret\u00e9 de l\u2019\u00e9rotisme des ann\u00e9es cinquante, nombreux sont les libertins organisant clandestinement une r\u00e9sistance souterraine qui aboutira \u00e0 la r\u00e9volution sexuelle. Avec conviction et panache, les amateurs photographes r\u00e9alisent \u00e0 l\u2019aide d\u2019appareils de plus en plus faciles \u00e0 manipuler, leurs \u0153uvres sulfureuses, dans la chambre, \u00e0 la maison, \u00e0 la campagne et, soci\u00e9t\u00e9 de consommation oblige, dans leur automobile. On retrouvera ici environ deux cents images s\u00e9lectionn\u00e9es, petits \u00ab snapshots \u00bb effront\u00e9s, p\u00e9tillants d\u2019humour et de tendresse. La d\u00e9couverte de clich\u00e9s des chers disparus dans des situations inavouables a souvent entra\u00een\u00e9 des autodaf\u00e9s familiaux au nom du respect, de la pudeur et du souvenir. Victimes de l\u2019obscurantisme des g\u00e9n\u00e9rations suivantes, toutes ces images au charme nostalgique et d\u00e9suet sont donc devenues particuli\u00e8rement rares et pr\u00e9cieuses.<\/p>\n<p> &#8212; <\/p>\n<p>AMATEURS 50<br \/>\nAlexandre DUPOUY<\/p>\n<p>One of the 1,000 paper-bound copies, 15 by 21 cm, 96 pages<br \/>\nCet ouvrage cl\u00f4t la quadrilogie des recueils de photographies d\u2019amateurs que nous publions \u00e0 partir de nos collections. Malgr\u00e9 la pauvret\u00e9 de l\u2019\u00e9rotisme des ann\u00e9es cinquante, nombreux sont les libertins organisant clandestinement une r\u00e9sistance souterraine qui aboutira \u00e0 la r\u00e9volution sexuelle. Avec conviction et panache, les amateurs photographes r\u00e9alisent \u00e0 l\u2019aide d\u2019appareils de plus en plus faciles \u00e0 manipuler, leurs \u0153uvres sulfureuses, dans la chambre, \u00e0 la maison, \u00e0 la campagne et, soci\u00e9t\u00e9 de consommation oblige, dans leur automobile. On retrouvera ici environ deux cents images s\u00e9lectionn\u00e9es, petits \u00ab snapshots \u00bb effront\u00e9s, p\u00e9tillants d\u2019humour et de tendresse. La d\u00e9couverte de clich\u00e9s des chers disparus dans des situations inavouables a souvent entra\u00een\u00e9 des autodaf\u00e9s familiaux au nom du respect, de la pudeur et du souvenir. Victimes de l\u2019obscurantisme des g\u00e9n\u00e9rations suivantes, toutes ces images au charme nostalgique et d\u00e9suet sont donc devenues particuli\u00e8rement rares et pr\u00e9cieuses.<\/p>\n","protected":false},"excerpt":{"rendered":"<p>Alexandre DUPOUY Un des 1000 ex. broch\u00e9s de 96 pages (15 x 21) Cet ouvrage cl\u00f4t la quadrilogie des recueils de photographies d\u2019amateurs que nous publions \u00e0 partir de nos collections. Malgr\u00e9 la pauvret\u00e9 de l\u2019\u00e9rotisme des ann\u00e9es cinquante, nombreux sont les libertins organisant clandestinement une r\u00e9sistance souterraine qui aboutira \u00e0 la r\u00e9volution sexuelle. Avec [&#8230;]\n","protected":false},"featured_media":260,"template":"","meta":[],"product_brand":[],"product_cat":[17],"product_tag":[],"class_list":{"0":"post-265","1":"product","2":"type-product","3":"status-publish","4":"has-post-thumbnail","6":"product_cat-photographies-damateurs","8":"first","9":"instock","10":"shipping-taxable","11":"purchasable","12":"product-type-simple"},"_links":{"self":[{"href":"https:\/\/www.editionsastarte.com\/en\/wp-json\/wp\/v2\/product\/265","targetHints":{"allow":["GET"]}}],"collection":[{"href":"https:\/\/www.editionsastarte.com\/en\/wp-json\/wp\/v2\/product"}],"about":[{"href":"https:\/\/www.editionsastarte.com\/en\/wp-json\/wp\/v2\/types\/product"}],"wp:featuredmedia":[{"embeddable":true,"href":"https:\/\/www.editionsastarte.com\/en\/wp-json\/wp\/v2\/media\/260"}],"wp:attachment":[{"href":"https:\/\/www.editionsastarte.com\/en\/wp-json\/wp\/v2\/media?parent=265"}],"wp:term":[{"taxonomy":"product_brand","embeddable":true,"href":"https:\/\/www.editionsastarte.com\/en\/wp-json\/wp\/v2\/product_brand?post=265"},{"taxonomy":"product_cat","embeddable":true,"href":"https:\/\/www.editionsastarte.com\/en\/wp-json\/wp\/v2\/product_cat?post=265"},{"taxonomy":"product_tag","embeddable":true,"href":"https:\/\/www.editionsastarte.com\/en\/wp-json\/wp\/v2\/product_tag?post=265"}],"curies":[{"name":"wp","href":"https:\/\/api.w.org\/{rel}","templated":true}]}}