{"id":271,"date":"2023-01-31T13:35:22","date_gmt":"2023-01-31T12:35:22","guid":{"rendered":"http:\/\/bbbweco.cluster031.hosting.ovh.net\/editionsastarte\/produit\/amateurs-20\/"},"modified":"2025-11-08T22:25:35","modified_gmt":"2025-11-08T21:25:35","slug":"amateurs-20","status":"publish","type":"product","link":"https:\/\/www.editionsastarte.com\/en\/produit\/amateurs-20\/","title":{"rendered":"AMATEURS 20"},"content":{"rendered":"<p>Alexandre DUPOUY<br \/>\nUn des 1000 ex. broch\u00e9s de 96 pages (15 x 21)<br \/>\nLa \u00ab d\u00e9cade de l\u2019illusion \u00bb commence le 14 juillet 1919, jour des f\u00eates de la Victoire, pour s\u2019achever le 24 octobre 1929, jour du krach boursier de Wall Street. Dix ans de f\u00eates, d\u2019orgies, de cr\u00e9ations et de progr\u00e8s techniques qui permettent \u00e0 une frange ouverte au libertinage l\u2019acquisition d\u2019appareils photographiques. Au hasard de certains albums de famille ou dissimul\u00e9s au fond de pochettes anodines, nous d\u00e9couvrons parfois des images licencieuses, r\u00e9sultat des turpitudes de couples \u00e9mancip\u00e9s. Malgr\u00e9 certaines difficult\u00e9s techniques qui subsistent, les libertins d\u00e9cident de pimenter leur sexualit\u00e9 en s\u2019exhibant. Et ce d\u00e9vergondage photographique n\u2019\u00e9pargne aucune cat\u00e9gorie sociale. L\u2019anciennet\u00e9 et la raret\u00e9 de ces clich\u00e9s, la nostalgie de cette \u00e9poque \u00e0 l\u2019aube de notre univers contemporain, rendent \u00e9minemment sympathiques ces pr\u00e9curseurs d\u00e9fiant le puritanisme qui tente une derni\u00e8re fois d\u2019imposer un ordre moral tomb\u00e9 de plus en plus en d\u00e9su\u00e9tude. Les d\u00e9bauch\u00e9s des Ann\u00e9es Folles qui nous scandent \u00ab Faites l\u2019amour, pas la guerre \u00bb sont les v\u00e9ritables a\u00efeux de la r\u00e9volution sexuelle des ann\u00e9es 70. Et ces rares images parvenues jusqu\u2019\u00e0 nous demeurent les t\u00e9moignages uniques de leur existence, occult\u00e9e par nos livres d\u2019Histoire relatant plus commun\u00e9ment la guerre que l\u2019amour et ses pratiques intimes.<\/p>\n<p> &#8212; <\/p>\n<p>AMATEURS 20<br \/>\nAlexandre DUPOUY<\/p>\n<p>One of the 1,000 paper-bound copies, 15 by 21 cm, 96 pages<br \/>\nLa \u00ab d\u00e9cade de l\u2019illusion \u00bb commence le 14 juillet 1919, jour des f\u00eates de la Victoire, pour s\u2019achever le 24 octobre 1929, jour du krach boursier de Wall Street. Dix ans de f\u00eates, d\u2019orgies, de cr\u00e9ations et de progr\u00e8s techniques qui permettent \u00e0 une frange ouverte au libertinage l\u2019acquisition d\u2019appareils photographiques. Au hasard de certains albums de famille ou dissimul\u00e9s au fond de pochettes anodines, nous d\u00e9couvrons parfois des images licencieuses, r\u00e9sultat des turpitudes de couples \u00e9mancip\u00e9s. Malgr\u00e9 certaines difficult\u00e9s techniques qui subsistent, les libertins d\u00e9cident de pimenter leur sexualit\u00e9 en s\u2019exhibant. Et ce d\u00e9vergondage photographique n\u2019\u00e9pargne aucune cat\u00e9gorie sociale. L\u2019anciennet\u00e9 et la raret\u00e9 de ces clich\u00e9s, la nostalgie de cette \u00e9poque \u00e0 l\u2019aube de notre univers contemporain, rendent \u00e9minemment sympathiques ces pr\u00e9curseurs d\u00e9fiant le puritanisme qui tente une derni\u00e8re fois d\u2019imposer un ordre moral tomb\u00e9 de plus en plus en d\u00e9su\u00e9tude. Les d\u00e9bauch\u00e9s des Ann\u00e9es Folles qui nous scandent \u00ab Faites l\u2019amour, pas la guerre \u00bb sont les v\u00e9ritables a\u00efeux de la r\u00e9volution sexuelle des ann\u00e9es 70. Et ces rares images parvenues jusqu\u2019\u00e0 nous demeurent les t\u00e9moignages uniques de leur existence, occult\u00e9e par nos livres d\u2019Histoire relatant plus commun\u00e9ment la guerre que l\u2019amour et ses pratiques intimes.<\/p>\n","protected":false},"excerpt":{"rendered":"<p>Alexandre DUPOUY Un des 1000 ex. broch\u00e9s de 96 pages (15 x 21) La \u00ab d\u00e9cade de l\u2019illusion \u00bb commence le 14 juillet 1919, jour des f\u00eates de la Victoire, pour s\u2019achever le 24 octobre 1929, jour du krach boursier de Wall Street. Dix ans de f\u00eates, d\u2019orgies, de cr\u00e9ations et de progr\u00e8s techniques qui [&#8230;]\n","protected":false},"featured_media":266,"template":"","meta":[],"product_brand":[],"product_cat":[17],"product_tag":[],"class_list":{"0":"post-271","1":"product","2":"type-product","3":"status-publish","4":"has-post-thumbnail","6":"product_cat-photographies-damateurs","8":"first","9":"instock","10":"shipping-taxable","11":"purchasable","12":"product-type-simple"},"_links":{"self":[{"href":"https:\/\/www.editionsastarte.com\/en\/wp-json\/wp\/v2\/product\/271","targetHints":{"allow":["GET"]}}],"collection":[{"href":"https:\/\/www.editionsastarte.com\/en\/wp-json\/wp\/v2\/product"}],"about":[{"href":"https:\/\/www.editionsastarte.com\/en\/wp-json\/wp\/v2\/types\/product"}],"wp:featuredmedia":[{"embeddable":true,"href":"https:\/\/www.editionsastarte.com\/en\/wp-json\/wp\/v2\/media\/266"}],"wp:attachment":[{"href":"https:\/\/www.editionsastarte.com\/en\/wp-json\/wp\/v2\/media?parent=271"}],"wp:term":[{"taxonomy":"product_brand","embeddable":true,"href":"https:\/\/www.editionsastarte.com\/en\/wp-json\/wp\/v2\/product_brand?post=271"},{"taxonomy":"product_cat","embeddable":true,"href":"https:\/\/www.editionsastarte.com\/en\/wp-json\/wp\/v2\/product_cat?post=271"},{"taxonomy":"product_tag","embeddable":true,"href":"https:\/\/www.editionsastarte.com\/en\/wp-json\/wp\/v2\/product_tag?post=271"}],"curies":[{"name":"wp","href":"https:\/\/api.w.org\/{rel}","templated":true}]}}