{"id":277,"date":"2023-01-31T13:35:24","date_gmt":"2023-01-31T12:35:24","guid":{"rendered":"http:\/\/bbbweco.cluster031.hosting.ovh.net\/editionsastarte\/produit\/cahiers-debauches\/"},"modified":"2026-04-07T19:40:38","modified_gmt":"2026-04-07T17:40:38","slug":"cahiers-debauches","status":"publish","type":"product","link":"https:\/\/www.editionsastarte.com\/en\/produit\/cahiers-debauches\/","title":{"rendered":"CAHIERS D&#8217;\u00c9BAUCHES"},"content":{"rendered":"<p>Bernard MONTORGUEIL<br \/>\nUn des 1000 ex. broch\u00e9s de 96 pages (15 x 21)<br \/>\nMontorgueil ! Trois syllabes affolantes, vou\u00e9es aux raffinements de la domination f\u00e9minine et des hommes soumis. Un pseudonyme myst\u00e9rieux, surgi au d\u00e9tour d\u2019une premi\u00e8re \u00e9dition en 1970 pour estampiller une \u0153uvre, autant (calli)graphique que litt\u00e9raire, d\u2019une remarquable finesse, d\u2019une ironie mordante, rigoureusement fid\u00e8le \u00e0 sa th\u00e9matique h\u00e9rit\u00e9e de Sacher-Masoch. [\u2026] Nous sommes gr\u00e9 \u00e0 ce cher Montorgueil de ne s\u2019\u00eatre jamais \u00e9gar\u00e9, obs\u00e9d\u00e9 par cet univers de supr\u00e9matie f\u00e9minine. Il dessine ainsi les contours d\u2019un monde clos, dont les fantasmes s\u2019imposent avec \u00e9vidence, car rien ne vient en troubler la logique. Un monde furieusement f\u00e9tichiste : sous-v\u00eatements, corsets de satin, bas de soie, gants de chevreau, bottines de cuir, chaussures \u00e0 talons et cuissardes, toute cette panoplie sort des catalogues Yva Richard ou Diana Slip, les deux enseignes fameuses qui proposaient des \u00ab lingeries libertines \u00bb, des \u00ab articles en cuir et peau \u00bb et des ustensiles de dressage au cours des ann\u00e9es trente. Cagoules en cuir, brides, \u00e9triers et selles \u00e0 conformation humaine, les amateurs s\u2019amusaient autant que dans les dessins de Montorgueil, impr\u00e9gn\u00e9 de cette fantasmagorie.<br \/>\nExtrait de la pr\u00e9face de Christophe BIER<\/p>\n<p> &#8212; <\/p>\n<p>CAHIERS D&#8217;\u00c9BAUCHES<br \/>\nBernard MONTORGUEIL<\/p>\n<p>One of the 1,000 paper-bound copies, 15 by 21 cm, 96 pages<br \/>\nMontorgueil ! Trois syllabes affolantes, vou\u00e9es aux raffinements de la domination f\u00e9minine et des hommes soumis. Un pseudonyme myst\u00e9rieux, surgi au d\u00e9tour d\u2019une premi\u00e8re \u00e9dition en 1970 pour estampiller une \u0153uvre, autant (calli)graphique que litt\u00e9raire, d\u2019une remarquable finesse, d\u2019une ironie mordante, rigoureusement fid\u00e8le \u00e0 sa th\u00e9matique h\u00e9rit\u00e9e de Sacher-Masoch. [\u2026] Nous sommes gr\u00e9 \u00e0 ce cher Montorgueil de ne s\u2019\u00eatre jamais \u00e9gar\u00e9, obs\u00e9d\u00e9 par cet univers de supr\u00e9matie f\u00e9minine. Il dessine ainsi les contours d\u2019un monde clos, dont les fantasmes s\u2019imposent avec \u00e9vidence, car rien ne vient en troubler la logique. Un monde furieusement f\u00e9tichiste : sous-v\u00eatements, corsets de satin, bas de soie, gants de chevreau, bottines de cuir, chaussures \u00e0 talons et cuissardes, toute cette panoplie sort des catalogues Yva Richard ou Diana Slip, les deux enseignes fameuses qui proposaient des \u00ab lingeries libertines \u00bb, des \u00ab articles en cuir et peau \u00bb et des ustensiles de dressage au cours des ann\u00e9es trente. Cagoules en cuir, brides, \u00e9triers et selles \u00e0 conformation humaine, les amateurs s\u2019amusaient autant que dans les dessins de Montorgueil, impr\u00e9gn\u00e9 de cette fantasmagorie.<br \/>\nExtrait de la pr\u00e9face de Christophe BIER<\/p>\n","protected":false},"excerpt":{"rendered":"<p>Bernard MONTORGUEIL Un des 1000 ex. broch\u00e9s de 96 pages (15 x 21) Montorgueil ! Trois syllabes affolantes, vou\u00e9es aux raffinements de la domination f\u00e9minine et des hommes soumis. Un pseudonyme myst\u00e9rieux, surgi au d\u00e9tour d\u2019une premi\u00e8re \u00e9dition en 1970 pour estampiller une \u0153uvre, autant (calli)graphique que litt\u00e9raire, d\u2019une remarquable finesse, d\u2019une ironie mordante, rigoureusement [&#8230;]\n","protected":false},"featured_media":272,"template":"","meta":[],"product_brand":[],"product_cat":[29],"product_tag":[],"class_list":{"0":"post-277","1":"product","2":"type-product","3":"status-publish","4":"has-post-thumbnail","6":"product_cat-les-inedits-de-la-domination-feminine","8":"first","9":"instock","10":"shipping-taxable","11":"purchasable","12":"product-type-simple"},"_links":{"self":[{"href":"https:\/\/www.editionsastarte.com\/en\/wp-json\/wp\/v2\/product\/277","targetHints":{"allow":["GET"]}}],"collection":[{"href":"https:\/\/www.editionsastarte.com\/en\/wp-json\/wp\/v2\/product"}],"about":[{"href":"https:\/\/www.editionsastarte.com\/en\/wp-json\/wp\/v2\/types\/product"}],"wp:featuredmedia":[{"embeddable":true,"href":"https:\/\/www.editionsastarte.com\/en\/wp-json\/wp\/v2\/media\/272"}],"wp:attachment":[{"href":"https:\/\/www.editionsastarte.com\/en\/wp-json\/wp\/v2\/media?parent=277"}],"wp:term":[{"taxonomy":"product_brand","embeddable":true,"href":"https:\/\/www.editionsastarte.com\/en\/wp-json\/wp\/v2\/product_brand?post=277"},{"taxonomy":"product_cat","embeddable":true,"href":"https:\/\/www.editionsastarte.com\/en\/wp-json\/wp\/v2\/product_cat?post=277"},{"taxonomy":"product_tag","embeddable":true,"href":"https:\/\/www.editionsastarte.com\/en\/wp-json\/wp\/v2\/product_tag?post=277"}],"curies":[{"name":"wp","href":"https:\/\/api.w.org\/{rel}","templated":true}]}}