{"id":284,"date":"2023-01-31T13:35:26","date_gmt":"2023-01-31T12:35:26","guid":{"rendered":"http:\/\/bbbweco.cluster031.hosting.ovh.net\/editionsastarte\/produit\/des-amours\/"},"modified":"2023-05-07T18:43:09","modified_gmt":"2023-05-07T16:43:09","slug":"des-amours","status":"publish","type":"product","link":"https:\/\/www.editionsastarte.com\/en\/produit\/des-amours\/","title":{"rendered":"DES AMOURS"},"content":{"rendered":"<p>Paul VERLAINE &#8211; Hippolyte ROMAIN<br \/>\nUn des 500 ex. broch\u00e9s de 96 pages (16 x 24) &#8211; 32 illustrations hors-texte en noir<br \/>\nLes po\u00e8mes \u00e9rotiques de Verlaine furent publi\u00e9s entre 1867 et 1903. La volont\u00e9 de l\u2019auteur \u00e9tait de les rassembler, mais cela ne put aboutir de son vivant. Respectueux de ce d\u00e9sir, les \u00e9diteurs clandestins du xxe si\u00e8cle, les propos\u00e8rent sous forme de recueils d\u00e9nomm\u00e9s arbitrairement La Trilogie \u00c9rotique ou \u0152uvres Libres. M\u00e9ritant une nouvelle \u00e9dition pour le d\u00e9but de ce troisi\u00e8me mill\u00e9naire, nous les pr\u00e9sentons avec pour titre \u00ab Des Amours \u00bb, car il est certain qu\u2019il s\u2019agit bien de cela. \u00c0 l\u2019instar de Rimbaud, le \u00ab po\u00e8te maudit \u00bb a la r\u00e9solution de choquer l\u2019ordre \u00e9tabli, bourgeois et pudibond. L\u00e0 o\u00f9 d\u2019autres pourraient \u00eatre emport\u00e9s par un flot de vulgarit\u00e9 complaisante, il rend s\u00e9duisant l\u2019immonde et le fait chanter. Vieillard \u00e0 l\u2019\u00e2me d\u2019enfant, boh\u00e8me et casanier, mystique et d\u00e9bauch\u00e9, d\u00e9licat et vulgaire, satyre et saint, tendre et violent, \u00ab voile et vapeur \u00bb, Verlaine, homme libre emprisonn\u00e9 dans ses extr\u00eames, a su faire de sa diversit\u00e9 sa force. Son style, son \u00ab sentiment \u00bb, son humanit\u00e9 lui ont permis d\u2019affronter tous ses contrastes, aussi bien dans sa vie que dans son \u0153uvre, en les exprimant par sa po\u00e9sie, et plus particuli\u00e8rement par ses \u0153uvres libres, lui qui d\u00e9tenait le don rare d\u2019aimer Philom\u00e8ne, Lucien, Mathilde et Arthur.<\/p>\n<p> &#8212; <\/p>\n<p>DES AMOURS<br \/>\nPaul VERLAINE &#8211; Hippolyte ROMAIN<\/p>\n<p>One of the 500 paper-bound copies, 16 by 24 cm, 96 pages. &#8211; 32 illustrations hors-texte en noir<br \/>\nLes po\u00e8mes \u00e9rotiques de Verlaine furent publi\u00e9s entre 1867 et 1903. La volont\u00e9 de l\u2019auteur \u00e9tait de les rassembler, mais cela ne put aboutir de son vivant. Respectueux de ce d\u00e9sir, les \u00e9diteurs clandestins du xxe si\u00e8cle, les propos\u00e8rent sous forme de recueils d\u00e9nomm\u00e9s arbitrairement La Trilogie \u00c9rotique ou \u0152uvres Libres. M\u00e9ritant une nouvelle \u00e9dition pour le d\u00e9but de ce troisi\u00e8me mill\u00e9naire, nous les pr\u00e9sentons avec pour titre \u00ab Des Amours \u00bb, car il est certain qu\u2019il s\u2019agit bien de cela. \u00c0 l\u2019instar de Rimbaud, le \u00ab po\u00e8te maudit \u00bb a la r\u00e9solution de choquer l\u2019ordre \u00e9tabli, bourgeois et pudibond. L\u00e0 o\u00f9 d\u2019autres pourraient \u00eatre emport\u00e9s par un flot de vulgarit\u00e9 complaisante, il rend s\u00e9duisant l\u2019immonde et le fait chanter. Vieillard \u00e0 l\u2019\u00e2me d\u2019enfant, boh\u00e8me et casanier, mystique et d\u00e9bauch\u00e9, d\u00e9licat et vulgaire, satyre et saint, tendre et violent, \u00ab voile et vapeur \u00bb, Verlaine, homme libre emprisonn\u00e9 dans ses extr\u00eames, a su faire de sa diversit\u00e9 sa force. Son style, son \u00ab sentiment \u00bb, son humanit\u00e9 lui ont permis d\u2019affronter tous ses contrastes, aussi bien dans sa vie que dans son \u0153uvre, en les exprimant par sa po\u00e9sie, et plus particuli\u00e8rement par ses \u0153uvres libres, lui qui d\u00e9tenait le don rare d\u2019aimer Philom\u00e8ne, Lucien, Mathilde et Arthur.<\/p>\n","protected":false},"excerpt":{"rendered":"<p>Paul VERLAINE &#8211; Hippolyte ROMAIN Un des 500 ex. broch\u00e9s de 96 pages (16 x 24) &#8211; 32 illustrations hors-texte en noir Les po\u00e8mes \u00e9rotiques de Verlaine furent publi\u00e9s entre 1867 et 1903. La volont\u00e9 de l\u2019auteur \u00e9tait de les rassembler, mais cela ne put aboutir de son vivant. Respectueux de ce d\u00e9sir, les \u00e9diteurs [&#8230;]\n","protected":false},"featured_media":278,"template":"","meta":[],"product_brand":[],"product_cat":[20],"product_tag":[],"class_list":{"0":"post-284","1":"product","2":"type-product","3":"status-publish","4":"has-post-thumbnail","6":"product_cat-lart-dans-lerotisme","8":"first","9":"instock","10":"shipping-taxable","11":"purchasable","12":"product-type-simple"},"_links":{"self":[{"href":"https:\/\/www.editionsastarte.com\/en\/wp-json\/wp\/v2\/product\/284","targetHints":{"allow":["GET"]}}],"collection":[{"href":"https:\/\/www.editionsastarte.com\/en\/wp-json\/wp\/v2\/product"}],"about":[{"href":"https:\/\/www.editionsastarte.com\/en\/wp-json\/wp\/v2\/types\/product"}],"wp:featuredmedia":[{"embeddable":true,"href":"https:\/\/www.editionsastarte.com\/en\/wp-json\/wp\/v2\/media\/278"}],"wp:attachment":[{"href":"https:\/\/www.editionsastarte.com\/en\/wp-json\/wp\/v2\/media?parent=284"}],"wp:term":[{"taxonomy":"product_brand","embeddable":true,"href":"https:\/\/www.editionsastarte.com\/en\/wp-json\/wp\/v2\/product_brand?post=284"},{"taxonomy":"product_cat","embeddable":true,"href":"https:\/\/www.editionsastarte.com\/en\/wp-json\/wp\/v2\/product_cat?post=284"},{"taxonomy":"product_tag","embeddable":true,"href":"https:\/\/www.editionsastarte.com\/en\/wp-json\/wp\/v2\/product_tag?post=284"}],"curies":[{"name":"wp","href":"https:\/\/api.w.org\/{rel}","templated":true}]}}