{"id":29,"date":"2023-01-31T13:34:43","date_gmt":"2023-01-31T12:34:43","guid":{"rendered":"http:\/\/bbbweco.cluster031.hosting.ovh.net\/editionsastarte\/produit\/delices-joufflus\/"},"modified":"2026-01-05T21:06:09","modified_gmt":"2026-01-05T20:06:09","slug":"delices-joufflus","status":"publish","type":"product","link":"https:\/\/www.editionsastarte.com\/en\/produit\/delices-joufflus\/","title":{"rendered":"D\u00c9LICES JOUFFLUS"},"content":{"rendered":"<p>Alexandre DUPOUY<br \/>\nUn des 2000 ex. broch\u00e9s de 96 pages (15 x 21)<br \/>\nPour clore notre trilogie de la photographie prostitutionnelle des ann\u00e9es trente, voici une s\u00e9lection de \u00ab d\u00e9lices joufflus \u00bb, d\u00e9nomination choisie avec l\u00e9g\u00e8ret\u00e9 et gourmandise au vu de cet exceptionnel engouement pour une callipygie violemment et admirablement exprim\u00e9e par ce troisi\u00e8me photographe anonyme. Au travers de son objectif inquisiteur, toute l\u2019\u0153uvre de cet inconnu semble conter les d\u00e9sirs, les pulsions des mod\u00e8les vers ces chairs rondes et opulentes, g\u00e9n\u00e9reusement offertes et pr\u00eates \u00e0 \u00eatre d\u00e9vor\u00e9es. Deux sujets obs\u00e8dent notre artiste : la callipygie et le lesbianisme. D\u00e9clin\u00e9 \u00e0 l\u2019infini, cet ensemble unique de plus de deux cents images forme une v\u00e9ritable encyclop\u00e9die, un catalogue raisonn\u00e9 des postures probables entre deux corps de femmes soumis \u00e0 la volupt\u00e9.<\/p>\n<p> &#8212; <\/p>\n<p>D\u00c9LICES JOUFFLUS<br \/>\nAlexandre DUPOUY<\/p>\n<p>One of the 2,000 paper-bound copies, 15 by 21 cm, 96 pages.<br \/>\nIn order to conclude our trilogy on the prostitution photography in the 1930\u2019s, here is a selection of \u201cd\u00e9lices joufflus\u201d (chubby delights), a denomination that we have chosen with levity and greediness in view of this extraordinary passion for callipygy, violently and admirably expressed by this third anonymous photographer.  Through his inquisitive lens, the works of this unknown tend to relate the desires and the drives of the models towards these chubby and opulent shapes, generously offered and ready to be smothered with kisses. The author is obsessed with two topics: callipygy and lesbianism. This unparalleled set of more than two hundred photographs constitutes a genuine encyclopaedia, a catalogue raisonne of possible postures between two female bodies exposed to sensual pleasure.<\/p>\n","protected":false},"excerpt":{"rendered":"<p>Alexandre DUPOUY Un des 2000 ex. broch\u00e9s de 96 pages (15 x 21) Pour clore notre trilogie de la photographie prostitutionnelle des ann\u00e9es trente, voici une s\u00e9lection de \u00ab d\u00e9lices joufflus \u00bb, d\u00e9nomination choisie avec l\u00e9g\u00e8ret\u00e9 et gourmandise au vu de cet exceptionnel engouement pour une callipygie violemment et admirablement exprim\u00e9e par ce troisi\u00e8me photographe [&#8230;]\n","protected":false},"featured_media":25,"template":"","meta":[],"product_brand":[],"product_cat":[18],"product_tag":[],"class_list":{"0":"post-29","1":"product","2":"type-product","3":"status-publish","4":"has-post-thumbnail","6":"product_cat-les-archives-de-la-photographie-erotique","8":"first","9":"instock","10":"shipping-taxable","11":"purchasable","12":"product-type-simple"},"_links":{"self":[{"href":"https:\/\/www.editionsastarte.com\/en\/wp-json\/wp\/v2\/product\/29","targetHints":{"allow":["GET"]}}],"collection":[{"href":"https:\/\/www.editionsastarte.com\/en\/wp-json\/wp\/v2\/product"}],"about":[{"href":"https:\/\/www.editionsastarte.com\/en\/wp-json\/wp\/v2\/types\/product"}],"wp:featuredmedia":[{"embeddable":true,"href":"https:\/\/www.editionsastarte.com\/en\/wp-json\/wp\/v2\/media\/25"}],"wp:attachment":[{"href":"https:\/\/www.editionsastarte.com\/en\/wp-json\/wp\/v2\/media?parent=29"}],"wp:term":[{"taxonomy":"product_brand","embeddable":true,"href":"https:\/\/www.editionsastarte.com\/en\/wp-json\/wp\/v2\/product_brand?post=29"},{"taxonomy":"product_cat","embeddable":true,"href":"https:\/\/www.editionsastarte.com\/en\/wp-json\/wp\/v2\/product_cat?post=29"},{"taxonomy":"product_tag","embeddable":true,"href":"https:\/\/www.editionsastarte.com\/en\/wp-json\/wp\/v2\/product_tag?post=29"}],"curies":[{"name":"wp","href":"https:\/\/api.w.org\/{rel}","templated":true}]}}