{"id":293,"date":"2023-01-31T13:35:27","date_gmt":"2023-01-31T12:35:27","guid":{"rendered":"http:\/\/bbbweco.cluster031.hosting.ovh.net\/editionsastarte\/produit\/lamour-paillard\/"},"modified":"2023-01-31T13:35:27","modified_gmt":"2023-01-31T12:35:27","slug":"lamour-paillard","status":"publish","type":"product","link":"https:\/\/www.editionsastarte.com\/en\/produit\/lamour-paillard\/","title":{"rendered":"L\u2019AMOUR PAILLARD"},"content":{"rendered":"[A. Momas] L\u2019\u00c9rotin<br \/>\nUn volume broch\u00e9 de 152 pages avec de nombreuses photographies hors-texte<br \/>\nPubli\u00e9 probablement par Louis Perceau, bibliophile \u00e9rudit, ami d\u2019Apollinaire, l\u2019un des derniers et des meilleurs textes d\u2019Alphonse Momas, c\u00e9l\u00e8bre auteur \u00e9rotomane de la Belle \u00c9poque \u00e0 qui l\u2019on doit pr\u00e8s d\u2019une centaine de titres dont Le Mariage de Danielle et La Femme aux chiens. Deux \u00e9ditions parurent au cours des ann\u00e9es vingt, puis plus rien.<br \/>\nCe texte truculent d\u00e9crit les aventures d\u2019une \u00e9trange troupe de th\u00e9\u00e2tre ambulant compos\u00e9e des membres d\u2019une maisonnette de banlieue, trois femmes, deux hommes : Th\u00e9r\u00e8se, L\u00e9a, Lina, Antoine et Jacques. \u00ab Une famille exploitant simplement les plaisirs de l\u2019amour dans leurs tableaux suggestifs \u00bb, tableaux vivants pr\u00e9sent\u00e9s par Jacques, le montreur de plaisirs. Au hasard de leurs sulfureux contrats, ce beau monde se retrouve \u00e0 fr\u00e9quenter une \u00e9tonnante maison de passe et de jeu, \u00ab o\u00f9 l&#8217;on pouvait trouver \u00e0 se satisfaire dans toutes ses passions \u00bb qui n\u2019a rien \u00e0 envier aux clubs \u00e9changistes contemporains. Il ne faut pas s\u2019\u00e9tonner que par leurs activit\u00e9s, les membres de cette curieuse famille soient amen\u00e9s faire de singuli\u00e8res rencontres.<br \/>\nHumour et sc\u00e9narii compos\u00e9s de multiples intervenants infr\u00e9quentables qui \u00e9voquent avec talent l\u2019univers de Pierre Lou\u00ffs.<\/p>\n<p> &#8212; <\/p>\n<p>L\u2019AMOUR PAILLARD<br \/>\n[A. Momas] L\u2019\u00c9rotin<\/p>\n<p>Un volume broch\u00e9 de 152 pages avec de nombreuses photographies hors-texte<br \/>\nPubli\u00e9 probablement par Louis Perceau, bibliophile \u00e9rudit, ami d\u2019Apollinaire, l\u2019un des derniers et des meilleurs textes d\u2019Alphonse Momas, c\u00e9l\u00e8bre auteur \u00e9rotomane de la Belle \u00c9poque \u00e0 qui l\u2019on doit pr\u00e8s d\u2019une centaine de titres dont Le Mariage de Danielle et La Femme aux chiens. Deux \u00e9ditions parurent au cours des ann\u00e9es vingt, puis plus rien.<br \/>\nCe texte truculent d\u00e9crit les aventures d\u2019une \u00e9trange troupe de th\u00e9\u00e2tre ambulant compos\u00e9e des membres d\u2019une maisonnette de banlieue, trois femmes, deux hommes : Th\u00e9r\u00e8se, L\u00e9a, Lina, Antoine et Jacques. \u00ab Une famille exploitant simplement les plaisirs de l\u2019amour dans leurs tableaux suggestifs \u00bb, tableaux vivants pr\u00e9sent\u00e9s par Jacques, le montreur de plaisirs. Au hasard de leurs sulfureux contrats, ce beau monde se retrouve \u00e0 fr\u00e9quenter une \u00e9tonnante maison de passe et de jeu, \u00ab o\u00f9 l&#8217;on pouvait trouver \u00e0 se satisfaire dans toutes ses passions \u00bb qui n\u2019a rien \u00e0 envier aux clubs \u00e9changistes contemporains. Il ne faut pas s\u2019\u00e9tonner que par leurs activit\u00e9s, les membres de cette curieuse famille soient amen\u00e9s faire de singuli\u00e8res rencontres.<br \/>\nHumour et sc\u00e9narii compos\u00e9s de multiples intervenants infr\u00e9quentables qui \u00e9voquent avec talent l\u2019univers de Pierre Lou\u00ffs.<\/p>\n","protected":false},"excerpt":{"rendered":"[A. Momas] L\u2019\u00c9rotin Un volume broch\u00e9 de 152 pages avec de nombreuses photographies hors-texte Publi\u00e9 probablement par Louis Perceau, bibliophile \u00e9rudit, ami d\u2019Apollinaire, l\u2019un des derniers et des meilleurs textes d\u2019Alphonse Momas, c\u00e9l\u00e8bre auteur \u00e9rotomane de la Belle \u00c9poque \u00e0 qui l\u2019on doit pr\u00e8s d\u2019une centaine de titres dont Le Mariage de Danielle et La [&#8230;]\n","protected":false},"featured_media":292,"template":"","meta":[],"product_brand":[],"product_cat":[23],"product_tag":[],"class_list":{"0":"post-293","1":"product","2":"type-product","3":"status-publish","4":"has-post-thumbnail","6":"product_cat-collection-libertine","8":"first","9":"instock","10":"shipping-taxable","11":"purchasable","12":"product-type-simple"},"_links":{"self":[{"href":"https:\/\/www.editionsastarte.com\/en\/wp-json\/wp\/v2\/product\/293","targetHints":{"allow":["GET"]}}],"collection":[{"href":"https:\/\/www.editionsastarte.com\/en\/wp-json\/wp\/v2\/product"}],"about":[{"href":"https:\/\/www.editionsastarte.com\/en\/wp-json\/wp\/v2\/types\/product"}],"wp:featuredmedia":[{"embeddable":true,"href":"https:\/\/www.editionsastarte.com\/en\/wp-json\/wp\/v2\/media\/292"}],"wp:attachment":[{"href":"https:\/\/www.editionsastarte.com\/en\/wp-json\/wp\/v2\/media?parent=293"}],"wp:term":[{"taxonomy":"product_brand","embeddable":true,"href":"https:\/\/www.editionsastarte.com\/en\/wp-json\/wp\/v2\/product_brand?post=293"},{"taxonomy":"product_cat","embeddable":true,"href":"https:\/\/www.editionsastarte.com\/en\/wp-json\/wp\/v2\/product_cat?post=293"},{"taxonomy":"product_tag","embeddable":true,"href":"https:\/\/www.editionsastarte.com\/en\/wp-json\/wp\/v2\/product_tag?post=293"}],"curies":[{"name":"wp","href":"https:\/\/api.w.org\/{rel}","templated":true}]}}