{"id":300,"date":"2023-01-31T13:35:28","date_gmt":"2023-01-31T12:35:28","guid":{"rendered":"http:\/\/bbbweco.cluster031.hosting.ovh.net\/editionsastarte\/produit\/lettres-dun-provencal-a-son-epouse\/"},"modified":"2023-11-22T00:33:42","modified_gmt":"2023-11-21T23:33:42","slug":"lettres-dun-provencal-a-son-epouse","status":"publish","type":"product","link":"https:\/\/www.editionsastarte.com\/en\/produit\/lettres-dun-provencal-a-son-epouse\/","title":{"rendered":"LETTRES D&#8217;UN PROVENCAL A SON \u00c9POUSE"},"content":{"rendered":"<p>H&#8230; &#8230;Y<br \/>\nUn des 300 exemplaires broch\u00e9s de 129 pages (132 x 215). Le texte est accompagn\u00e9 de vingt quatre illustrations.<br \/>\n\u00c0 l\u2019\u00e9poque o\u00f9 les arm\u00e9es fran\u00e7aises accumulent victoire sur victoire sous les banni\u00e8res de l\u2019Empereur, un Marseillais d\u00e9s\u0153uvr\u00e9 d\u00e9crit \u00e0 son \u00e9pouse ses faits d\u2019armes et de gloire\u2026 dans les bordels parisiens. Par bonheur, les aimables oreilles de son \u00ab cher tr\u00e9sor \u00bb sont robustes et sa pudeur loin d\u2019\u00eatre effarouch\u00e9e par les propos imag\u00e9s de son \u00ab aimable mari \u00bb sollicite et encourage ses comptes-rendus par ses r\u00e9ponses les plus crues. Ce caract\u00e8re descriptif des m\u0153urs de l\u2019amour v\u00e9nal est fr\u00e9quent depuis la R\u00e9volution. Lorsque les provinciaux montent \u00e0 la capitale, les Parisiens p\u00e9tris de bonnes intentions proposent moult guides leur permettant d\u2019\u00e9chapper aux pi\u00e8ges de la horde des courtisanes qui abondent plus particuli\u00e8rement au Palais-Royal.<br \/>\nIl est bien agr\u00e9able de se projeter \u00e0 l\u2019aube  du XIXe si\u00e8cle, en compagnie de ce cher \u00ab B. . . \u00bb qui, \u00e0 travers ses descriptions complaisantes et amusantes, aid\u00e9 de son langage color\u00e9 si particulier, fait revivre l\u2019atmosph\u00e8re enivrante de ce quartier de d\u00e9bauche unique et singulier aujourd\u2019hui endormi \u00e0 jamais.<\/p>\n<p> &#8212; <\/p>\n<p>LETTRES D&#8217;UN PROVENCAL A SON \u00c9POUSE<br \/>\nH&#8230; &#8230;Y<\/p>\n<p>Un des 300 exemplaires broch\u00e9s de 129 pages (132 x 215). Le texte est accompagn\u00e9 de vingt quatre illustrations.<br \/>\n\u00c0 l\u2019\u00e9poque o\u00f9 les arm\u00e9es fran\u00e7aises accumulent victoire sur victoire sous les banni\u00e8res de l\u2019Empereur, un Marseillais d\u00e9s\u0153uvr\u00e9 d\u00e9crit \u00e0 son \u00e9pouse ses faits d\u2019armes et de gloire\u2026 dans les bordels parisiens. Par bonheur, les aimables oreilles de son \u00ab cher tr\u00e9sor \u00bb sont robustes et sa pudeur loin d\u2019\u00eatre effarouch\u00e9e par les propos imag\u00e9s de son \u00ab aimable mari \u00bb sollicite et encourage ses comptes-rendus par ses r\u00e9ponses les plus crues. Ce caract\u00e8re descriptif des m\u0153urs de l\u2019amour v\u00e9nal est fr\u00e9quent depuis la R\u00e9volution. Lorsque les provinciaux montent \u00e0 la capitale, les Parisiens p\u00e9tris de bonnes intentions proposent moult guides leur permettant d\u2019\u00e9chapper aux pi\u00e8ges de la horde des courtisanes qui abondent plus particuli\u00e8rement au Palais-Royal.<br \/>\nIl est bien agr\u00e9able de se projeter \u00e0 l\u2019aube  du XIXe si\u00e8cle, en compagnie de ce cher \u00ab B. . . \u00bb qui, \u00e0 travers ses descriptions complaisantes et amusantes, aid\u00e9 de son langage color\u00e9 si particulier, fait revivre l\u2019atmosph\u00e8re enivrante de ce quartier de d\u00e9bauche unique et singulier aujourd\u2019hui endormi \u00e0 jamais.<\/p>\n","protected":false},"excerpt":{"rendered":"<p>H&#8230; &#8230;Y Un des 300 exemplaires broch\u00e9s de 129 pages (132 x 215). Le texte est accompagn\u00e9 de vingt quatre illustrations. \u00c0 l\u2019\u00e9poque o\u00f9 les arm\u00e9es fran\u00e7aises accumulent victoire sur victoire sous les banni\u00e8res de l\u2019Empereur, un Marseillais d\u00e9s\u0153uvr\u00e9 d\u00e9crit \u00e0 son \u00e9pouse ses faits d\u2019armes et de gloire\u2026 dans les bordels parisiens. Par bonheur, [&#8230;]\n","protected":false},"featured_media":294,"template":"","meta":[],"product_brand":[],"product_cat":[23],"product_tag":[],"class_list":{"0":"post-300","1":"product","2":"type-product","3":"status-publish","4":"has-post-thumbnail","6":"product_cat-collection-libertine","8":"first","9":"outofstock","10":"shipping-taxable","11":"purchasable","12":"product-type-simple"},"_links":{"self":[{"href":"https:\/\/www.editionsastarte.com\/en\/wp-json\/wp\/v2\/product\/300","targetHints":{"allow":["GET"]}}],"collection":[{"href":"https:\/\/www.editionsastarte.com\/en\/wp-json\/wp\/v2\/product"}],"about":[{"href":"https:\/\/www.editionsastarte.com\/en\/wp-json\/wp\/v2\/types\/product"}],"wp:featuredmedia":[{"embeddable":true,"href":"https:\/\/www.editionsastarte.com\/en\/wp-json\/wp\/v2\/media\/294"}],"wp:attachment":[{"href":"https:\/\/www.editionsastarte.com\/en\/wp-json\/wp\/v2\/media?parent=300"}],"wp:term":[{"taxonomy":"product_brand","embeddable":true,"href":"https:\/\/www.editionsastarte.com\/en\/wp-json\/wp\/v2\/product_brand?post=300"},{"taxonomy":"product_cat","embeddable":true,"href":"https:\/\/www.editionsastarte.com\/en\/wp-json\/wp\/v2\/product_cat?post=300"},{"taxonomy":"product_tag","embeddable":true,"href":"https:\/\/www.editionsastarte.com\/en\/wp-json\/wp\/v2\/product_tag?post=300"}],"curies":[{"name":"wp","href":"https:\/\/api.w.org\/{rel}","templated":true}]}}