{"id":307,"date":"2023-01-31T13:35:30","date_gmt":"2023-01-31T12:35:30","guid":{"rendered":"http:\/\/bbbweco.cluster031.hosting.ovh.net\/editionsastarte\/produit\/linternat-des-chatiments\/"},"modified":"2026-01-08T12:16:25","modified_gmt":"2026-01-08T11:16:25","slug":"linternat-des-chatiments","status":"publish","type":"product","link":"https:\/\/www.editionsastarte.com\/en\/produit\/linternat-des-chatiments\/","title":{"rendered":"L&#8217;INTERNAT DES CHATIMENTS"},"content":{"rendered":"<p>D\u00e9sir\u00e9 Van Rowel<br \/>\nUn des 300 exemplaires broch\u00e9s de 132 pages (132 x 215). Le texte est accompagn\u00e9 de quatorze illustrations et photographies.<br \/>\nLe gouvernement d\u2019un petit \u00c9tat r\u00e9tablit un jour d\u2019un trait de plume l\u2019usage des ch\u00e2timents corporels. Ce nouveau d\u00e9cret, affich\u00e9 dans les rues pour fixer la date de son entr\u00e9e en vigueur, ne produisit pas grande impression sur les passants et passantes.<br \/>\nMais voici racont\u00e9 comment fut appliqu\u00e9 le retour aux anciens principes p\u00e9dagogiques dans l\u2019un des internats de jeunes filles de ce que nous pourrions appeler la province du petit \u00c9tat.<br \/>\nSous la houlette de Madame, directrice de l&#8217;\u00e9tablissement, Fra\u00fclein, Miss et Mademoiselle sont en charge de cette nouvelle circulaire officielle et s\u2019en donnent \u00e0 c\u0153ur joie pour \u00e9duquer des jeunes filles de plus en plus turbulentes : fess\u00e9es et vol\u00e9es de bois vert sont accueillies avec plus ou moins de plaisir par les internes indisciplin\u00e9es qui, pourtant, bien souvent en redemandent.<br \/>\nLe roman, se terminant par un galant \u00e9pilogue, permet de constater les qualit\u00e9s de l\u2019\u00e9ducation re\u00e7ue ! <\/p>\n<p>Apr\u00e8s avoir publi\u00e9 plusieurs centaines d\u2019ouvrages de litt\u00e9rature flagellomaniaque, les quelques \u00e9diteurs des ann\u00e9es trente qui se partagent ce march\u00e9 lucratif doivent trouver de nouveaux concepts pour continuer \u00e0 satisfaire leurs amateurs. Le bouleversement vient donc des illustrations hors-texte qui agr\u00e9mentent les ouvrages. La plus talentueuse des signatures, celle de \u00ab Carlo \u00bb, ajoute une \u00e9nigme de plus en mati\u00e8re de bibliophilie \u00e9rotique. De m\u00eame que pour l\u2019auteur du texte, Desir\u00e9 van Rowel, pour lequel l\u2019espoir est encore plus mince de trouver le moindre renseignement \u00e0 son sujet Ces protagonistes de l\u2019\u00e2ge d\u2019or du f\u00e9tichisme se sont pour la plupart prot\u00e9g\u00e9s d\u2019un tel myst\u00e8re qu\u2019ils rendent aujourd\u2019hui toute recherche biographique passionnante, mais souvent vaine. Que cela ne nous emp\u00eache pas d\u2019appr\u00e9cier le charme de ces obsessionnelles internes et ma\u00eetresses de van Rowel transfigur\u00e9es par le trait de Carlo, in\u00e9galable illustrateur de l\u2019\u00e9poque o\u00f9 la domination dans toute sa vari\u00e9t\u00e9 vivait ses heures de gloire.<\/p>\n<p> &#8212; <\/p>\n<p>L&#8217;INTERNAT DES CHATIMENTS<br \/>\nD\u00e9sir\u00e9 Van Rowel<\/p>\n<p>Un des 300 exemplaires broch\u00e9s de 148 pages (132 x 215). Le texte est accompagn\u00e9 de quatorze illustrations et photographies.<br \/>\nLe gouvernement d\u2019un petit \u00c9tat r\u00e9tablit un jour d\u2019un trait de plume l\u2019usage des ch\u00e2timents corporels. Ce nouveau d\u00e9cret, affich\u00e9 dans les rues pour fixer la date de son entr\u00e9e en vigueur, ne produisit pas grande impression sur les passants et passantes.<br \/>\nMais voici racont\u00e9 comment fut appliqu\u00e9 le retour aux anciens principes p\u00e9dagogiques dans l\u2019un des internats de jeunes filles de ce que nous pourrions appeler la province du petit \u00c9tat.<br \/>\nSous la houlette de Madame, directrice de l&#8217;\u00e9tablissement, Fra\u00fclein, Miss et Mademoiselle sont en charge de cette nouvelle circulaire officielle et s\u2019en donnent \u00e0 c\u0153ur joie pour \u00e9duquer des jeunes filles de plus en plus turbulentes : fess\u00e9es et vol\u00e9es de bois vert sont accueillies avec plus ou moins de plaisir par les internes indisciplin\u00e9es qui, pourtant, bien souvent en redemandent.<br \/>\nLe roman, se terminant par un galant \u00e9pilogue, permet de constater les qualit\u00e9s de l\u2019\u00e9ducation re\u00e7ue ! <\/p>\n<p>Apr\u00e8s avoir publi\u00e9 plusieurs centaines d\u2019ouvrages de litt\u00e9rature flagellomaniaque, les quelques \u00e9diteurs des ann\u00e9es trente qui se partagent ce march\u00e9 lucratif doivent trouver de nouveaux concepts pour continuer \u00e0 satisfaire leurs amateurs. Le bouleversement vient donc des illustrations hors-texte qui agr\u00e9mentent les ouvrages. La plus talentueuse des signatures, celle de \u00ab Carlo \u00bb, ajoute une \u00e9nigme de plus en mati\u00e8re de bibliophilie \u00e9rotique. De m\u00eame que pour l\u2019auteur du texte, Desir\u00e9 van Rowel, pour lequel l\u2019espoir est encore plus mince de trouver le moindre renseignement \u00e0 son sujet Ces protagonistes de l\u2019\u00e2ge d\u2019or du f\u00e9tichisme se sont pour la plupart prot\u00e9g\u00e9s d\u2019un tel myst\u00e8re qu\u2019ils rendent aujourd\u2019hui toute recherche biographique passionnante, mais souvent vaine. Que cela ne nous emp\u00eache pas d\u2019appr\u00e9cier le charme de ces obsessionnelles internes et ma\u00eetresses de van Rowel transfigur\u00e9es par le trait de Carlo, in\u00e9galable illustrateur de l\u2019\u00e9poque o\u00f9 la domination dans toute sa vari\u00e9t\u00e9 vivait ses heures de gloire.<\/p>\n","protected":false},"excerpt":{"rendered":"<p>D\u00e9sir\u00e9 Van Rowel Un des 300 exemplaires broch\u00e9s de 132 pages (132 x 215). Le texte est accompagn\u00e9 de quatorze illustrations et photographies. Le gouvernement d\u2019un petit \u00c9tat r\u00e9tablit un jour d\u2019un trait de plume l\u2019usage des ch\u00e2timents corporels. Ce nouveau d\u00e9cret, affich\u00e9 dans les rues pour fixer la date de son entr\u00e9e en vigueur, [&#8230;]\n","protected":false},"featured_media":301,"template":"","meta":[],"product_brand":[],"product_cat":[23],"product_tag":[],"class_list":{"0":"post-307","1":"product","2":"type-product","3":"status-publish","4":"has-post-thumbnail","6":"product_cat-collection-libertine","8":"first","9":"instock","10":"shipping-taxable","11":"purchasable","12":"product-type-simple"},"_links":{"self":[{"href":"https:\/\/www.editionsastarte.com\/en\/wp-json\/wp\/v2\/product\/307","targetHints":{"allow":["GET"]}}],"collection":[{"href":"https:\/\/www.editionsastarte.com\/en\/wp-json\/wp\/v2\/product"}],"about":[{"href":"https:\/\/www.editionsastarte.com\/en\/wp-json\/wp\/v2\/types\/product"}],"wp:featuredmedia":[{"embeddable":true,"href":"https:\/\/www.editionsastarte.com\/en\/wp-json\/wp\/v2\/media\/301"}],"wp:attachment":[{"href":"https:\/\/www.editionsastarte.com\/en\/wp-json\/wp\/v2\/media?parent=307"}],"wp:term":[{"taxonomy":"product_brand","embeddable":true,"href":"https:\/\/www.editionsastarte.com\/en\/wp-json\/wp\/v2\/product_brand?post=307"},{"taxonomy":"product_cat","embeddable":true,"href":"https:\/\/www.editionsastarte.com\/en\/wp-json\/wp\/v2\/product_cat?post=307"},{"taxonomy":"product_tag","embeddable":true,"href":"https:\/\/www.editionsastarte.com\/en\/wp-json\/wp\/v2\/product_tag?post=307"}],"curies":[{"name":"wp","href":"https:\/\/api.w.org\/{rel}","templated":true}]}}