{"id":314,"date":"2023-01-31T13:35:31","date_gmt":"2023-01-31T12:35:31","guid":{"rendered":"http:\/\/bbbweco.cluster031.hosting.ovh.net\/editionsastarte\/produit\/obscenites\/"},"modified":"2025-01-17T19:09:36","modified_gmt":"2025-01-17T18:09:36","slug":"obscenites","status":"publish","type":"product","link":"https:\/\/www.editionsastarte.com\/en\/produit\/obscenites\/","title":{"rendered":"OBSC\u00c9NIT\u00c9S"},"content":{"rendered":"<p>Sylvie AUBENAS et Philippe COMAR<br \/>\nUn volume reli\u00e9, cartonn\u00e9, 96 pages, (16 x 19), Albin Michel, B.N.F.<br \/>\nEn octobre 1860, cinq mille clich\u00e9s licencieux sont saisis au domicile d&#8217;Auguste Belloc. De cette saisie aujourd&#8217;hui ne subsistent que vingt-quatre vues st\u00e9r\u00e9oscopiques, conserv\u00e9es dans l&#8217;Enfer de la Biblioth\u00e8que nationale de France. L\u00e0 o\u00f9, habituellement, les draperies d\u00e9robent ce qu&#8217;il faut soustraire au regard, ces images montrent, sans dissimulation aucune, au milieu du fouillis des soies, le sexe comme une fleur de pourpre. Cette s\u00e9rie in\u00e9dite est consid\u00e9r\u00e9e comme un moment majeur dans l&#8217;art de la photographie.<\/p>\n<p> &#8212; <\/p>\n<p>OBSC\u00c9NIT\u00c9S<br \/>\nSylvie AUBENAS and Philippe COMAR<\/p>\n<p>En octobre 1860, cinq mille clich\u00e9s licencieux sont saisis au domicile d&#8217;Auguste Belloc. De cette saisie aujourd&#8217;hui ne subsistent que vingt-quatre vues st\u00e9r\u00e9oscopiques, conserv\u00e9es dans l&#8217;Enfer de la Biblioth\u00e8que nationale de France. L\u00e0 o\u00f9, habituellement, les draperies d\u00e9robent ce qu&#8217;il faut soustraire au regard, ces images montrent, sans dissimulation aucune, au milieu du fouillis des soies, le sexe comme une fleur de pourpre. Cette s\u00e9rie in\u00e9dite est consid\u00e9r\u00e9e comme un moment majeur dans l&#8217;art de la photographie.<\/p>\n","protected":false},"excerpt":{"rendered":"<p>Sylvie AUBENAS et Philippe COMAR Un volume reli\u00e9, cartonn\u00e9, 96 pages, (16 x 19), Albin Michel, B.N.F. En octobre 1860, cinq mille clich\u00e9s licencieux sont saisis au domicile d&#8217;Auguste Belloc. De cette saisie aujourd&#8217;hui ne subsistent que vingt-quatre vues st\u00e9r\u00e9oscopiques, conserv\u00e9es dans l&#8217;Enfer de la Biblioth\u00e8que nationale de France. L\u00e0 o\u00f9, habituellement, les draperies d\u00e9robent [&#8230;]\n","protected":false},"featured_media":308,"template":"","meta":[],"product_brand":[],"product_cat":[27],"product_tag":[],"class_list":{"0":"post-314","1":"product","2":"type-product","3":"status-publish","4":"has-post-thumbnail","6":"product_cat-la-photographie-erotique","8":"first","9":"outofstock","10":"shipping-taxable","11":"purchasable","12":"product-type-simple"},"_links":{"self":[{"href":"https:\/\/www.editionsastarte.com\/en\/wp-json\/wp\/v2\/product\/314","targetHints":{"allow":["GET"]}}],"collection":[{"href":"https:\/\/www.editionsastarte.com\/en\/wp-json\/wp\/v2\/product"}],"about":[{"href":"https:\/\/www.editionsastarte.com\/en\/wp-json\/wp\/v2\/types\/product"}],"wp:featuredmedia":[{"embeddable":true,"href":"https:\/\/www.editionsastarte.com\/en\/wp-json\/wp\/v2\/media\/308"}],"wp:attachment":[{"href":"https:\/\/www.editionsastarte.com\/en\/wp-json\/wp\/v2\/media?parent=314"}],"wp:term":[{"taxonomy":"product_brand","embeddable":true,"href":"https:\/\/www.editionsastarte.com\/en\/wp-json\/wp\/v2\/product_brand?post=314"},{"taxonomy":"product_cat","embeddable":true,"href":"https:\/\/www.editionsastarte.com\/en\/wp-json\/wp\/v2\/product_cat?post=314"},{"taxonomy":"product_tag","embeddable":true,"href":"https:\/\/www.editionsastarte.com\/en\/wp-json\/wp\/v2\/product_tag?post=314"}],"curies":[{"name":"wp","href":"https:\/\/api.w.org\/{rel}","templated":true}]}}