{"id":321,"date":"2023-01-31T13:35:32","date_gmt":"2023-01-31T12:35:32","guid":{"rendered":"http:\/\/bbbweco.cluster031.hosting.ovh.net\/editionsastarte\/produit\/sous-le-manteau\/"},"modified":"2025-08-30T21:39:12","modified_gmt":"2025-08-30T19:39:12","slug":"sous-le-manteau","status":"publish","type":"product","link":"https:\/\/www.editionsastarte.com\/en\/produit\/sous-le-manteau\/","title":{"rendered":"SOUS LE MANTEAU"},"content":{"rendered":"<p>COLLECTIF<br \/>\nUn volume, reli\u00e9, cartonn\u00e9, imprim\u00e9 sous jaquette translucide imprim\u00e9e (15 x20). Flammarion.<br \/>\nIllustr\u00e9 de 98 photographies hors texte de la collection Alexandre Dupouy. Textes de Philippe Jaenada, Serge Joncour, Anna Rozen et Delphine de Vigan. Pr\u00e9face Alexandre Dupouy.<\/p>\n<p> &#8212; <\/p>\n<p>SOUS LE MANTEAU<br \/>\nCOLLECTIF<\/p>\n<p>Hardcover jacketed book, printed translucent cover,(15 x20). Flammarion.<br \/>\nIllustr\u00e9 de 98 photographies hors texte de la collection Alexandre Dupouy. Textes de Philippe Jaenada, Serge Joncour, Anna Rozen et Delphine de Vigan. Pr\u00e9face Alexandre Dupouy.<\/p>\n","protected":false},"excerpt":{"rendered":"<p>COLLECTIF Un volume, reli\u00e9, cartonn\u00e9, imprim\u00e9 sous jaquette translucide imprim\u00e9e (15 x20). Flammarion. Illustr\u00e9 de 98 photographies hors texte de la collection Alexandre Dupouy. Textes de Philippe Jaenada, Serge Joncour, Anna Rozen et Delphine de Vigan. Pr\u00e9face Alexandre Dupouy. &#8212; SOUS LE MANTEAU COLLECTIF Hardcover jacketed book, printed translucent cover,(15 x20). Flammarion. Illustr\u00e9 de 98 [&#8230;]\n","protected":false},"featured_media":315,"template":"","meta":[],"product_brand":[],"product_cat":[27],"product_tag":[],"class_list":{"0":"post-321","1":"product","2":"type-product","3":"status-publish","4":"has-post-thumbnail","6":"product_cat-la-photographie-erotique","8":"first","9":"instock","10":"shipping-taxable","11":"purchasable","12":"product-type-simple"},"_links":{"self":[{"href":"https:\/\/www.editionsastarte.com\/en\/wp-json\/wp\/v2\/product\/321","targetHints":{"allow":["GET"]}}],"collection":[{"href":"https:\/\/www.editionsastarte.com\/en\/wp-json\/wp\/v2\/product"}],"about":[{"href":"https:\/\/www.editionsastarte.com\/en\/wp-json\/wp\/v2\/types\/product"}],"wp:featuredmedia":[{"embeddable":true,"href":"https:\/\/www.editionsastarte.com\/en\/wp-json\/wp\/v2\/media\/315"}],"wp:attachment":[{"href":"https:\/\/www.editionsastarte.com\/en\/wp-json\/wp\/v2\/media?parent=321"}],"wp:term":[{"taxonomy":"product_brand","embeddable":true,"href":"https:\/\/www.editionsastarte.com\/en\/wp-json\/wp\/v2\/product_brand?post=321"},{"taxonomy":"product_cat","embeddable":true,"href":"https:\/\/www.editionsastarte.com\/en\/wp-json\/wp\/v2\/product_cat?post=321"},{"taxonomy":"product_tag","embeddable":true,"href":"https:\/\/www.editionsastarte.com\/en\/wp-json\/wp\/v2\/product_tag?post=321"}],"curies":[{"name":"wp","href":"https:\/\/api.w.org\/{rel}","templated":true}]}}