{"id":323,"date":"2023-01-31T13:35:32","date_gmt":"2023-01-31T12:35:32","guid":{"rendered":"http:\/\/bbbweco.cluster031.hosting.ovh.net\/editionsastarte\/produit\/oeuvres-erotiques-completes\/"},"modified":"2023-12-12T22:20:44","modified_gmt":"2023-12-12T21:20:44","slug":"oeuvres-erotiques-completes","status":"publish","type":"product","link":"https:\/\/www.editionsastarte.com\/en\/produit\/oeuvres-erotiques-completes\/","title":{"rendered":"\u0152UVRES \u00c9ROTIQUES COMPL\u00c8TES"},"content":{"rendered":"<p>Guillaume APOLLINAIRE<br \/>\nUn fort volume illustr\u00e9<br \/>\nEn 1934, soit seize ans apr\u00e8s sa mort, paraissent \u2013 sous le manteau \u2013 Les \u0152uvres \u00e9rotiques compl\u00e8tes de Guillaume Apollinaire. Cet ouvrage constitu\u00e9 de trois tomes et rehauss\u00e9 des prodigieuses illustrations de Berthomm\u00e9 Saint-Andr\u00e9 comprenait Les Onze Mille Verges, Les Exploits d&#8217;un jeune Don Juan et Po\u00e9sies. Il n&#8217;a jamais \u00e9t\u00e9 r\u00e9\u00e9dit\u00e9 tel quel depuis. <\/p>\n<p>Hormis les po\u00e9sies o\u00f9 le g\u00e9nie d&#8217;Apollinaire d\u00e9passe tout entendement, le texte phare demeure incontestablement Les Onze Mille Verges, jug\u00e9 \u00ab plus fort que le marquis de Sade \u00bb. Les p\u00e9r\u00e9grinations du prince Vibescu sont ponctu\u00e9es de sc\u00e8nes particuli\u00e8rement inconvenantes, d\u00e9crivant dans une \u00ab joie infernale \u00bb toutes les facettes de la sexualit\u00e9 avec une volont\u00e9 \u00e9vidente d&#8217;\u00e9clectisme : sadisme, masochisme, ondinisme, onanisme, saphisme, vampirisme et surtout surr\u00e9alisme qui, sublimant la crudit\u00e9 du r\u00e9cit, transcende l&#8217;humour plac\u00e9 au tout premier plan. Avec Apollinaire, la question est d\u00e9sormais pos\u00e9e : tout compte fait, l&#8217;Enfer ne serait-il pas joyeux ?<\/p>\n<p>Voici donc l&#8217;int\u00e9gralit\u00e9 des textes \u00e9rotiques de Guillaume Apollinaire, ce pr\u00e9curseur de toutes les avant-gardes, augment\u00e9s d&#8217;analyses permettant de rendre accessible et de clarifier cette \u0153uvre licencieuse, reconnue comme la plus marquante du XXe si\u00e8cle.<\/p>\n<p> &#8212; <\/p>\n<p>\u0152UVRES \u00c9ROTIQUES COMPL\u00c8TES<br \/>\nGuillaume APOLLINAIRE<\/p>\n<p>Soft cover with illustrations<br \/>\nEn 1934, soit seize ans apr\u00e8s sa mort, paraissent \u2013 sous le manteau \u2013 Les \u0152uvres \u00e9rotiques compl\u00e8tes de Guillaume Apollinaire. Cet ouvrage constitu\u00e9 de trois tomes et rehauss\u00e9 des prodigieuses illustrations de Berthomm\u00e9 Saint-Andr\u00e9 comprenait Les Onze Mille Verges, Les Exploits d&#8217;un jeune Don Juan et Po\u00e9sies. Il n&#8217;a jamais \u00e9t\u00e9 r\u00e9\u00e9dit\u00e9 tel quel depuis. <\/p>\n<p>Hormis les po\u00e9sies o\u00f9 le g\u00e9nie d&#8217;Apollinaire d\u00e9passe tout entendement, le texte phare demeure incontestablement Les Onze Mille Verges, jug\u00e9 \u00ab plus fort que le marquis de Sade \u00bb. Les p\u00e9r\u00e9grinations du prince Vibescu sont ponctu\u00e9es de sc\u00e8nes particuli\u00e8rement inconvenantes, d\u00e9crivant dans une \u00ab joie infernale \u00bb toutes les facettes de la sexualit\u00e9 avec une volont\u00e9 \u00e9vidente d&#8217;\u00e9clectisme : sadisme, masochisme, ondinisme, onanisme, saphisme, vampirisme et surtout surr\u00e9alisme qui, sublimant la crudit\u00e9 du r\u00e9cit, transcende l&#8217;humour plac\u00e9 au tout premier plan. Avec Apollinaire, la question est d\u00e9sormais pos\u00e9e : tout compte fait, l&#8217;Enfer ne serait-il pas joyeux ?<\/p>\n<p>Voici donc l&#8217;int\u00e9gralit\u00e9 des textes \u00e9rotiques de Guillaume Apollinaire, ce pr\u00e9curseur de toutes les avant-gardes, augment\u00e9s d&#8217;analyses permettant de rendre accessible et de clarifier cette \u0153uvre licencieuse, reconnue comme la plus marquante du XXe si\u00e8cle.<\/p>\n","protected":false},"excerpt":{"rendered":"<p>Guillaume APOLLINAIRE Un fort volume illustr\u00e9 En 1934, soit seize ans apr\u00e8s sa mort, paraissent \u2013 sous le manteau \u2013 Les \u0152uvres \u00e9rotiques compl\u00e8tes de Guillaume Apollinaire. Cet ouvrage constitu\u00e9 de trois tomes et rehauss\u00e9 des prodigieuses illustrations de Berthomm\u00e9 Saint-Andr\u00e9 comprenait Les Onze Mille Verges, Les Exploits d&#8217;un jeune Don Juan et Po\u00e9sies. Il [&#8230;]\n","protected":false},"featured_media":322,"template":"","meta":[],"product_brand":[],"product_cat":[30],"product_tag":[],"class_list":{"0":"post-323","1":"product","2":"type-product","3":"status-publish","4":"has-post-thumbnail","6":"product_cat-alexandre-dupouy-presente","8":"first","9":"instock","10":"shipping-taxable","11":"purchasable","12":"product-type-simple"},"_links":{"self":[{"href":"https:\/\/www.editionsastarte.com\/en\/wp-json\/wp\/v2\/product\/323","targetHints":{"allow":["GET"]}}],"collection":[{"href":"https:\/\/www.editionsastarte.com\/en\/wp-json\/wp\/v2\/product"}],"about":[{"href":"https:\/\/www.editionsastarte.com\/en\/wp-json\/wp\/v2\/types\/product"}],"wp:featuredmedia":[{"embeddable":true,"href":"https:\/\/www.editionsastarte.com\/en\/wp-json\/wp\/v2\/media\/322"}],"wp:attachment":[{"href":"https:\/\/www.editionsastarte.com\/en\/wp-json\/wp\/v2\/media?parent=323"}],"wp:term":[{"taxonomy":"product_brand","embeddable":true,"href":"https:\/\/www.editionsastarte.com\/en\/wp-json\/wp\/v2\/product_brand?post=323"},{"taxonomy":"product_cat","embeddable":true,"href":"https:\/\/www.editionsastarte.com\/en\/wp-json\/wp\/v2\/product_cat?post=323"},{"taxonomy":"product_tag","embeddable":true,"href":"https:\/\/www.editionsastarte.com\/en\/wp-json\/wp\/v2\/product_tag?post=323"}],"curies":[{"name":"wp","href":"https:\/\/api.w.org\/{rel}","templated":true}]}}