{"id":330,"date":"2023-01-31T13:35:34","date_gmt":"2023-01-31T12:35:34","guid":{"rendered":"http:\/\/bbbweco.cluster031.hosting.ovh.net\/editionsastarte\/produit\/akademia\/"},"modified":"2025-01-12T00:13:03","modified_gmt":"2025-01-11T23:13:03","slug":"akademia","status":"publish","type":"product","link":"https:\/\/www.editionsastarte.com\/en\/produit\/akademia\/","title":{"rendered":"AKADEMIA"},"content":{"rendered":"<p>Herman PUIG<br \/>\nUn volume broch\u00e9, imprim\u00e9 en s\u00e9pia, 80 pages, (21 x 30), publi\u00e9 par Herman Puig<br \/>\nIllustr\u00e9 de 41 photographies de Guglielmo Marconi, Bayard et anonymes.<\/p>\n<p> &#8212; <\/p>\n<p>AKADEMIA<br \/>\nHerman PUIG<\/p>\n<p>Soft cover book, printed in s\u00e9pia, 80 pages, (21 x 30), published by Herman Puig<br \/>\nIllustr\u00e9 de 41 photographies de Guglielmo Marconi, Bayard et anonymes.<\/p>\n","protected":false},"excerpt":{"rendered":"<p>Herman PUIG Un volume broch\u00e9, imprim\u00e9 en s\u00e9pia, 80 pages, (21 x 30), publi\u00e9 par Herman Puig Illustr\u00e9 de 41 photographies de Guglielmo Marconi, Bayard et anonymes. &#8212; AKADEMIA Herman PUIG Soft cover book, printed in s\u00e9pia, 80 pages, (21 x 30), published by Herman Puig Illustr\u00e9 de 41 photographies de Guglielmo Marconi, Bayard et [&#8230;]\n","protected":false},"featured_media":324,"template":"","meta":[],"product_brand":[],"product_cat":[27],"product_tag":[],"class_list":{"0":"post-330","1":"product","2":"type-product","3":"status-publish","4":"has-post-thumbnail","6":"product_cat-la-photographie-erotique","8":"first","9":"instock","10":"shipping-taxable","11":"purchasable","12":"product-type-simple"},"_links":{"self":[{"href":"https:\/\/www.editionsastarte.com\/en\/wp-json\/wp\/v2\/product\/330","targetHints":{"allow":["GET"]}}],"collection":[{"href":"https:\/\/www.editionsastarte.com\/en\/wp-json\/wp\/v2\/product"}],"about":[{"href":"https:\/\/www.editionsastarte.com\/en\/wp-json\/wp\/v2\/types\/product"}],"wp:featuredmedia":[{"embeddable":true,"href":"https:\/\/www.editionsastarte.com\/en\/wp-json\/wp\/v2\/media\/324"}],"wp:attachment":[{"href":"https:\/\/www.editionsastarte.com\/en\/wp-json\/wp\/v2\/media?parent=330"}],"wp:term":[{"taxonomy":"product_brand","embeddable":true,"href":"https:\/\/www.editionsastarte.com\/en\/wp-json\/wp\/v2\/product_brand?post=330"},{"taxonomy":"product_cat","embeddable":true,"href":"https:\/\/www.editionsastarte.com\/en\/wp-json\/wp\/v2\/product_cat?post=330"},{"taxonomy":"product_tag","embeddable":true,"href":"https:\/\/www.editionsastarte.com\/en\/wp-json\/wp\/v2\/product_tag?post=330"}],"curies":[{"name":"wp","href":"https:\/\/api.w.org\/{rel}","templated":true}]}}