{"id":337,"date":"2023-01-31T13:35:35","date_gmt":"2023-01-31T12:35:35","guid":{"rendered":"http:\/\/bbbweco.cluster031.hosting.ovh.net\/editionsastarte\/produit\/le-marteau-de-chair\/"},"modified":"2025-01-17T19:09:35","modified_gmt":"2025-01-17T18:09:35","slug":"le-marteau-de-chair","status":"publish","type":"product","link":"https:\/\/www.editionsastarte.com\/en\/produit\/le-marteau-de-chair\/","title":{"rendered":"LE MARTEAU DE CHAIR"},"content":{"rendered":"[Herv\u00e9 CHAYETTE] Pierre DACIER<br \/>\nUn des 300 exemplaires broch\u00e9s de 148 pages (132 x 215). Le texte est accompagn\u00e9 de vingt-cinq photographies in\u00e9dites d&#8217;Alexandre Dupouy. Pr\u00e9faces d&#8217;Herv\u00e9 Chayette et A. Dupouy.<br \/>\nFixant d\u2019un regard exorbit\u00e9 la feuille que le Savoyard lui tendait, elle se mordait la l\u00e8vre, laissant couler entre ses dents un filet de bave ; la main \u00e0 l\u2019entrejambe, elle entreprit de se branler, d\u2019abord avec une lenteur sournoise, bient\u00f4t dans des convulsions fr\u00e9n\u00e9tiques. Le commissionnaire, dont une bosse significative d\u00e9formait la culotte, passa la planche au commissaire-priseur. Il la regarda sans sourciller, mais devint cramoisi. La collaboratrice assise \u00e0 ses c\u00f4t\u00e9s, ayant \u00e9galement vu la gravure, se pr\u00e9cipita sur la braguette de son patron, mais il la repoussa. Le clerc cependant se branlait sur son proc\u00e8s-verbal. <\/p>\n<p>Info ou intox ? Pierre Dacier, \u00e0 l\u2019abri de son pittoresque pseudonyme, fut-il vraiment commissaire-priseur de la c\u00e9l\u00e9brissime salle des ventes parisienne ou bien l\u2019auteur de cet excellent  ouvrage \u00e9rotique n\u2019a-t-il qu\u2019affabul\u00e9 sur les dessous de l\u2019h\u00f4tel Drouot ?<br \/>\nApr\u00e8s tout qu\u2019importe, seul compte le fait que l\u2019art et le cochon sont ici savamment r\u00e9unis pour le plus grand plaisir des lecteurs avertis\u2026 Adjug\u00e9 !<\/p>\n<p> &#8212; <\/p>\n<p>LE MARTEAU DE CHAIR<br \/>\n[Herv\u00e9 CHAYETTE] Pierre DACIER<\/p>\n<p>Un des 300 exemplaires broch\u00e9s de 148 pages (132 x 215). Le texte est accompagn\u00e9 de vingt-cinq photographies in\u00e9dites d&#8217;Alexandre Dupouy. Pr\u00e9faces d&#8217;Herv\u00e9 Chayette et A. Dupouy.<br \/>\nFixant d\u2019un regard exorbit\u00e9 la feuille que le Savoyard lui tendait, elle se mordait la l\u00e8vre, laissant couler entre ses dents un filet de bave ; la main \u00e0 l\u2019entrejambe, elle entreprit de se branler, d\u2019abord avec une lenteur sournoise, bient\u00f4t dans des convulsions fr\u00e9n\u00e9tiques. Le commissionnaire, dont une bosse significative d\u00e9formait la culotte, passa la planche au commissaire-priseur. Il la regarda sans sourciller, mais devint cramoisi. La collaboratrice assise \u00e0 ses c\u00f4t\u00e9s, ayant \u00e9galement vu la gravure, se pr\u00e9cipita sur la braguette de son patron, mais il la repoussa. Le clerc cependant se branlait sur son proc\u00e8s-verbal. <\/p>\n<p>Info ou intox ? Pierre Dacier, \u00e0 l\u2019abri de son pittoresque pseudonyme, fut-il vraiment commissaire-priseur de la c\u00e9l\u00e9brissime salle des ventes parisienne ou bien l\u2019auteur de cet excellent  ouvrage \u00e9rotique n\u2019a-t-il qu\u2019affabul\u00e9 sur les dessous de l\u2019h\u00f4tel Drouot ?<br \/>\nApr\u00e8s tout qu\u2019importe, seul compte le fait que l\u2019art et le cochon sont ici savamment r\u00e9unis pour le plus grand plaisir des lecteurs avertis\u2026 Adjug\u00e9 !<\/p>\n","protected":false},"excerpt":{"rendered":"[Herv\u00e9 CHAYETTE] Pierre DACIER Un des 300 exemplaires broch\u00e9s de 148 pages (132 x 215). Le texte est accompagn\u00e9 de vingt-cinq photographies in\u00e9dites d&#8217;Alexandre Dupouy. Pr\u00e9faces d&#8217;Herv\u00e9 Chayette et A. Dupouy. Fixant d\u2019un regard exorbit\u00e9 la feuille que le Savoyard lui tendait, elle se mordait la l\u00e8vre, laissant couler entre ses dents un filet de [&#8230;]\n","protected":false},"featured_media":331,"template":"","meta":[],"product_brand":[],"product_cat":[20],"product_tag":[],"class_list":{"0":"post-337","1":"product","2":"type-product","3":"status-publish","4":"has-post-thumbnail","6":"product_cat-lart-dans-lerotisme","8":"first","9":"instock","10":"shipping-taxable","11":"purchasable","12":"product-type-simple"},"_links":{"self":[{"href":"https:\/\/www.editionsastarte.com\/en\/wp-json\/wp\/v2\/product\/337","targetHints":{"allow":["GET"]}}],"collection":[{"href":"https:\/\/www.editionsastarte.com\/en\/wp-json\/wp\/v2\/product"}],"about":[{"href":"https:\/\/www.editionsastarte.com\/en\/wp-json\/wp\/v2\/types\/product"}],"wp:featuredmedia":[{"embeddable":true,"href":"https:\/\/www.editionsastarte.com\/en\/wp-json\/wp\/v2\/media\/331"}],"wp:attachment":[{"href":"https:\/\/www.editionsastarte.com\/en\/wp-json\/wp\/v2\/media?parent=337"}],"wp:term":[{"taxonomy":"product_brand","embeddable":true,"href":"https:\/\/www.editionsastarte.com\/en\/wp-json\/wp\/v2\/product_brand?post=337"},{"taxonomy":"product_cat","embeddable":true,"href":"https:\/\/www.editionsastarte.com\/en\/wp-json\/wp\/v2\/product_cat?post=337"},{"taxonomy":"product_tag","embeddable":true,"href":"https:\/\/www.editionsastarte.com\/en\/wp-json\/wp\/v2\/product_tag?post=337"}],"curies":[{"name":"wp","href":"https:\/\/api.w.org\/{rel}","templated":true}]}}