{"id":339,"date":"2023-01-31T13:35:35","date_gmt":"2023-01-31T12:35:35","guid":{"rendered":"http:\/\/bbbweco.cluster031.hosting.ovh.net\/editionsastarte\/produit\/ostra-loeuvre-secrete-des-freres-biederer-cineastes-clandestins-des-annees-30\/"},"modified":"2026-04-07T19:39:17","modified_gmt":"2026-04-07T17:39:17","slug":"ostra-loeuvre-secrete-des-freres-biederer-cineastes-clandestins-des-annees-30","status":"publish","type":"product","link":"https:\/\/www.editionsastarte.com\/en\/produit\/ostra-loeuvre-secrete-des-freres-biederer-cineastes-clandestins-des-annees-30\/","title":{"rendered":"OSTRA L&#8217;\u0152uvre secr\u00e8te des fr\u00e8res Biederer. Cin\u00e9astes clandestins des ann\u00e9es 30"},"content":{"rendered":"<p>L&#8217;Anthologie \u00c9rotique du Cin\u00e9ma Clandestin 8<br \/>\nTitres des films s\u00e9lectionn\u00e9s. Consolation lesbienne, \u00c9l\u00e8ves d\u00e9sob\u00e9issantes, Le garde-champ\u00eatre, Massages, Le coiffeur, Dressage au fouet, Sous les caresses du martinet, Deux bonnes voyeuses, La nouvelle secr\u00e9taire, Le retour du balafr\u00e9, On a trouv\u00e9 une valise, Le boudoir<br \/>\net quatorze autres films.<\/p>\n<p>26 COURTS M\u00c9TRAGES en 91 MINUTES + BONUS d\u2019images extraites de nos archives &#038; pr\u00e9sentation avec extraits d\u2019autres dvd de l\u2019anthologie<br \/>\nAu cours des ann\u00e9es 30, les fr\u00e8res Biederer ont commercialis\u00e9 quelques milliers de photographies et quelques dizaines de films. Ces images* et ces courts-m\u00e9trages sont le t\u00e9moignage d\u2019une \u0153uvre f\u00e9tichiste r\u00e9alis\u00e9e pendant ces ann\u00e9es dites \u00ab folles \u00bb qui furent avant tout une joyeuse extase euphorique avec l\u2019\u00e9rotisme au premier plan dans toute sa diversit\u00e9. Pour illustrer cette particularit\u00e9, \u00e0 l\u2019abri d\u2019un atelier discret, deux fr\u00e8res, quelques danseuses de music-hall ou prostitu\u00e9es des grands lupanars parisiens interpr\u00e9t\u00e8rent sans r\u00e9serve ni pudicit\u00e9 les fantasmes et fantaisies de leurs contemporains.<\/p>\n<p>*cf : Alexandre Dupouy, Les \u00e9ditions Ostra, Astart\u00e9, 2007.<\/p>\n<p> &#8212; <\/p>\n<p>OSTRA L&#8217;\u0152uvre secr\u00e8te des fr\u00e8res Biederer. Cin\u00e9astes clandestins des ann\u00e9es 30<br \/>\nL&#8217;Anthologie \u00c9rotique du Cin\u00e9ma Clandestin 8<\/p>\n<p>Lesbian comforting, Disobedient students, The village policeman , Massages, The hairdresser, Raising with the whip, The tender caress of the cat o\u2019 nine tails, Two peeping Tom maids, The new secretary, Scarface returns, We found a suitcase, Swinging sacristy and fourteen other movies<\/p>\n<p>26 COURTS M\u00c9TRAGES en 91 MINUTES + BONUS D\u2019images extraites de nos archives &#038; pr\u00e9sentation avec extraits d\u2019autres dvd de l\u2019anthologie<br \/>\ndvd presentation and captions inside the films are fully translated into english<\/p>\n<p>During the 1930\u2019s, the Biederer brothers sold a few thousand photographs and a few dozen films, still undercover. The pictures* and films here presented bear witness to a fetishist work that was produced at a time when pleasure reached a climax. After the horrors of the First World War, no authority could constrain the survivors to moral rigidity. The so-called \u201cCrazy\u201d Years were above all else a euphoric happy ecstasy where eroticism -in all its diversity- was in the limelight. So as to illustrate this feature, working undercover in a discreet studio, two brothers, music-hall dancers or prostitutes of the greatest Paris brothels made pictures, reflecting the fantasy of their contemporaries<\/p>\n<p>*cf : Alexandre Dupouy, Les \u00e9ditions Ostra, Astart\u00e9, 2007.<\/p>\n","protected":false},"excerpt":{"rendered":"<p>L&#8217;Anthologie \u00c9rotique du Cin\u00e9ma Clandestin 8 Titres des films s\u00e9lectionn\u00e9s. Consolation lesbienne, \u00c9l\u00e8ves d\u00e9sob\u00e9issantes, Le garde-champ\u00eatre, Massages, Le coiffeur, Dressage au fouet, Sous les caresses du martinet, Deux bonnes voyeuses, La nouvelle secr\u00e9taire, Le retour du balafr\u00e9, On a trouv\u00e9 une valise, Le boudoir et quatorze autres films. 26 COURTS M\u00c9TRAGES en 91 MINUTES + [&#8230;]\n","protected":false},"featured_media":338,"template":"","meta":[],"product_brand":[],"product_cat":[22],"product_tag":[],"class_list":{"0":"post-339","1":"product","2":"type-product","3":"status-publish","4":"has-post-thumbnail","6":"product_cat-anthologie-erotique-du-cinema-clandestin","8":"first","9":"instock","10":"shipping-taxable","11":"purchasable","12":"product-type-simple"},"_links":{"self":[{"href":"https:\/\/www.editionsastarte.com\/en\/wp-json\/wp\/v2\/product\/339","targetHints":{"allow":["GET"]}}],"collection":[{"href":"https:\/\/www.editionsastarte.com\/en\/wp-json\/wp\/v2\/product"}],"about":[{"href":"https:\/\/www.editionsastarte.com\/en\/wp-json\/wp\/v2\/types\/product"}],"wp:featuredmedia":[{"embeddable":true,"href":"https:\/\/www.editionsastarte.com\/en\/wp-json\/wp\/v2\/media\/338"}],"wp:attachment":[{"href":"https:\/\/www.editionsastarte.com\/en\/wp-json\/wp\/v2\/media?parent=339"}],"wp:term":[{"taxonomy":"product_brand","embeddable":true,"href":"https:\/\/www.editionsastarte.com\/en\/wp-json\/wp\/v2\/product_brand?post=339"},{"taxonomy":"product_cat","embeddable":true,"href":"https:\/\/www.editionsastarte.com\/en\/wp-json\/wp\/v2\/product_cat?post=339"},{"taxonomy":"product_tag","embeddable":true,"href":"https:\/\/www.editionsastarte.com\/en\/wp-json\/wp\/v2\/product_tag?post=339"}],"curies":[{"name":"wp","href":"https:\/\/api.w.org\/{rel}","templated":true}]}}