{"id":34,"date":"2023-01-31T13:34:44","date_gmt":"2023-01-31T12:34:44","guid":{"rendered":"http:\/\/bbbweco.cluster031.hosting.ovh.net\/editionsastarte\/produit\/les-editions-ostralage-dor-du-fetichisme\/"},"modified":"2026-01-05T21:05:55","modified_gmt":"2026-01-05T20:05:55","slug":"les-editions-ostralage-dor-du-fetichisme","status":"publish","type":"product","link":"https:\/\/www.editionsastarte.com\/en\/produit\/les-editions-ostralage-dor-du-fetichisme\/","title":{"rendered":"LES \u00c9DITIONS OSTRA<br>l\u2019\u00c2ge d\u2019Or du F\u00e9tichisme"},"content":{"rendered":"<p>Alexandre DUPOUY<br \/>\nUn des 2000 ex. reli\u00e9s de 280 pages (19 x 27), impression en quadrichromie<br \/>\nCurieux projet de concevoir un livre sur une maison d\u2019\u00e9dition qui n\u2019existe pas, dont on ne trouve aucune trace administrative ou publicitaire, et sur son photographe n\u2019ayant publi\u00e9 gu\u00e8re plus d\u2019une dizaine d\u2019images sign\u00e9es. Malgr\u00e9 tout, un millier de clich\u00e9s a pu \u00eatre s\u00e9lectionn\u00e9 pour cet ouvrage parmi la collection impressionnante qui a \u00e9t\u00e9 rassembl\u00e9e, t\u00e9moignage d\u00e9mesur\u00e9 d\u2019une \u0153uvre f\u00e9tichiste apparue \u00e0 une p\u00e9riode o\u00f9 le plaisir touchait \u00e0 son paroxysme. A l\u2019abri d\u2019un atelier discret, un photographe \u2013 confr\u00e8re de Brassa\u00ef et Germaine Krull \u2013, quelques danseuses de music-hall ou prostitu\u00e9es des grands lupanars parisiens r\u00e9alisaient des images, reflets des fantasmes et fantaisies de leurs contemporains.<br \/>Apr\u00e8s trente ans de recherche, douze ans apr\u00e8s la publication d\u2019Yva Richard, Alexandre Dupouy nous d\u00e9voile ce deuxi\u00e8me volet de L\u2019\u00e2ge d\u2019or du f\u00e9tichisme, d\u00e9sireux de partager sa passion pour ces protagonistes quasi anonymes \u00e0 l\u2019origine de ce d\u00e9licieux d\u00e9lire glac\u00e9, permettant ainsi de nous \u00e9clairer sur cette \u00e9ph\u00e9m\u00e8re bacchanale, tr\u00eave libertine entre deux tourmentes.<\/p>\n<p> &#8212; <\/p>\n<p>LES \u00c9DITIONS OSTRA<br \/>l\u2019\u00c2ge d\u2019Or du F\u00e9tichisme<br \/>\nAlexandre DUPOUY<\/p>\n<p>One of 2,000 hardcover copies, 19 by 27 cm, printed in four colors<br \/>\nWhat a strange idea is to make a book about a publishing house that does not exist, with no administrative or advertising track, and about its photographer who did not publish more than a dozen hand signed pictures. Still, about a thousand photographs have been selected for this book among the impressive collection which was gathered, disproportional evidence of a fetishist work of art that appeared at a time when pleasure reached its climax. Sheltered in a discreet workshop, a photographer \u2013 colleague of Brassa\u00ef and Germaine Krull \u2013 and a few music-hall dancers or prostitutes from the major Parisian brothels, would make pictures, reflecting the fantasies of their contemporaries. .<br \/>After thirty years of research, twelve years after the publication of Yva Richard, Alexandre Dupouy unveils the second part of the Golden Age of Fetishism, desirous to share his passion for these nearly anonymous protagonists who gave birth to this glossy fever, enlightening us about this ephemeral bacchanal, a libertine respite between two storms.<\/p>\n","protected":false},"excerpt":{"rendered":"<p>Alexandre DUPOUY Un des 2000 ex. reli\u00e9s de 280 pages (19 x 27), impression en quadrichromie Curieux projet de concevoir un livre sur une maison d\u2019\u00e9dition qui n\u2019existe pas, dont on ne trouve aucune trace administrative ou publicitaire, et sur son photographe n\u2019ayant publi\u00e9 gu\u00e8re plus d\u2019une dizaine d\u2019images sign\u00e9es. Malgr\u00e9 tout, un millier de [&#8230;]\n","protected":false},"featured_media":30,"template":"","meta":[],"product_brand":[],"product_cat":[18],"product_tag":[],"class_list":{"0":"post-34","1":"product","2":"type-product","3":"status-publish","4":"has-post-thumbnail","6":"product_cat-les-archives-de-la-photographie-erotique","8":"first","9":"instock","10":"shipping-taxable","11":"purchasable","12":"product-type-simple"},"_links":{"self":[{"href":"https:\/\/www.editionsastarte.com\/en\/wp-json\/wp\/v2\/product\/34","targetHints":{"allow":["GET"]}}],"collection":[{"href":"https:\/\/www.editionsastarte.com\/en\/wp-json\/wp\/v2\/product"}],"about":[{"href":"https:\/\/www.editionsastarte.com\/en\/wp-json\/wp\/v2\/types\/product"}],"wp:featuredmedia":[{"embeddable":true,"href":"https:\/\/www.editionsastarte.com\/en\/wp-json\/wp\/v2\/media\/30"}],"wp:attachment":[{"href":"https:\/\/www.editionsastarte.com\/en\/wp-json\/wp\/v2\/media?parent=34"}],"wp:term":[{"taxonomy":"product_brand","embeddable":true,"href":"https:\/\/www.editionsastarte.com\/en\/wp-json\/wp\/v2\/product_brand?post=34"},{"taxonomy":"product_cat","embeddable":true,"href":"https:\/\/www.editionsastarte.com\/en\/wp-json\/wp\/v2\/product_cat?post=34"},{"taxonomy":"product_tag","embeddable":true,"href":"https:\/\/www.editionsastarte.com\/en\/wp-json\/wp\/v2\/product_tag?post=34"}],"curies":[{"name":"wp","href":"https:\/\/api.w.org\/{rel}","templated":true}]}}