{"id":341,"date":"2023-01-31T13:35:35","date_gmt":"2023-01-31T12:35:35","guid":{"rendered":"http:\/\/bbbweco.cluster031.hosting.ovh.net\/editionsastarte\/produit\/loin-du-bal\/"},"modified":"2026-04-07T19:39:36","modified_gmt":"2026-04-07T17:39:36","slug":"loin-du-bal","status":"publish","type":"product","link":"https:\/\/www.editionsastarte.com\/en\/produit\/loin-du-bal\/","title":{"rendered":"LOIN DU BAL"},"content":{"rendered":"<p>L&#8217;Anthologie \u00c9rotique<br \/>du Cin\u00e9ma Clandestin 1<br \/>\n75 minutes de film + bonus : 200 images extraites de nos archives &#038; pr\u00e9sentation avec extraits des 5 autres DVD<br \/>\n12 COURTS M\u00c9TRAGES <i> Loin du Bal, pr\u00e8s du Pal &#8211; Les Privil\u00e8ges du Harem &#8211; En Carafe &#8211; La Recherche de l\u2019Inspiration &#8211; Cocktail \u00e0 Trois &#8211; Le Peintre &#8211; La Veill\u00e9e chez les Dames Ote &#8211; R\u00eave d&#8217;Opium &#8211; Jeux Innocents &#8211; Nuit de Prince &#8211; Chaude Vengeance &#8211; Sacristie en D\u00e9lire <\/i><\/p>\n<p> &#8212; <\/p>\n<p>FROM BALLROOM<br \/>\nThe Erotic Anthology<br \/>of Clandestine Films 1<\/p>\n<p>75 minutes of film + extras: 200 pictures from our<br \/>\narchives &#038; presentation including excerpts from five other DVDs.<br \/>\n12 SHORTS FILMS <i> From ballroom, to paleroom &#8211; Harem privil\u00e8ges &#8211; Stuck  &#8211; The pleasures of an artist\u2019s life &#8211; Cocktails for three &#8211; The painter &#8211; Evening with the hosting Ladies &#8211; Opium dream &#8211; Innocent plays &#8211; Princely night &#8211; Hot Revenge &#8211; Swinging sacristy<\/p>\n","protected":false},"excerpt":{"rendered":"<p>L&#8217;Anthologie \u00c9rotiquedu Cin\u00e9ma Clandestin 1 75 minutes de film + bonus : 200 images extraites de nos archives &#038; pr\u00e9sentation avec extraits des 5 autres DVD 12 COURTS M\u00c9TRAGES Loin du Bal, pr\u00e8s du Pal &#8211; Les Privil\u00e8ges du Harem &#8211; En Carafe &#8211; La Recherche de l\u2019Inspiration &#8211; Cocktail \u00e0 Trois &#8211; Le Peintre [&#8230;]\n","protected":false},"featured_media":340,"template":"","meta":[],"product_brand":[],"product_cat":[22],"product_tag":[],"class_list":{"0":"post-341","1":"product","2":"type-product","3":"status-publish","4":"has-post-thumbnail","6":"product_cat-anthologie-erotique-du-cinema-clandestin","8":"first","9":"instock","10":"shipping-taxable","11":"purchasable","12":"product-type-simple"},"_links":{"self":[{"href":"https:\/\/www.editionsastarte.com\/en\/wp-json\/wp\/v2\/product\/341","targetHints":{"allow":["GET"]}}],"collection":[{"href":"https:\/\/www.editionsastarte.com\/en\/wp-json\/wp\/v2\/product"}],"about":[{"href":"https:\/\/www.editionsastarte.com\/en\/wp-json\/wp\/v2\/types\/product"}],"wp:featuredmedia":[{"embeddable":true,"href":"https:\/\/www.editionsastarte.com\/en\/wp-json\/wp\/v2\/media\/340"}],"wp:attachment":[{"href":"https:\/\/www.editionsastarte.com\/en\/wp-json\/wp\/v2\/media?parent=341"}],"wp:term":[{"taxonomy":"product_brand","embeddable":true,"href":"https:\/\/www.editionsastarte.com\/en\/wp-json\/wp\/v2\/product_brand?post=341"},{"taxonomy":"product_cat","embeddable":true,"href":"https:\/\/www.editionsastarte.com\/en\/wp-json\/wp\/v2\/product_cat?post=341"},{"taxonomy":"product_tag","embeddable":true,"href":"https:\/\/www.editionsastarte.com\/en\/wp-json\/wp\/v2\/product_tag?post=341"}],"curies":[{"name":"wp","href":"https:\/\/api.w.org\/{rel}","templated":true}]}}