{"id":343,"date":"2023-01-31T13:35:35","date_gmt":"2023-01-31T12:35:35","guid":{"rendered":"http:\/\/bbbweco.cluster031.hosting.ovh.net\/editionsastarte\/produit\/tulipe\/"},"modified":"2026-04-07T19:40:04","modified_gmt":"2026-04-07T17:40:04","slug":"tulipe","status":"publish","type":"product","link":"https:\/\/www.editionsastarte.com\/en\/produit\/tulipe\/","title":{"rendered":"TULIPE"},"content":{"rendered":"<p>L&#8217;Anthologie \u00c9rotique<br \/>du Cin\u00e9ma Clandestin 3<br \/>\n78 minutes de film + bonus : 200 images extraites de nos archives &#038; pr\u00e9sentation avec extraits des 5 autres DVD<br \/>\n12 COURTS M\u00c9TRAGES <i>Tulipe &#8211; Le\u00e7on d\u2019Amour dans un Pavillon &#8211; La Con Fesse d\u2019une Vierge  &#8211; Plaisirs champ\u00eatres &#8211; La Baignade &#8211; L\u2019\u00c9cole De danse \u201cAu M\u00e2t dress\u00e9\u201d  &#8211; Le Jardinier se rince l\u2019\u0153il &#8211; Un Poker original &#8211; H\u00f4tel Excelsior  &#8211; Le Collecteur de Dettes &#8211; Quand le Voisin se distrait <\/i><\/p>\n<p> &#8212; <\/p>\n<p>TULIP<br \/>\nThe Erotic Anthology<br \/>of Clandestine Films 3<\/p>\n<p>78 minutes of film + extras: 200 pictures from our<br \/>\narchives &#038; presentation including excerpts from five other DVDs.<br \/>\n12 SHORTS FILMS <i> Tulip &#8211; Love lesson in the lodge &#8211; A virgin cuntfesses  &#8211; Outdoor pleasures &#8211; The dip &#8211; Hycocks dancing school &#8211; The gardener gets an eyeful &#8211; An original game of poker &#8211; The Excelsior Hotel &#8211; The debt collector &#8211; The neighbour\u2019s diversion<\/p>\n","protected":false},"excerpt":{"rendered":"<p>L&#8217;Anthologie \u00c9rotiquedu Cin\u00e9ma Clandestin 3 78 minutes de film + bonus : 200 images extraites de nos archives &#038; pr\u00e9sentation avec extraits des 5 autres DVD 12 COURTS M\u00c9TRAGES Tulipe &#8211; Le\u00e7on d\u2019Amour dans un Pavillon &#8211; La Con Fesse d\u2019une Vierge &#8211; Plaisirs champ\u00eatres &#8211; La Baignade &#8211; L\u2019\u00c9cole De danse \u201cAu M\u00e2t dress\u00e9\u201d [&#8230;]\n","protected":false},"featured_media":342,"template":"","meta":[],"product_brand":[],"product_cat":[22],"product_tag":[],"class_list":{"0":"post-343","1":"product","2":"type-product","3":"status-publish","4":"has-post-thumbnail","6":"product_cat-anthologie-erotique-du-cinema-clandestin","8":"first","9":"instock","10":"shipping-taxable","11":"purchasable","12":"product-type-simple"},"_links":{"self":[{"href":"https:\/\/www.editionsastarte.com\/en\/wp-json\/wp\/v2\/product\/343","targetHints":{"allow":["GET"]}}],"collection":[{"href":"https:\/\/www.editionsastarte.com\/en\/wp-json\/wp\/v2\/product"}],"about":[{"href":"https:\/\/www.editionsastarte.com\/en\/wp-json\/wp\/v2\/types\/product"}],"wp:featuredmedia":[{"embeddable":true,"href":"https:\/\/www.editionsastarte.com\/en\/wp-json\/wp\/v2\/media\/342"}],"wp:attachment":[{"href":"https:\/\/www.editionsastarte.com\/en\/wp-json\/wp\/v2\/media?parent=343"}],"wp:term":[{"taxonomy":"product_brand","embeddable":true,"href":"https:\/\/www.editionsastarte.com\/en\/wp-json\/wp\/v2\/product_brand?post=343"},{"taxonomy":"product_cat","embeddable":true,"href":"https:\/\/www.editionsastarte.com\/en\/wp-json\/wp\/v2\/product_cat?post=343"},{"taxonomy":"product_tag","embeddable":true,"href":"https:\/\/www.editionsastarte.com\/en\/wp-json\/wp\/v2\/product_tag?post=343"}],"curies":[{"name":"wp","href":"https:\/\/api.w.org\/{rel}","templated":true}]}}